{"id":11222,"date":"2026-03-30T23:11:37","date_gmt":"2026-03-30T21:11:37","guid":{"rendered":"https:\/\/www.biokari.sk\/produkt\/naturmind-bezlepkova-muka-z-ovsenych-vlociek-500g\/"},"modified":"2026-04-30T19:01:22","modified_gmt":"2026-04-30T17:01:22","slug":"naturmind-bezlepkova-muka-z-ovsenych-vlociek-500g","status":"publish","type":"product","link":"https:\/\/www.biokari.sk\/en\/product\/naturmind-bezlepkova-muka-z-ovsenych-vlociek-500g\/","title":{"rendered":"Naturmind Bezlepkov\u00e1 m\u00faka z ovsen\u00fdch vlo\u010diek 500g"},"content":{"rendered":"<p><strong>Ovsen\u00e1 m\u00faka<\/strong>&nbsp;je v\u00fd\u017eivn\u00e1 a v\u0161estrann\u00e1 surovina vyroben\u00e1 zo 100 % ovsa, ktor\u00e1 si aj po spracovan\u00ed zachov\u00e1va svoje prirodzen\u00e9 hodnoty. Ovos patr\u00ed medzi mimoriadne cenn\u00e9 obilniny s vysok\u00fdm obsahom&nbsp;<strong>bielkov\u00edn a vl\u00e1kniny<\/strong>, v\u010faka \u010domu je ide\u00e1lnou vo\u013ebou pre zdrav\u00fd a vyv\u00e1\u017een\u00fd \u017eivotn\u00fd \u0161t\u00fdl. Ide o&nbsp;<strong>plnohodnotn\u00fa obiln\u00fa m\u00faku<\/strong>, ktor\u00e1 m\u00f4\u017ee vhodne nahradi\u0165 klasick\u00fa p\u0161eni\u010dn\u00fa m\u00faku s ni\u017e\u0161\u00edm obsahom vl\u00e1kniny.<\/p>\n\n\n\n<p>V porovnan\u00ed s in\u00fdmi obiln\u00fdmi m\u00fakami obsahuje menej \u0161krobu a viac&nbsp;<strong>vl\u00e1kniny, bielkov\u00edn a tukov<\/strong>, \u010do prispieva k pomal\u0161iemu zvy\u0161ovaniu hladiny cukru v krvi. V\u010faka tomu je vhodn\u00e1 aj pre osoby, ktor\u00e9 si str\u00e1\u017eia pr\u00edjem sacharidov. Vysok\u00fd obsah vl\u00e1kniny podporuje&nbsp;<strong>spr\u00e1vne tr\u00e1venie<\/strong>, pom\u00e1ha predch\u00e1dza\u0165 z\u00e1pche a beta-gluk\u00e1ny zohr\u00e1vaj\u00fa d\u00f4le\u017eit\u00fa \u00falohu pri&nbsp;<strong>zni\u017eovan\u00ed hladiny cholesterolu<\/strong>.<\/p>\n\n\n\n<p>Aj ke\u010f ovos prirodzene neobsahuje lepok, m\u00f4\u017ee d\u00f4js\u0165 ku kontamin\u00e1cii po\u010das pestovania alebo spracovania. Preto sa pri bezlepkovej di\u00e9te odpor\u00fa\u010da vybera\u0165 produkty ozna\u010den\u00e9 ako&nbsp;<strong>bezlepkov\u00e9<\/strong>.<\/p>\n\n\n\n<p><strong>Composition:<\/strong>&nbsp;ovsen\u00e1 m\u00faka.<\/p>\n\n\n\n<p><strong>Application:<\/strong>&nbsp;vhodn\u00e1 na pr\u00edpravu&nbsp;<strong>kol\u00e1\u010dov, palaciniek, su\u0161ienok, pizze \u010di placiek<\/strong>, ako aj na&nbsp;<strong>zahus\u0165ovanie jed\u00e1l, oba\u013eovanie alebo pr\u00edpravu fa\u0161\u00edrok<\/strong>. Pri pr\u00edprave kysnut\u00fdch ciest a chleba sa odpor\u00fa\u010da kombinova\u0165 ju s in\u00fdm typom m\u00faky, preto\u017ee samotn\u00e1 nevytv\u00e1ra tak pru\u017en\u00e9 cesto ako p\u0161eni\u010dn\u00e1 m\u00faka.<\/p>\n\n\n\n<p><strong>V\u00fd\u017eivov\u00e9 hodnoty v 100 g:<\/strong>&nbsp;energia&nbsp;<strong>1550 kJ \/ 370 kcal<\/strong>, tuky&nbsp;<strong>8 g<\/strong>, z toho nas\u00fdten\u00e9 mastn\u00e9 kyseliny&nbsp;<strong>1,6 g<\/strong>, sacharidy&nbsp;<strong>55 g<\/strong>, z toho cukry&nbsp;<strong>1,2 g<\/strong>, bielkoviny&nbsp;<strong>14 g<\/strong>, so\u013e&nbsp;<strong>0 g<\/strong>. Produkt je&nbsp;<strong>bohat\u00fd na vl\u00e1kninu<\/strong>.<\/p>\n\n\n\n<p><strong>Storage:<\/strong>&nbsp;uchov\u00e1vajte na&nbsp;<strong>suchom a chladnom mieste<\/strong>.<\/p>\n\n\n\n<p><strong>Country of origin:<\/strong>&nbsp;uveden\u00e1 na obale.<\/p>\n\n\n\n<p>Napriek maxim\u00e1lnej snahe o presnos\u0165 \u00fadajov sa m\u00f4\u017eu inform\u00e1cie meni\u0165, preto odpor\u00fa\u010dame v\u017edy riadi\u0165 sa \u00fadajmi uveden\u00fdmi priamo na obale produktu.<\/p>\n\n\n\n<p><strong>Weight:<\/strong>&nbsp;<strong>500 g<\/strong><\/p>\n\n\n\n<p><\/p>","protected":false},"excerpt":{"rendered":"<p>Ovsen\u00e1 m\u00faka je v\u00fd\u017eivn\u00e1 a v\u0161estrann\u00e1 surovina vyroben\u00e1 zo 100 % ovsa, ktor\u00e1 si aj po spracovan\u00ed zachov\u00e1va svoje prirodzen\u00e9 hodnoty&#8230;. <a href=\"#tab-description\" class=\"more-link\">Read more<\/a><\/p>","protected":false},"featured_media":11224,"comment_status":"open","ping_status":"closed","template":"","meta":{"inline_featured_image":false},"product_brand":[283],"product_cat":[316,332,71,166],"product_tag":[],"class_list":{"0":"post-11222","1":"product","2":"type-product","3":"status-publish","4":"has-post-thumbnail","6":"product_brand-biorganik-naturmind","7":"product_cat-bezlepkove-vyrobky","8":"product_cat-muky-a-melivo","9":"product_cat-potraviny","10":"product_cat-muky","12":"first","13":"instock","14":"taxable","15":"shipping-taxable","16":"purchasable","17":"product-type-simple"},"aioseo_notices":[],"_links":{"self":[{"href":"https:\/\/www.biokari.sk\/en\/wp-json\/wp\/v2\/product\/11222","targetHints":{"allow":["GET"]}}],"collection":[{"href":"https:\/\/www.biokari.sk\/en\/wp-json\/wp\/v2\/product"}],"about":[{"href":"https:\/\/www.biokari.sk\/en\/wp-json\/wp\/v2\/types\/product"}],"replies":[{"embeddable":true,"href":"https:\/\/www.biokari.sk\/en\/wp-json\/wp\/v2\/comments?post=11222"}],"wp:featuredmedia":[{"embeddable":true,"href":"https:\/\/www.biokari.sk\/en\/wp-json\/wp\/v2\/media\/11224"}],"wp:attachment":[{"href":"https:\/\/www.biokari.sk\/en\/wp-json\/wp\/v2\/media?parent=11222"}],"wp:term":[{"taxonomy":"product_brand","embeddable":true,"href":"https:\/\/www.biokari.sk\/en\/wp-json\/wp\/v2\/product_brand?post=11222"},{"taxonomy":"product_cat","embeddable":true,"href":"https:\/\/www.biokari.sk\/en\/wp-json\/wp\/v2\/product_cat?post=11222"},{"taxonomy":"product_tag","embeddable":true,"href":"https:\/\/www.biokari.sk\/en\/wp-json\/wp\/v2\/product_tag?post=11222"}],"curies":[{"name":"wp","href":"https:\/\/api.w.org\/{rel}","templated":true}]}}