{"id":11230,"date":"2026-03-30T23:26:19","date_gmt":"2026-03-30T21:26:19","guid":{"rendered":"https:\/\/www.biokari.sk\/produkt\/moo-free-biely-cokolydovy-vajec-s-kuskami-keksiky-135g\/"},"modified":"2026-04-01T19:02:34","modified_gmt":"2026-04-01T17:02:34","slug":"moo-free-biely-cokolydovy-vajec-s-kuskami-keksiky-135g","status":"publish","type":"product","link":"https:\/\/www.biokari.sk\/en\/product\/moo-free-biely-cokolydovy-vajec-s-kuskami-keksiky-135g\/","title":{"rendered":"Moo free Biel\u00fd \u010dokol\u00fddov\u00fd vajec s k\u00faskami keks\u00edky 135g"},"content":{"rendered":"<p><strong>Moo Free veg\u00e1nska biela \u010dokol\u00e1dov\u00e1 ty\u010dinka a vajec s cookie k\u00faskami<\/strong>\u00a0je lahodn\u00e1 sladkos\u0165 bez mlieka, ktor\u00e1 pote\u0161\u00ed v\u0161etk\u00fdch milovn\u00edkov jemnej \u010dokol\u00e1dy. V\u010faka svojej kr\u00e9movej text\u00fare a chrumkav\u00fdm k\u00faskom su\u0161ienok pon\u00faka dokonal\u00fd chu\u0165ov\u00fd z\u00e1\u017eitok bez kompromisov. Produkt je\u00a0<strong>bez mlieka, lepku a s\u00f3je<\/strong>, a je plne vhodn\u00fd pre\u00a0<strong>veg\u00e1nsku stravu<\/strong>.<\/p>\n\n\n\n<p>Na v\u00fdrobu sa pou\u017e\u00edvaj\u00fa kvalitn\u00e9 suroviny vr\u00e1tane kakaov\u00e9ho masla s certifik\u00e1ciou&nbsp;<strong>Rainforest Alliance<\/strong>, \u010do zaru\u010duje zodpovedn\u00fd pr\u00edstup k \u017eivotn\u00e9mu prostrediu aj pestovate\u013eom.<\/p>\n\n\n\n<p><strong>Composition:<\/strong>&nbsp;cukor, ry\u017eov\u00e1 m\u00faka, kakaov\u00e9 maslo*, bambuck\u00fd olej, n\u00edzkotu\u010dn\u00fd kakaov\u00fd pr\u00e1\u0161ok, pr\u00edrodn\u00e1 ar\u00f3ma, emulg\u00e1tor: slne\u010dnicov\u00fd lecit\u00edn, so\u013e.<br>*Rainforest Alliance certifikovan\u00e9.<\/p>\n\n\n\n<p><strong>Allergens:<\/strong>&nbsp;neobsahuje.<\/p>\n\n\n\n<p><strong>V\u00fd\u017eivov\u00e9 hodnoty v 100 g:<\/strong>&nbsp;energia&nbsp;<strong>2352 kJ \/ 563 kcal<\/strong>, tuky&nbsp;<strong>34,7 g<\/strong>, z toho nas\u00fdten\u00e9 mastn\u00e9 kyseliny&nbsp;<strong>20,8 g<\/strong>, sacharidy&nbsp;<strong>60,6 g<\/strong>, z toho cukry&nbsp;<strong>40,1 g<\/strong>, bielkoviny&nbsp;<strong>2,1 g<\/strong>, so\u013e&nbsp;<strong>0,05 g<\/strong>.<\/p>","protected":false},"excerpt":{"rendered":"<p>Moo Free veg\u00e1nska biela \u010dokol\u00e1dov\u00e1 ty\u010dinka s cookie k\u00faskami\u00a0je lahodn\u00e1 sladkos\u0165 bez mlieka, ktor\u00e1 pote\u0161\u00ed v\u0161etk\u00fdch milovn\u00edkov jemnej \u010dokol\u00e1dy. V\u010faka svoje&#8230; <a href=\"#tab-description\" class=\"more-link\">Read more<\/a><\/p>","protected":false},"featured_media":11233,"comment_status":"open","ping_status":"closed","template":"","meta":{"inline_featured_image":false},"product_brand":[],"product_cat":[71,174,178],"product_tag":[280,309,313,312,281],"class_list":{"0":"post-11230","1":"product","2":"type-product","3":"status-publish","4":"has-post-thumbnail","6":"product_cat-potraviny","7":"product_cat-maskrty","8":"product_cat-sladke-maskrty","9":"product_tag-bezglutenove","10":"product_tag-novinky","11":"product_tag-top-ostatne","12":"product_tag-top-potraviny","13":"product_tag-veganske","15":"first","16":"instock","17":"taxable","18":"shipping-taxable","19":"purchasable","20":"product-type-simple"},"aioseo_notices":[],"_links":{"self":[{"href":"https:\/\/www.biokari.sk\/en\/wp-json\/wp\/v2\/product\/11230","targetHints":{"allow":["GET"]}}],"collection":[{"href":"https:\/\/www.biokari.sk\/en\/wp-json\/wp\/v2\/product"}],"about":[{"href":"https:\/\/www.biokari.sk\/en\/wp-json\/wp\/v2\/types\/product"}],"replies":[{"embeddable":true,"href":"https:\/\/www.biokari.sk\/en\/wp-json\/wp\/v2\/comments?post=11230"}],"wp:featuredmedia":[{"embeddable":true,"href":"https:\/\/www.biokari.sk\/en\/wp-json\/wp\/v2\/media\/11233"}],"wp:attachment":[{"href":"https:\/\/www.biokari.sk\/en\/wp-json\/wp\/v2\/media?parent=11230"}],"wp:term":[{"taxonomy":"product_brand","embeddable":true,"href":"https:\/\/www.biokari.sk\/en\/wp-json\/wp\/v2\/product_brand?post=11230"},{"taxonomy":"product_cat","embeddable":true,"href":"https:\/\/www.biokari.sk\/en\/wp-json\/wp\/v2\/product_cat?post=11230"},{"taxonomy":"product_tag","embeddable":true,"href":"https:\/\/www.biokari.sk\/en\/wp-json\/wp\/v2\/product_tag?post=11230"}],"curies":[{"name":"wp","href":"https:\/\/api.w.org\/{rel}","templated":true}]}}