{"id":11262,"date":"2026-04-01T23:10:05","date_gmt":"2026-04-01T21:10:05","guid":{"rendered":"https:\/\/www.biokari.sk\/produkt\/apivitalis-materska-kasicka-50g\/"},"modified":"2026-04-29T19:03:16","modified_gmt":"2026-04-29T17:03:16","slug":"apivitalis-materska-kasicka-50g","status":"publish","type":"product","link":"https:\/\/www.biokari.sk\/en\/product\/apivitalis-materska-kasicka-50g\/","title":{"rendered":"Apivitalis Materska ka\u0161i\u010dka 50g"},"content":{"rendered":"<p>A<strong>piVitalis \u010derstv\u00e1 \u010dist\u00e1 matersk\u00e1 ka\u0161i\u010dka<\/strong>\u00a0je jedine\u010dn\u00fd superpotravinov\u00fd produkt so \u017elto-bielou farbou a visk\u00f3znou, g\u00e9lovou konzistenciou, ktor\u00fd produkuj\u00fa v\u010dely robotnice zo svojich hypofarynge\u00e1lnych \u017eliaz. T\u00e1to pr\u00edrodn\u00e1 l\u00e1tka tvor\u00ed\u00a0<strong>v\u00fdlu\u010dn\u00fa potravu v\u010delej kr\u00e1\u013eovnej<\/strong>, ktor\u00e1 v\u010faka nej \u017eije v\u00fdrazne dlh\u0161ie a vyzna\u010duje sa vysokou vitalitou. Matersk\u00e1 ka\u0161i\u010dka je pova\u017eovan\u00e1 za jednu z najcennej\u0161\u00edch l\u00e1tok, ktor\u00e9 pr\u00edroda pon\u00faka.<\/p>\n\n\n\n<p>V\u010faka svojmu komplexn\u00e9mu zlo\u017eeniu m\u00f4\u017ee podporova\u0165&nbsp;<strong>imunitn\u00fd syst\u00e9m<\/strong>, pom\u00e1ha\u0165 pri&nbsp;<strong>\u00fanave, vy\u010derpan\u00ed a nespavosti<\/strong>a prispieva\u0165 k celkovej&nbsp;<strong>vitalite organizmu<\/strong>. Tradi\u010dne sa vyu\u017e\u00edva ako s\u00fa\u010das\u0165 podpory organizmu pri r\u00f4znych stavoch spojen\u00fdch so zn\u00ed\u017eenou energiou \u010di hormon\u00e1lnou nerovnov\u00e1hou. Obsahuje l\u00e1tky, ktor\u00e9 m\u00f4\u017eu podporova\u0165&nbsp;<strong>regener\u00e1ciu buniek<\/strong>&nbsp;a celkov\u00e9 fungovanie organizmu.<\/p>\n\n\n\n<p><strong>Composition:<\/strong>&nbsp;100 % \u010derstv\u00e1 \u010dist\u00e1 matersk\u00e1 ka\u0161i\u010dka.<\/p>\n\n\n\n<p>Matersk\u00e1 ka\u0161i\u010dka obsahuje pribli\u017ene&nbsp;<strong>60\u201370 % vody<\/strong>,&nbsp;<strong>12\u201315 % bielkov\u00edn a aminokysel\u00edn<\/strong>&nbsp;(vr\u00e1tane v\u0161etk\u00fdch esenci\u00e1lnych aminokysel\u00edn),&nbsp;<strong>10\u201316 % sacharidov<\/strong>&nbsp;(najm\u00e4 gluk\u00f3za a frukt\u00f3za) a&nbsp;<strong>3\u20136 % mastn\u00fdch kysel\u00edn<\/strong>, vr\u00e1tane v\u00fdznamnej 10-HDA kyseliny. Je bohat\u00e1 na&nbsp;<strong>vitam\u00edny skupiny B<\/strong>&nbsp;(najm\u00e4 kyselinu pantot\u00e9nov\u00fa), obsahuje aj men\u0161ie mno\u017estv\u00e1 vitam\u00ednov A, C, D a E. Okrem toho poskytuje \u0161irok\u00e9 spektrum&nbsp;<strong>miner\u00e1lov a stopov\u00fdch prvkov<\/strong>&nbsp;ako drasl\u00edk, v\u00e1pnik, hor\u010d\u00edk, zinok, \u017eelezo \u010di fosfor.<\/p>\n\n\n\n<p><strong>Warning:<\/strong>&nbsp;nevhodn\u00e9 pre osoby alergick\u00e9 na&nbsp;<strong>v\u010delie produkty<\/strong>. Pri zdravotn\u00fdch probl\u00e9moch alebo u\u017e\u00edvan\u00ed liekov sa odpor\u00fa\u010da konzult\u00e1cia s lek\u00e1rom.<\/p>\n\n\n\n<p><strong>Storage:<\/strong>&nbsp;uchov\u00e1vajte v chlade a suchu, ide\u00e1lne v chladni\u010dke.<\/p>\n\n\n\n<p><strong>Packaging:<\/strong>&nbsp;<strong>50 g<\/strong><\/p>","protected":false},"excerpt":{"rendered":"<p>ApiVitalis \u010derstv\u00e1 \u010dist\u00e1 matersk\u00e1 ka\u0161i\u010dka\u00a0je jedine\u010dn\u00fd superpotravinov\u00fd produkt so \u017elto-bielou farbou a visk\u00f3znou, g\u00e9lovou konzistenciou, ktor\u00fd produkuj\u00fa v\u010dely&#8230; <a href=\"#tab-description\" class=\"more-link\">Read more<\/a><\/p>","protected":false},"featured_media":11263,"comment_status":"open","ping_status":"closed","template":"","meta":{"inline_featured_image":false},"product_brand":[358],"product_cat":[19],"product_tag":[309,312],"class_list":{"0":"post-11262","1":"product","2":"type-product","3":"status-publish","4":"has-post-thumbnail","6":"product_brand-apivitalis","7":"product_cat-ostatne","8":"product_tag-novinky","9":"product_tag-top-potraviny","11":"first","12":"instock","13":"taxable","14":"shipping-taxable","15":"purchasable","16":"product-type-simple"},"aioseo_notices":[],"_links":{"self":[{"href":"https:\/\/www.biokari.sk\/en\/wp-json\/wp\/v2\/product\/11262","targetHints":{"allow":["GET"]}}],"collection":[{"href":"https:\/\/www.biokari.sk\/en\/wp-json\/wp\/v2\/product"}],"about":[{"href":"https:\/\/www.biokari.sk\/en\/wp-json\/wp\/v2\/types\/product"}],"replies":[{"embeddable":true,"href":"https:\/\/www.biokari.sk\/en\/wp-json\/wp\/v2\/comments?post=11262"}],"wp:featuredmedia":[{"embeddable":true,"href":"https:\/\/www.biokari.sk\/en\/wp-json\/wp\/v2\/media\/11263"}],"wp:attachment":[{"href":"https:\/\/www.biokari.sk\/en\/wp-json\/wp\/v2\/media?parent=11262"}],"wp:term":[{"taxonomy":"product_brand","embeddable":true,"href":"https:\/\/www.biokari.sk\/en\/wp-json\/wp\/v2\/product_brand?post=11262"},{"taxonomy":"product_cat","embeddable":true,"href":"https:\/\/www.biokari.sk\/en\/wp-json\/wp\/v2\/product_cat?post=11262"},{"taxonomy":"product_tag","embeddable":true,"href":"https:\/\/www.biokari.sk\/en\/wp-json\/wp\/v2\/product_tag?post=11262"}],"curies":[{"name":"wp","href":"https:\/\/api.w.org\/{rel}","templated":true}]}}