{"id":11290,"date":"2026-04-03T09:00:11","date_gmt":"2026-04-03T07:00:11","guid":{"rendered":"https:\/\/www.biokari.sk\/produkt\/naturmind-bezlepkova-ovsena-kasa-300g\/"},"modified":"2026-04-28T19:01:54","modified_gmt":"2026-04-28T17:01:54","slug":"naturmind-bezlepkova-ovsena-kasa-300g","status":"publish","type":"product","link":"https:\/\/www.biokari.sk\/en\/product\/naturmind-bezlepkova-ovsena-kasa-300g\/","title":{"rendered":"Naturmind Bezlepkov\u00e1 ovsen\u00e1 ka\u0161a 300g"},"content":{"rendered":"<p><strong>Instantn\u00e1 bezlepkov\u00e1 ovsen\u00e1 ka\u0161a Naturmind<\/strong>&nbsp;je ide\u00e1lnym z\u00e1kladom pre pr\u00edpravu v\u00fd\u017eivn\u00fdch ra\u0148ajok, ka\u0161\u00ed \u010di dom\u00e1cich dezertov. V\u010faka svojmu jednoduch\u00e9mu zlo\u017eeniu je vhodn\u00e1 aj pre osoby s&nbsp;<strong>intoleranciou lepku<\/strong>, pri\u010dom pon\u00faka prirodzene lahodn\u00fa chu\u0165 a \u0161irok\u00e9 mo\u017enosti vyu\u017eitia v kuchyni.<\/p>\n\n\n\n<p><strong>Composition:<\/strong>&nbsp;ovos.<\/p>\n\n\n\n<p>T\u00e1to ovsen\u00e1 ka\u0161a je bohat\u00e1 na&nbsp;<strong>prirodzen\u00fa vl\u00e1kninu<\/strong>, ktor\u00e1 podporuje zdrav\u00e9 tr\u00e1venie a pom\u00e1ha udr\u017eiava\u0165 pocit s\u00fdtosti na dlh\u0161\u00ed \u010das. Pravideln\u00e1 konzum\u00e1cia m\u00f4\u017ee prispie\u0165 k celkovej pohode organizmu a stabiliz\u00e1cii hladiny cukru v krvi, \u010do ocenia najm\u00e4 \u013eudia sleduj\u00faci svoj \u017eivotn\u00fd \u0161t\u00fdl a stravu.<\/p>\n\n\n\n<p><strong>Preparation:<\/strong>&nbsp;zmes zalejte&nbsp;<strong>vodou s teplotou 100 \u00b0C alebo ry\u017eov\u00fdm n\u00e1pojom<\/strong>, nechajte odst\u00e1\u0165&nbsp;<strong>5\u201310 min\u00fat<\/strong>&nbsp;a n\u00e1sledne dochu\u0165te pod\u013ea vlastnej chuti, napr\u00edklad d\u017eemom, hrozienkami alebo kokosom.<\/p>\n\n\n\n<p><strong>V\u00fd\u017eivov\u00e9 hodnoty v 100 g:<\/strong>&nbsp;energia&nbsp;<strong>1639 kJ \/ 388 kcal<\/strong>, tuky&nbsp;<strong>7 g<\/strong>, z toho nas\u00fdten\u00e9 mastn\u00e9 kyseliny&nbsp;<strong>1,1 g<\/strong>, sacharidy&nbsp;<strong>69 g<\/strong>, z toho cukry&nbsp;<strong>0,5 g<\/strong>, bielkoviny&nbsp;<strong>10 g<\/strong>, so\u013e&nbsp;<strong>0,003 g<\/strong>.<\/p>\n\n\n\n<p><strong>Produkt je vhodn\u00fd pre zdrav\u00fd \u017eivotn\u00fd \u0161t\u00fdl<\/strong>, preto\u017ee poskytuje kvalitn\u00fd zdroj energie a \u017eiv\u00edn. Ovos obsahuje cenn\u00e9 l\u00e1tky ako&nbsp;<strong>beta-gluk\u00e1ny<\/strong>, ktor\u00e9 m\u00f4\u017eu prispieva\u0165 k zni\u017eovaniu cholesterolu, a antioxidanty, napr\u00edklad avenantramidy, ktor\u00e9 podporuj\u00fa spr\u00e1vne fungovanie kardiovaskul\u00e1rneho syst\u00e9mu.<\/p>\n\n\n\n<p>V dne\u0161nom r\u00fdchlom \u017eivotnom tempe ocen\u00edte najm\u00e4 jeho&nbsp;<strong>r\u00fdchlu a jednoduch\u00fa pr\u00edpravu<\/strong>, v\u010faka ktorej si m\u00f4\u017eete dopria\u0165 plnohodnotn\u00e9 jedlo bez zbyto\u010dn\u00e9ho zdr\u017eania. Ka\u0161a je vhodn\u00e1 nielen ako ra\u0148ajky, ale aj ako z\u00e1klad do kol\u00e1\u010dov, palaciniek alebo in\u00fdch kreat\u00edvnych receptov.<\/p>\n\n\n\n<p><strong>M\u00e1 prirodzene n\u00edzky obsah cukru<\/strong>, v\u010faka \u010domu sa hod\u00ed aj do reduk\u010dn\u00fdch alebo n\u00edzkosacharidov\u00fdch jed\u00e1lni\u010dkov.<\/p>\n\n\n\n<p><strong>Storage:<\/strong>&nbsp;store in a cool, dry place.<\/p>\n\n\n\n<p><strong>Packaging:<\/strong>\u00a0300g<\/p>","protected":false},"excerpt":{"rendered":"<p>Instantn\u00e1 bezlepkov\u00e1 ovsen\u00e1 ka\u0161a Naturmind je ide\u00e1lnym z\u00e1kladom pre pr\u00edpravu v\u00fd\u017eivn\u00fdch ra\u0148ajok, ka\u0161\u00ed \u010di dom\u00e1cich dezertov&#8230;. <a href=\"#tab-description\" class=\"more-link\">Read more<\/a><\/p>","protected":false},"featured_media":11292,"comment_status":"open","ping_status":"closed","template":"","meta":{"inline_featured_image":false},"product_brand":[283],"product_cat":[316,71,172],"product_tag":[280,281],"class_list":{"0":"post-11290","1":"product","2":"type-product","3":"status-publish","4":"has-post-thumbnail","6":"product_brand-biorganik-naturmind","7":"product_cat-bezlepkove-vyrobky","8":"product_cat-potraviny","9":"product_cat-musli-vlocky","10":"product_tag-bezglutenove","11":"product_tag-veganske","13":"first","14":"instock","15":"taxable","16":"shipping-taxable","17":"purchasable","18":"product-type-simple"},"aioseo_notices":[],"_links":{"self":[{"href":"https:\/\/www.biokari.sk\/en\/wp-json\/wp\/v2\/product\/11290","targetHints":{"allow":["GET"]}}],"collection":[{"href":"https:\/\/www.biokari.sk\/en\/wp-json\/wp\/v2\/product"}],"about":[{"href":"https:\/\/www.biokari.sk\/en\/wp-json\/wp\/v2\/types\/product"}],"replies":[{"embeddable":true,"href":"https:\/\/www.biokari.sk\/en\/wp-json\/wp\/v2\/comments?post=11290"}],"wp:featuredmedia":[{"embeddable":true,"href":"https:\/\/www.biokari.sk\/en\/wp-json\/wp\/v2\/media\/11292"}],"wp:attachment":[{"href":"https:\/\/www.biokari.sk\/en\/wp-json\/wp\/v2\/media?parent=11290"}],"wp:term":[{"taxonomy":"product_brand","embeddable":true,"href":"https:\/\/www.biokari.sk\/en\/wp-json\/wp\/v2\/product_brand?post=11290"},{"taxonomy":"product_cat","embeddable":true,"href":"https:\/\/www.biokari.sk\/en\/wp-json\/wp\/v2\/product_cat?post=11290"},{"taxonomy":"product_tag","embeddable":true,"href":"https:\/\/www.biokari.sk\/en\/wp-json\/wp\/v2\/product_tag?post=11290"}],"curies":[{"name":"wp","href":"https:\/\/api.w.org\/{rel}","templated":true}]}}