{"id":11327,"date":"2026-04-03T22:33:10","date_gmt":"2026-04-03T20:33:10","guid":{"rendered":"https:\/\/www.biokari.sk\/produkt\/naturmind-himalajska-cierna-sol-jemna-250g\/"},"modified":"2026-05-01T19:01:06","modified_gmt":"2026-05-01T17:01:06","slug":"naturmind-himalajska-cierna-sol-jemna-250g","status":"publish","type":"product","link":"https:\/\/www.biokari.sk\/en\/product\/naturmind-himalajska-cierna-sol-jemna-250g\/","title":{"rendered":"Naturmind Himalajska \u010dierna so\u013e Jemn\u00e1 250g"},"content":{"rendered":"<p data-start=\"102\" data-end=\"364\"><strong data-start=\"102\" data-end=\"140\">Himal\u00e1jska \u010dierna so\u013e (Kala Namak)<\/strong> je v\u00fdnimo\u010dn\u00e1 gurm\u00e1nska so\u013e bohat\u00e1 na miner\u00e1ly, ktor\u00e1 predstavuje skvel\u00fa alternat\u00edvu ku klasickej kamennej alebo morskej soli. V\u010faka obsahu s\u00edry m\u00e1 jemne <strong data-start=\"294\" data-end=\"322\">korenist\u00fa a\u017e dymov\u00fa chu\u0165<\/strong>, ktor\u00e1 dod\u00e1va jedl\u00e1m jedine\u010dn\u00fd charakter.<\/p>\n<p data-start=\"366\" data-end=\"537\">T\u00e1to so\u013e sa \u0165a\u017e\u00ed vo forme <strong data-start=\"392\" data-end=\"417\">\u010dierno-hned\u00fdch blokov<\/strong> a je neoddelite\u013enou s\u00fa\u010das\u0165ou tradi\u010dnej <strong data-start=\"457\" data-end=\"477\">indickej kuchyne<\/strong>. Svoju typick\u00fa farbu z\u00edskava v\u010faka obsahu <strong data-start=\"520\" data-end=\"536\">oxidu \u017eeleza<\/strong>.<\/p>\n<p data-start=\"539\" data-end=\"665\">Jej chu\u0165 je zauj\u00edmavo podobn\u00e1 <strong data-start=\"569\" data-end=\"578\">vajcu<\/strong>, preto sa \u010dasto vyu\u017e\u00edva aj ako jeho rastlinn\u00e1 alternat\u00edva, najm\u00e4 vo veg\u00e1nskej kuchyni.<\/p>\n<p data-start=\"667\" data-end=\"716\"><strong data-start=\"667\" data-end=\"680\">Composition:<\/strong> himal\u00e1jska \u010dierna so\u013e (Kala Namak).<\/p>\n<p data-start=\"718\" data-end=\"924\"><strong data-start=\"718\" data-end=\"747\">V\u00fd\u017eivov\u00e9 hodnoty v 100 g:<\/strong> energia <strong data-start=\"756\" data-end=\"773\">0 kJ \/ 0 kcal<\/strong>, tuky <strong data-start=\"780\" data-end=\"787\">0 g<\/strong>, z toho nas\u00fdten\u00e9 mastn\u00e9 kyseliny <strong data-start=\"821\" data-end=\"828\">0 g<\/strong>, sacharidy <strong data-start=\"840\" data-end=\"847\">0 g<\/strong>, z toho cukry <strong data-start=\"862\" data-end=\"869\">0 g<\/strong>, vl\u00e1knina <strong data-start=\"880\" data-end=\"887\">0 g<\/strong>, bielkoviny <strong data-start=\"900\" data-end=\"907\">0 g<\/strong>, so\u013e <strong data-start=\"913\" data-end=\"923\" data-is-only-node=\"\">92,8 g<\/strong>.<\/p>\n<p data-start=\"926\" data-end=\"987\"><strong data-start=\"926\" data-end=\"942\">Storage:<\/strong> uchov\u00e1vajte na <strong data-start=\"958\" data-end=\"986\">suchom a chladnom mieste<\/strong>.<\/p>\n<p data-start=\"989\" data-end=\"1018\" data-is-last-node=\"\" data-is-only-node=\"\"><strong data-start=\"989\" data-end=\"1008\">Country of origin:<\/strong> Pakistan.<\/p>\n<p data-start=\"989\" data-end=\"1018\" data-is-last-node=\"\" data-is-only-node=\"\">Balenie: 250g<\/p>","protected":false},"excerpt":{"rendered":"<p>Himal\u00e1jska \u010dierna so\u013e alebo kala namak je \u0161peci\u00e1lna so\u013e s mierne s\u00edrovou v\u00f4\u0148ou a chu\u0165ou, ktor\u00e1 sa pou\u017e\u00edva hlavne v ju\u017enej \u00c1zii.<\/p>\n<p>D\u00f4le\u017eitos\u0165, \u00fa\u010dinok: Rovnako ako kuchynsk\u00e1 so\u013e obsahuje hlavne chlorid sodn\u00fd, ale obsahuje aj mnoho \u010fal\u0161\u00edch miner\u00e1lov. Jeho farba je v\u010faka sulfidu \u017eeleznat\u00e9mu a jeho zvl\u00e1\u0161t&#8230; <a href=\"#tab-description\" class=\"more-link\">Read more<\/a><\/p>","protected":false},"featured_media":11329,"comment_status":"open","ping_status":"closed","template":"","meta":{"inline_featured_image":false},"product_brand":[283],"product_cat":[71,169],"product_tag":[280,281],"class_list":{"0":"post-11327","1":"product","2":"type-product","3":"status-publish","4":"has-post-thumbnail","6":"product_brand-biorganik-naturmind","7":"product_cat-potraviny","8":"product_cat-sol","9":"product_tag-bezglutenove","10":"product_tag-veganske","12":"first","13":"instock","14":"taxable","15":"shipping-taxable","16":"purchasable","17":"product-type-simple"},"aioseo_notices":[],"_links":{"self":[{"href":"https:\/\/www.biokari.sk\/en\/wp-json\/wp\/v2\/product\/11327","targetHints":{"allow":["GET"]}}],"collection":[{"href":"https:\/\/www.biokari.sk\/en\/wp-json\/wp\/v2\/product"}],"about":[{"href":"https:\/\/www.biokari.sk\/en\/wp-json\/wp\/v2\/types\/product"}],"replies":[{"embeddable":true,"href":"https:\/\/www.biokari.sk\/en\/wp-json\/wp\/v2\/comments?post=11327"}],"wp:featuredmedia":[{"embeddable":true,"href":"https:\/\/www.biokari.sk\/en\/wp-json\/wp\/v2\/media\/11329"}],"wp:attachment":[{"href":"https:\/\/www.biokari.sk\/en\/wp-json\/wp\/v2\/media?parent=11327"}],"wp:term":[{"taxonomy":"product_brand","embeddable":true,"href":"https:\/\/www.biokari.sk\/en\/wp-json\/wp\/v2\/product_brand?post=11327"},{"taxonomy":"product_cat","embeddable":true,"href":"https:\/\/www.biokari.sk\/en\/wp-json\/wp\/v2\/product_cat?post=11327"},{"taxonomy":"product_tag","embeddable":true,"href":"https:\/\/www.biokari.sk\/en\/wp-json\/wp\/v2\/product_tag?post=11327"}],"curies":[{"name":"wp","href":"https:\/\/api.w.org\/{rel}","templated":true}]}}