{"id":11338,"date":"2026-04-03T22:48:07","date_gmt":"2026-04-03T20:48:07","guid":{"rendered":"https:\/\/www.biokari.sk\/produkt\/naturmind-chia-semienko-500g\/"},"modified":"2026-04-27T19:02:02","modified_gmt":"2026-04-27T17:02:02","slug":"naturmind-chia-semienko-500g","status":"publish","type":"product","link":"https:\/\/www.biokari.sk\/en\/product\/naturmind-chia-semienko-500g\/","title":{"rendered":"Naturmind Chia semienko 500g"},"content":{"rendered":"<p><strong>Chia semienka (azt\u00e9cka \u0161alvia)<\/strong>&nbsp;s\u00fa mimoriadne v\u00fd\u017eivn\u00e1 superpotravina s vysok\u00fdm obsahom vl\u00e1kniny a esenci\u00e1lnych mastn\u00fdch kysel\u00edn. Tieto drobn\u00e9 \u010dierne alebo siv\u00e9 semienka poch\u00e1dzaj\u00fa z Ju\u017enej Ameriky a u\u017e v d\u00e1vnych \u010dasoch patrili medzi cenn\u00e9 potraviny. Boli zn\u00e1me aj ako \u201epotrava be\u017ecov\u201c, ke\u010f\u017ee dod\u00e1vali energiu a vitalitu po\u010das dlh\u00fdch ciest.<\/p>\n\n\n\n<p><strong>Composition:<\/strong>&nbsp;\u010dierne chia semienka.<\/p>\n\n\n\n<p>Chia semienka s\u00fa bohat\u00e9 na&nbsp;<strong>bielkoviny, omega-3 mastn\u00e9 kyseliny, vl\u00e1kninu, vitam\u00edny, miner\u00e1ly a antioxidanty<\/strong>, ktor\u00e9 prispievaj\u00fa k celkovej vitalite organizmu. M\u00f4\u017eu podporova\u0165 spr\u00e1vne fungovanie&nbsp;<strong>nervov\u00e9ho syst\u00e9mu, srdcovo-cievneho syst\u00e9mu a tr\u00e1venia<\/strong>. V\u010faka n\u00edzkemu obsahu sacharidov a vysok\u00e9mu obsahu vl\u00e1kniny s\u00fa vhodn\u00e9 aj pre osoby sleduj\u00face pr\u00edjem cukrov.<\/p>\n\n\n\n<p><strong>V\u00fd\u017eivov\u00e9 hodnoty v 100 g:<\/strong>&nbsp;energia&nbsp;<strong>1832 kJ \/ 444 kcal<\/strong>, tuky&nbsp;<strong>31,1 g<\/strong>, z toho nas\u00fdten\u00e9 mastn\u00e9 kyseliny&nbsp;<strong>3,8 g<\/strong>, sacharidy&nbsp;<strong>4,5 g<\/strong>, z toho cukry&nbsp;<strong>0,8 g<\/strong>, bielkoviny&nbsp;<strong>21,2 g<\/strong>, so\u013e&nbsp;<strong>0,03 g<\/strong>.<\/p>\n\n\n\n<p>Chia semienka maj\u00fa v\u00fdnimo\u010dn\u00fa schopnos\u0165 viaza\u0165 vodu \u2013 dok\u00e1\u017eu zv\u00e4\u010d\u0161i\u0165 svoj objem a\u017e&nbsp;<strong>10-n\u00e1sobne<\/strong>, \u010d\u00edm vytv\u00e1raj\u00fa g\u00e9lovit\u00fa konzistenciu. V\u010faka tomu s\u00fa vhodn\u00e9 aj ako&nbsp;<strong>n\u00e1hrada vajec<\/strong>&nbsp;pri pr\u00edprave cesta, dezertov alebo vegetari\u00e1nskych jed\u00e1l. Ob\u013e\u00faben\u00e9 s\u00fa najm\u00e4 vo forme&nbsp;<strong>chia pudingu<\/strong>, ale m\u00f4\u017eete ich prida\u0165 aj do smoothie, ka\u0161\u00ed, jogurtov, polievok, m\u00fcsli, pe\u010diva \u010di dom\u00e1cich ty\u010diniek.<\/p>\n\n\n\n<p><strong>Recommended dosage:<\/strong>&nbsp;maxim\u00e1lne&nbsp;<strong>15 g denne<\/strong>, vy\u0161\u0161ie mno\u017estvo m\u00f4\u017ee sp\u00f4sobi\u0165 tr\u00e1viace \u0165a\u017ekosti.<\/p>\n\n\n\n<p><strong>Storage:<\/strong>&nbsp;uchov\u00e1vajte na&nbsp;<strong>suchom a chladnom mieste<\/strong>.<\/p>\n\n\n\n<p><strong>Country of origin:<\/strong>&nbsp;Mexiko.<\/p>\n\n\n\n<p>Balenie: 500g<\/p>","protected":false},"excerpt":{"rendered":"<p>Chia semienka (azt\u00e9cka \u0161alvia)\u00a0s\u00fa mimoriadne v\u00fd\u017eivn\u00e1 superpotravina s vysok\u00fdm obsahom vl\u00e1kniny a esenci\u00e1lnych mastn\u00fdch kysel\u00edn&#8230; <a href=\"#tab-description\" class=\"more-link\">Read more<\/a><\/p>","protected":false},"featured_media":11341,"comment_status":"open","ping_status":"closed","template":"","meta":{"inline_featured_image":false},"product_brand":[283],"product_cat":[329,71,172],"product_tag":[309,313,312,281],"class_list":{"0":"post-11338","1":"product","2":"type-product","3":"status-publish","4":"has-post-thumbnail","6":"product_brand-biorganik-naturmind","7":"product_cat-semienka-vlocky-sus-ovocie","8":"product_cat-potraviny","9":"product_cat-musli-vlocky","10":"product_tag-novinky","11":"product_tag-top-ostatne","12":"product_tag-top-potraviny","13":"product_tag-veganske","15":"first","16":"onbackorder","17":"taxable","18":"shipping-taxable","19":"purchasable","20":"product-type-simple"},"aioseo_notices":[],"_links":{"self":[{"href":"https:\/\/www.biokari.sk\/en\/wp-json\/wp\/v2\/product\/11338","targetHints":{"allow":["GET"]}}],"collection":[{"href":"https:\/\/www.biokari.sk\/en\/wp-json\/wp\/v2\/product"}],"about":[{"href":"https:\/\/www.biokari.sk\/en\/wp-json\/wp\/v2\/types\/product"}],"replies":[{"embeddable":true,"href":"https:\/\/www.biokari.sk\/en\/wp-json\/wp\/v2\/comments?post=11338"}],"wp:featuredmedia":[{"embeddable":true,"href":"https:\/\/www.biokari.sk\/en\/wp-json\/wp\/v2\/media\/11341"}],"wp:attachment":[{"href":"https:\/\/www.biokari.sk\/en\/wp-json\/wp\/v2\/media?parent=11338"}],"wp:term":[{"taxonomy":"product_brand","embeddable":true,"href":"https:\/\/www.biokari.sk\/en\/wp-json\/wp\/v2\/product_brand?post=11338"},{"taxonomy":"product_cat","embeddable":true,"href":"https:\/\/www.biokari.sk\/en\/wp-json\/wp\/v2\/product_cat?post=11338"},{"taxonomy":"product_tag","embeddable":true,"href":"https:\/\/www.biokari.sk\/en\/wp-json\/wp\/v2\/product_tag?post=11338"}],"curies":[{"name":"wp","href":"https:\/\/api.w.org\/{rel}","templated":true}]}}