{"id":11346,"date":"2026-04-03T23:00:32","date_gmt":"2026-04-03T21:00:32","guid":{"rendered":"https:\/\/www.biokari.sk\/produkt\/naturmind-karobovy-prasok-250g\/"},"modified":"2026-04-30T19:01:22","modified_gmt":"2026-04-30T17:01:22","slug":"naturmind-karobovy-prasok-250g","status":"publish","type":"product","link":"https:\/\/www.biokari.sk\/en\/product\/naturmind-karobovy-prasok-250g\/","title":{"rendered":"Naturmind Karobov\u00fd pr\u00e1\u0161ok 250g"},"content":{"rendered":"<p data-start=\"102\" data-end=\"357\"><strong data-start=\"102\" data-end=\"142\">Karobov\u00fd pr\u00e1\u0161ok (sv\u00e4toj\u00e1nsky chlieb)<\/strong> je ob\u013e\u00fabenou alternat\u00edvou kakaa v zdravej v\u00fd\u017eive. Vzh\u013eadom aj konzistenciou sa ve\u013emi podob\u00e1 kakau, no prirodzene m\u00e1 <strong data-start=\"259\" data-end=\"275\">slad\u0161iu chu\u0165<\/strong> a neobsahuje <strong data-start=\"289\" data-end=\"302\">teobrom\u00edn<\/strong>, v\u010faka \u010domu je vhodn\u00fd aj pre citlivej\u0161\u00edch konzumentov.<\/p>\n<p data-start=\"359\" data-end=\"519\">Karob sa z\u00edskava zo strukov sv\u00e4toj\u00e1nskeho chleba, ktor\u00e9 sa po zbere d\u00f4kladne \u010distia, su\u0161ia pribli\u017ene <strong data-start=\"460\" data-end=\"483\">150 min\u00fat pri 90 \u00b0C<\/strong>a n\u00e1sledne sa jemne mel\u00fa na pr\u00e1\u0161ok.<\/p>\n<p data-start=\"521\" data-end=\"588\"><strong data-start=\"521\" data-end=\"534\">Composition:<\/strong> 100 % karobov\u00fd pr\u00e1\u0161ok (m\u00faka zo sv\u00e4toj\u00e1nskeho chleba).<\/p>\n<p data-start=\"590\" data-end=\"761\"><strong data-start=\"590\" data-end=\"619\">V\u00fd\u017eivov\u00e9 hodnoty v 100 g:<\/strong> energia <strong data-start=\"628\" data-end=\"650\">1529 kJ \/ 355 kcal<\/strong>, sacharidy <strong data-start=\"662\" data-end=\"673\">84,26 g<\/strong>, z toho cukry <strong data-start=\"688\" data-end=\"699\">38,14 g<\/strong>, vl\u00e1knina <strong data-start=\"710\" data-end=\"720\">18,9 g<\/strong>, bielkoviny <strong data-start=\"733\" data-end=\"743\">4,87 g<\/strong>, so\u013e <strong data-start=\"749\" data-end=\"760\">0,017 g<\/strong>.<\/p>\n<p data-start=\"763\" data-end=\"895\">Karob je prirodzene bohat\u00fd na <strong data-start=\"793\" data-end=\"805\">vl\u00e1kninu<\/strong> a m\u00e1 sladk\u00fa chu\u0165, preto sa d\u00e1 pou\u017ei\u0165 ako <strong data-start=\"847\" data-end=\"894\">n\u00e1hrada kakaa bez potreby \u010fal\u0161ieho sladenia<\/strong>.<\/p>\n<p data-start=\"897\" data-end=\"996\"><strong data-start=\"897\" data-end=\"910\">Application:<\/strong> mo\u017eno ho pou\u017ei\u0165 rovnako ako kakao do n\u00e1pojov, dezertov, kol\u00e1\u010dov \u010di ra\u0148ajkov\u00fdch jed\u00e1l.<\/p>\n<p data-start=\"998\" data-end=\"1059\"><strong data-start=\"998\" data-end=\"1014\">Storage:<\/strong> uchov\u00e1vajte na <strong data-start=\"1030\" data-end=\"1058\">suchom a chladnom mieste<\/strong>.<\/p>\n<p data-start=\"1061\" data-end=\"1157\"><strong data-start=\"1061\" data-end=\"1077\">Warning:<\/strong> v\u00fdrobok je balen\u00fd v z\u00e1vode, kde sa sprac\u00fava aj <strong data-start=\"1125\" data-end=\"1156\">s\u00f3ja, lepok, zeler a orechy<\/strong>.<\/p>\n<p data-start=\"1159\" data-end=\"1190\"><strong data-start=\"1159\" data-end=\"1178\">Country of origin:<\/strong> \u0160panielsko.<\/p>\n<p data-start=\"1192\" data-end=\"1211\" data-is-last-node=\"\" data-is-only-node=\"\"><strong data-start=\"1192\" data-end=\"1204\">Packaging:<\/strong> 250 g<\/p>","protected":false},"excerpt":{"rendered":"<p>Karobov\u00fd pr\u00e1\u0161ok (sv\u00e4toj\u00e1nsky chlieb) je ob\u013e\u00fabenou alternat\u00edvou kakaa v zdravej v\u00fd\u017eive. Vzh\u013eadom aj konzistenciou sa ve\u013emi podob\u00e1 kaka&#8230; <a href=\"#tab-description\" class=\"more-link\">Read more<\/a><\/p>","protected":false},"featured_media":11349,"comment_status":"open","ping_status":"closed","template":"","meta":{"inline_featured_image":false},"product_brand":[283],"product_cat":[71],"product_tag":[309,312,281],"class_list":{"0":"post-11346","1":"product","2":"type-product","3":"status-publish","4":"has-post-thumbnail","6":"product_brand-biorganik-naturmind","7":"product_cat-potraviny","8":"product_tag-novinky","9":"product_tag-top-potraviny","10":"product_tag-veganske","12":"first","13":"instock","14":"taxable","15":"shipping-taxable","16":"purchasable","17":"product-type-simple"},"aioseo_notices":[],"_links":{"self":[{"href":"https:\/\/www.biokari.sk\/en\/wp-json\/wp\/v2\/product\/11346","targetHints":{"allow":["GET"]}}],"collection":[{"href":"https:\/\/www.biokari.sk\/en\/wp-json\/wp\/v2\/product"}],"about":[{"href":"https:\/\/www.biokari.sk\/en\/wp-json\/wp\/v2\/types\/product"}],"replies":[{"embeddable":true,"href":"https:\/\/www.biokari.sk\/en\/wp-json\/wp\/v2\/comments?post=11346"}],"wp:featuredmedia":[{"embeddable":true,"href":"https:\/\/www.biokari.sk\/en\/wp-json\/wp\/v2\/media\/11349"}],"wp:attachment":[{"href":"https:\/\/www.biokari.sk\/en\/wp-json\/wp\/v2\/media?parent=11346"}],"wp:term":[{"taxonomy":"product_brand","embeddable":true,"href":"https:\/\/www.biokari.sk\/en\/wp-json\/wp\/v2\/product_brand?post=11346"},{"taxonomy":"product_cat","embeddable":true,"href":"https:\/\/www.biokari.sk\/en\/wp-json\/wp\/v2\/product_cat?post=11346"},{"taxonomy":"product_tag","embeddable":true,"href":"https:\/\/www.biokari.sk\/en\/wp-json\/wp\/v2\/product_tag?post=11346"}],"curies":[{"name":"wp","href":"https:\/\/api.w.org\/{rel}","templated":true}]}}