{"id":11363,"date":"2026-04-03T23:31:36","date_gmt":"2026-04-03T21:31:36","guid":{"rendered":"https:\/\/www.biokari.sk\/produkt\/naturmind-konjakova-muka-100g\/"},"modified":"2026-04-29T19:03:12","modified_gmt":"2026-04-29T17:03:12","slug":"naturmind-konjakova-muka-100g","status":"publish","type":"product","link":"https:\/\/www.biokari.sk\/en\/product\/naturmind-konjakova-muka-100g\/","title":{"rendered":"Naturmind Konjakov\u00e1 m\u00faka 100g"},"content":{"rendered":"<p data-start=\"102\" data-end=\"396\"><strong data-start=\"102\" data-end=\"134\">Konjakov\u00e1 m\u00faka (glukomann\u00e1n)<\/strong> je vynikaj\u00face pr\u00edrodn\u00e9 <strong data-start=\"158\" data-end=\"211\">zahus\u0165ovadlo s ve\u013emi n\u00edzkou energetickou hodnotou<\/strong>, ktor\u00e9 je ide\u00e1lne pre modern\u00e9 a di\u00e9tne stravovanie. Je <strong data-start=\"267\" data-end=\"294\">bez chuti a bez z\u00e1pachu<\/strong>, v\u010faka \u010domu sa d\u00e1 univerz\u00e1lne pou\u017ei\u0165 v sladk\u00fdch aj slan\u00fdch receptoch bez ovplyvnenia v\u00fdslednej chuti.<\/p>\n<p data-start=\"398\" data-end=\"434\"><strong data-start=\"398\" data-end=\"411\">Composition:<\/strong> konjakov\u00e1 m\u00faka (E425).<\/p>\n<p data-start=\"436\" data-end=\"618\">Konjak sa z\u00edskava z kore\u0148a rastliny <strong data-start=\"472\" data-end=\"497\">Amorphophallus konjac<\/strong>, zn\u00e1mej aj ako konnyaku alebo \u201eslonia noha\u201c. V \u00e1zijskej kuchyni sa pou\u017e\u00edva u\u017e dlh\u00e9 roky na zlep\u0161enie konzistencie jed\u00e1l.<\/p>\n<p data-start=\"620\" data-end=\"836\"><strong data-start=\"620\" data-end=\"649\">V\u00fd\u017eivov\u00e9 hodnoty v 100 g:<\/strong> energia <strong data-start=\"658\" data-end=\"679\">786 kJ \/ 196 kcal<\/strong>, tuky <strong data-start=\"686\" data-end=\"695\">0,2 g<\/strong>, z toho nas\u00fdten\u00e9 mastn\u00e9 kyseliny <strong data-start=\"729\" data-end=\"736\">0 g<\/strong>, sacharidy <strong data-start=\"748\" data-end=\"757\">0,1 g<\/strong>, z toho cukry <strong data-start=\"772\" data-end=\"779\">0 g<\/strong>, vl\u00e1knina <strong data-start=\"790\" data-end=\"798\">95 g<\/strong>, bielkoviny <strong data-start=\"811\" data-end=\"820\">1,0 g<\/strong>, so\u013e <strong data-start=\"826\" data-end=\"835\">0,1 g<\/strong>.<\/p>\n<p data-start=\"838\" data-end=\"1103\">Konjakov\u00e1 m\u00faka je mimoriadne bohat\u00e1 na <strong data-start=\"877\" data-end=\"899\">rozpustn\u00fa vl\u00e1kninu<\/strong>, ktor\u00e1 v tr\u00e1viacom trakte napu\u010diava a prispieva k pocitu s\u00fdtosti. V\u010faka tomu je vhodn\u00e1 pre <strong data-start=\"991\" data-end=\"1020\">di\u00e9tuj\u00facich aj diabetikov<\/strong>. Pre jej spr\u00e1vny \u00fa\u010dinok je v\u0161ak d\u00f4le\u017eit\u00e9 <strong data-start=\"1062\" data-end=\"1102\">prij\u00edma\u0165 dostato\u010dn\u00e9 mno\u017estvo tekut\u00edn<\/strong>.<\/p>\n<p data-start=\"1105\" data-end=\"1269\"><strong data-start=\"1105\" data-end=\"1118\">Application:<\/strong> ide\u00e1lna ako n\u00e1hrada m\u00faky, \u0161krobu alebo \u017eelat\u00edny. Vhodn\u00e1 do polievok, om\u00e1\u010dok, d\u017eemov, pudingov, \u017eel\u00e9 a \u010fal\u0161\u00edch jed\u00e1l na zahustenie a zlep\u0161enie text\u00fary.<\/p>\n<p data-start=\"1271\" data-end=\"1368\">Produkt obsahuje <strong data-start=\"1288\" data-end=\"1297\">lepok<\/strong> a je balen\u00fd v z\u00e1vode, kde sa sprac\u00fava aj s\u00f3ja, zeler, hor\u010dica a sezam.<\/p>\n<p data-start=\"1370\" data-end=\"1431\"><strong data-start=\"1370\" data-end=\"1386\">Storage:<\/strong> uchov\u00e1vajte na <strong data-start=\"1402\" data-end=\"1430\">suchom a chladnom mieste<\/strong>.<\/p>\n<p data-start=\"1433\" data-end=\"1479\"><strong data-start=\"1433\" data-end=\"1452\">Country of origin:<\/strong> uveden\u00e1 na obale produktu.<\/p>\n<p data-start=\"1481\" data-end=\"1646\"><strong data-start=\"1481\" data-end=\"1497\">Warning:<\/strong> napriek maxim\u00e1lnej snahe o presnos\u0165 inform\u00e1ci\u00ed sa zlo\u017eenie a nutri\u010dn\u00e9 hodnoty m\u00f4\u017eu meni\u0165. V\u017edy si pre\u010d\u00edtajte \u00fadaje uveden\u00e9 priamo na obale produktu.<\/p>\n<p data-start=\"1648\" data-end=\"1667\" data-is-last-node=\"\" data-is-only-node=\"\"><strong data-start=\"1648\" data-end=\"1660\">Packaging:<\/strong> 100 g<\/p>","protected":false},"excerpt":{"rendered":"<p>Konjakov\u00e1 m\u00faka (glukomann\u00e1n) je vynikaj\u00face pr\u00edrodn\u00e9 zahus\u0165ovadlo s ve\u013emi n\u00edzkou energetickou hodnotou, ktor\u00e9 je ide\u00e1lne pre modern\u00e9&#8230; <a href=\"#tab-description\" class=\"more-link\">Read more<\/a><\/p>","protected":false},"featured_media":11366,"comment_status":"open","ping_status":"closed","template":"","meta":{"inline_featured_image":false},"product_brand":[283],"product_cat":[71,166],"product_tag":[280,312,281],"class_list":{"0":"post-11363","1":"product","2":"type-product","3":"status-publish","4":"has-post-thumbnail","6":"product_brand-biorganik-naturmind","7":"product_cat-potraviny","8":"product_cat-muky","9":"product_tag-bezglutenove","10":"product_tag-top-potraviny","11":"product_tag-veganske","13":"first","14":"instock","15":"taxable","16":"shipping-taxable","17":"purchasable","18":"product-type-simple"},"aioseo_notices":[],"_links":{"self":[{"href":"https:\/\/www.biokari.sk\/en\/wp-json\/wp\/v2\/product\/11363","targetHints":{"allow":["GET"]}}],"collection":[{"href":"https:\/\/www.biokari.sk\/en\/wp-json\/wp\/v2\/product"}],"about":[{"href":"https:\/\/www.biokari.sk\/en\/wp-json\/wp\/v2\/types\/product"}],"replies":[{"embeddable":true,"href":"https:\/\/www.biokari.sk\/en\/wp-json\/wp\/v2\/comments?post=11363"}],"wp:featuredmedia":[{"embeddable":true,"href":"https:\/\/www.biokari.sk\/en\/wp-json\/wp\/v2\/media\/11366"}],"wp:attachment":[{"href":"https:\/\/www.biokari.sk\/en\/wp-json\/wp\/v2\/media?parent=11363"}],"wp:term":[{"taxonomy":"product_brand","embeddable":true,"href":"https:\/\/www.biokari.sk\/en\/wp-json\/wp\/v2\/product_brand?post=11363"},{"taxonomy":"product_cat","embeddable":true,"href":"https:\/\/www.biokari.sk\/en\/wp-json\/wp\/v2\/product_cat?post=11363"},{"taxonomy":"product_tag","embeddable":true,"href":"https:\/\/www.biokari.sk\/en\/wp-json\/wp\/v2\/product_tag?post=11363"}],"curies":[{"name":"wp","href":"https:\/\/api.w.org\/{rel}","templated":true}]}}