{"id":11367,"date":"2026-04-03T23:36:01","date_gmt":"2026-04-03T21:36:01","guid":{"rendered":"https:\/\/www.biokari.sk\/produkt\/naturmind-kyselina-askorbova-500g\/"},"modified":"2026-04-20T19:01:57","modified_gmt":"2026-04-20T17:01:57","slug":"naturmind-kyselina-askorbova-500g","status":"publish","type":"product","link":"https:\/\/www.biokari.sk\/en\/product\/naturmind-kyselina-askorbova-500g\/","title":{"rendered":"Naturmind Kyselina askorbov\u00e1 500g"},"content":{"rendered":"<p><strong>L-askorbov\u00e1 kyselina (vitam\u00edn C)<\/strong>&nbsp;je z\u00e1kladn\u00e1 \u017eivina nevyhnutn\u00e1 pre spr\u00e1vne fungovanie organizmu. Ke\u010f\u017ee si ju telo nedok\u00e1\u017ee samo vytvori\u0165, je potrebn\u00e9 ju&nbsp;<strong>pravidelne dop\u013a\u0148a\u0165 stravou alebo doplnkami<\/strong>. Ide o&nbsp;<strong>vo vode rozpustn\u00fd vitam\u00edn<\/strong>, ktor\u00fd sa z organizmu r\u00fdchlo vylu\u010duje, preto je jeho ka\u017edodenn\u00fd pr\u00edjem obzvl\u00e1\u0161\u0165 d\u00f4le\u017eit\u00fd.<\/p>\n\n\n\n<p><strong>Composition:<\/strong>&nbsp;L-askorbov\u00e1 kyselina.<\/p>\n\n\n\n<p>Produkt je&nbsp;<strong>bezlepkov\u00fd<\/strong>&nbsp;a vyroben\u00fd pomocou&nbsp;<strong>bioferment\u00e1cie z non-GMO surov\u00edn<\/strong>, \u010do zaru\u010duje vysok\u00fa kvalitu a \u010distotu.<\/p>\n\n\n\n<p><strong>V\u00fd\u017eivov\u00e9 hodnoty v 100 g:<\/strong>&nbsp;energia&nbsp;<strong>0 kJ \/ 0 kcal<\/strong>, tuky&nbsp;<strong>0 g<\/strong>, z toho nas\u00fdten\u00e9 mastn\u00e9 kyseliny&nbsp;<strong>0 g<\/strong>, sacharidy&nbsp;<strong>0 g<\/strong>, z toho cukry&nbsp;<strong>0 g<\/strong>, bielkoviny&nbsp;<strong>0 g<\/strong>, so\u013e&nbsp;<strong>0 g<\/strong>.<\/p>\n\n\n\n<p>L-askorbov\u00e1 kyselina m\u00e1 \u0161irok\u00e9 vyu\u017eitie nielen ako doplnok stravy, ale aj v kuchyni, kde sa pou\u017e\u00edva ako&nbsp;<strong>pr\u00edrodn\u00fd konzervant<\/strong>, napr\u00edklad pri pr\u00edprave d\u017eemov, zav\u00e1ran\u00edn alebo ovocn\u00fdch produktov.<\/p>\n\n\n\n<p><strong>Odpor\u00fa\u010dan\u00e1 denn\u00e1 d\u00e1vka vitam\u00ednu C je 80 mg.<\/strong><\/p>\n\n\n\n<p><strong>Storage:<\/strong>&nbsp;uchov\u00e1vajte na&nbsp;<strong>suchom a chladnom mieste<\/strong>.<\/p>\n\n\n\n<p><strong>Country of origin:<\/strong>&nbsp;uveden\u00e1 na obale produktu.<\/p>\n\n\n\n<p><strong>Warning:<\/strong>&nbsp;napriek maxim\u00e1lnej snahe o presnos\u0165 inform\u00e1ci\u00ed sa zlo\u017eenie a nutri\u010dn\u00e9 hodnoty m\u00f4\u017eu meni\u0165. V\u017edy si pre\u010d\u00edtajte \u00fadaje uveden\u00e9 priamo na obale produktu.<\/p>\n\n\n\n<p><strong>Packaging:<\/strong>&nbsp;500 g<\/p>","protected":false},"excerpt":{"rendered":"<p>L-askorbov\u00e1 kyselina (vitam\u00edn C) je z\u00e1kladn\u00e1 \u017eivina nevyhnutn\u00e1 pre spr\u00e1vne fungovanie organizmu. Ke\u010f\u017ee si ju telo nedok\u00e1\u017ee samo vytvori\u0165&#8230; <a href=\"#tab-description\" class=\"more-link\">Read more<\/a><\/p>","protected":false},"featured_media":11370,"comment_status":"open","ping_status":"closed","template":"","meta":{"inline_featured_image":false},"product_brand":[283],"product_cat":[140,71],"product_tag":[313,281],"class_list":{"0":"post-11367","1":"product","2":"type-product","3":"status-publish","4":"has-post-thumbnail","6":"product_brand-biorganik-naturmind","7":"product_cat-posilnenie-imunity","8":"product_cat-potraviny","9":"product_tag-top-ostatne","10":"product_tag-veganske","12":"first","13":"instock","14":"taxable","15":"shipping-taxable","16":"purchasable","17":"product-type-simple"},"aioseo_notices":[],"_links":{"self":[{"href":"https:\/\/www.biokari.sk\/en\/wp-json\/wp\/v2\/product\/11367","targetHints":{"allow":["GET"]}}],"collection":[{"href":"https:\/\/www.biokari.sk\/en\/wp-json\/wp\/v2\/product"}],"about":[{"href":"https:\/\/www.biokari.sk\/en\/wp-json\/wp\/v2\/types\/product"}],"replies":[{"embeddable":true,"href":"https:\/\/www.biokari.sk\/en\/wp-json\/wp\/v2\/comments?post=11367"}],"wp:featuredmedia":[{"embeddable":true,"href":"https:\/\/www.biokari.sk\/en\/wp-json\/wp\/v2\/media\/11370"}],"wp:attachment":[{"href":"https:\/\/www.biokari.sk\/en\/wp-json\/wp\/v2\/media?parent=11367"}],"wp:term":[{"taxonomy":"product_brand","embeddable":true,"href":"https:\/\/www.biokari.sk\/en\/wp-json\/wp\/v2\/product_brand?post=11367"},{"taxonomy":"product_cat","embeddable":true,"href":"https:\/\/www.biokari.sk\/en\/wp-json\/wp\/v2\/product_cat?post=11367"},{"taxonomy":"product_tag","embeddable":true,"href":"https:\/\/www.biokari.sk\/en\/wp-json\/wp\/v2\/product_tag?post=11367"}],"curies":[{"name":"wp","href":"https:\/\/api.w.org\/{rel}","templated":true}]}}