{"id":11381,"date":"2026-04-05T09:31:40","date_gmt":"2026-04-05T07:31:40","guid":{"rendered":"https:\/\/www.biokari.sk\/produkt\/naturmind-maniokovy-perly-1000g\/"},"modified":"2026-04-27T19:02:04","modified_gmt":"2026-04-27T17:02:04","slug":"naturmind-maniokovy-perly-1000g","status":"publish","type":"product","link":"https:\/\/www.biokari.sk\/en\/product\/naturmind-maniokovy-perly-1000g\/","title":{"rendered":"Naturmind Mani\u00f3kov\u00fd perly 1000g"},"content":{"rendered":"<p><strong>Tapiokov\u00fd \u0161krob<\/strong>&nbsp;je prirodzene&nbsp;<strong>bezlepkov\u00e1 surovina s vysok\u00fdm obsahom sacharidov<\/strong>, ktor\u00e1 je ide\u00e1lna na r\u00fdchlu a jednoduch\u00fa pr\u00edpravu r\u00f4znych jed\u00e1l. V\u010faka svojej&nbsp;<strong>neutr\u00e1lnej chuti<\/strong>&nbsp;je univerz\u00e1lne pou\u017eite\u013en\u00fd v sladk\u00fdch aj slan\u00fdch receptoch.<\/p>\n\n\n\n<p><strong>Composition:<\/strong>&nbsp;tapiokov\u00fd \u0161krob.<\/p>\n\n\n\n<p>Tapioka poch\u00e1dza z rastliny&nbsp;<strong>maniok<\/strong>, ktor\u00e1 m\u00e1 p\u00f4vod v Strednej a Ju\u017enej Amerike, no dnes sa pestuje aj v \u00c1zii a Afrike. Ide o v\u00fdznamn\u00fd zdroj energie \u2013 po ry\u017ei a kukurici patr\u00ed medzi najd\u00f4le\u017eitej\u0161ie sacharidov\u00e9 plodiny na svete.<\/p>\n\n\n\n<p><strong>V\u00fd\u017eivov\u00e9 hodnoty v 100 g:<\/strong>&nbsp;energia&nbsp;<strong>1505 kJ \/ 354 kcal<\/strong>, tuky&nbsp;<strong>0 g<\/strong>, z toho nas\u00fdten\u00e9 mastn\u00e9 kyseliny&nbsp;<strong>0 g<\/strong>, sacharidy&nbsp;<strong>88 g<\/strong>, z toho cukry&nbsp;<strong>0 g<\/strong>, bielkoviny&nbsp;<strong>0,5 g<\/strong>, so\u013e&nbsp;<strong>0,02 g<\/strong>.<\/p>\n\n\n\n<p>Tapiokov\u00fd \u0161krob sa vyu\u017e\u00edva najm\u00e4 vo forme per\u00e1l alebo m\u00faky. Je ide\u00e1lny na pr\u00edpravu&nbsp;<strong>tapiokov\u00e9ho pudingu, dezertov, bubble tea<\/strong>, ale aj ako&nbsp;<strong>zahus\u0165ovadlo do polievok, om\u00e1\u010dok \u010di ovocn\u00fdch jed\u00e1l<\/strong>. V\u010faka svojej schopnosti viaza\u0165 vodu je vhodn\u00fd aj ako z\u00e1klad pre kr\u00e9my alebo ako dekorat\u00edvny prvok v modern\u00fdch jedl\u00e1ch.<\/p>\n\n\n\n<p><strong>Application:<\/strong>&nbsp;vhodn\u00fd na sladk\u00e9 aj slan\u00e9 jedl\u00e1, dezerty, kr\u00e9my, zahus\u0165ovanie alebo ako netradi\u010dn\u00e1 pr\u00edloha napr\u00edklad do ovocn\u00fdch polievok.<\/p>\n\n\n\n<p><strong>Storage:<\/strong>&nbsp;uchov\u00e1vajte na&nbsp;<strong>suchom a chladnom mieste<\/strong>.<\/p>\n\n\n\n<p><strong>Country of origin:<\/strong>&nbsp;uveden\u00e1 na obale produktu.<\/p>\n\n\n\n<p><strong>Warning:<\/strong>&nbsp;napriek maxim\u00e1lnej snahe o presnos\u0165 inform\u00e1ci\u00ed sa zlo\u017eenie a nutri\u010dn\u00e9 hodnoty m\u00f4\u017eu meni\u0165. V\u017edy si pre\u010d\u00edtajte \u00fadaje uveden\u00e9 priamo na obale produktu.<\/p>\n\n\n\n<p><strong>Packaging:<\/strong>\u00a01000g<\/p>","protected":false},"excerpt":{"rendered":"<p>Tapiokov\u00fd \u0161krob je prirodzene bezlepkov\u00e1 surovina s vysok\u00fdm obsahom sacharidov, ktor\u00e1 je ide\u00e1lna na r\u00fdchlu a jednoduch\u00fa pr\u00edpravu r\u00f4znych jed\u00e1l&#8230; <a href=\"#tab-description\" class=\"more-link\">Read more<\/a><\/p>","protected":false},"featured_media":11383,"comment_status":"open","ping_status":"closed","template":"","meta":{"inline_featured_image":false},"product_brand":[283],"product_cat":[316,334,71,172],"product_tag":[280,312,281],"class_list":{"0":"post-11381","1":"product","2":"type-product","3":"status-publish","4":"has-post-thumbnail","6":"product_brand-biorganik-naturmind","7":"product_cat-bezlepkove-vyrobky","8":"product_cat-kase","9":"product_cat-potraviny","10":"product_cat-musli-vlocky","11":"product_tag-bezglutenove","12":"product_tag-top-potraviny","13":"product_tag-veganske","15":"first","16":"onbackorder","17":"taxable","18":"shipping-taxable","19":"purchasable","20":"product-type-simple"},"aioseo_notices":[],"_links":{"self":[{"href":"https:\/\/www.biokari.sk\/en\/wp-json\/wp\/v2\/product\/11381","targetHints":{"allow":["GET"]}}],"collection":[{"href":"https:\/\/www.biokari.sk\/en\/wp-json\/wp\/v2\/product"}],"about":[{"href":"https:\/\/www.biokari.sk\/en\/wp-json\/wp\/v2\/types\/product"}],"replies":[{"embeddable":true,"href":"https:\/\/www.biokari.sk\/en\/wp-json\/wp\/v2\/comments?post=11381"}],"wp:featuredmedia":[{"embeddable":true,"href":"https:\/\/www.biokari.sk\/en\/wp-json\/wp\/v2\/media\/11383"}],"wp:attachment":[{"href":"https:\/\/www.biokari.sk\/en\/wp-json\/wp\/v2\/media?parent=11381"}],"wp:term":[{"taxonomy":"product_brand","embeddable":true,"href":"https:\/\/www.biokari.sk\/en\/wp-json\/wp\/v2\/product_brand?post=11381"},{"taxonomy":"product_cat","embeddable":true,"href":"https:\/\/www.biokari.sk\/en\/wp-json\/wp\/v2\/product_cat?post=11381"},{"taxonomy":"product_tag","embeddable":true,"href":"https:\/\/www.biokari.sk\/en\/wp-json\/wp\/v2\/product_tag?post=11381"}],"curies":[{"name":"wp","href":"https:\/\/api.w.org\/{rel}","templated":true}]}}