{"id":11393,"date":"2026-04-05T10:22:25","date_gmt":"2026-04-05T08:22:25","guid":{"rendered":"https:\/\/www.biokari.sk\/produkt\/naturmind-muka-zo-zelenych-bananov-250g\/"},"modified":"2026-04-05T10:31:35","modified_gmt":"2026-04-05T08:31:35","slug":"naturmind-muka-zo-zelenych-bananov-250g","status":"publish","type":"product","link":"https:\/\/www.biokari.sk\/en\/product\/naturmind-muka-zo-zelenych-bananov-250g\/","title":{"rendered":"Naturmind M\u00faka zo zelen\u00fdch ban\u00e1nov 250g"},"content":{"rendered":"<p><strong>M\u00faka zo zelen\u00e9ho ban\u00e1nu<\/strong>&nbsp;je&nbsp;<strong>prirodzene bezlepkov\u00e1 alternat\u00edva klasick\u00fdch m\u00fak<\/strong>, ktor\u00e1 je vhodn\u00e1 na \u0161irok\u00e9 vyu\u017eitie v kuchyni. V\u010faka svojim vlastnostiam dok\u00e1\u017ee&nbsp;<strong>plnohodnotne nahradi\u0165 be\u017en\u00e9 m\u00faky<\/strong>, pri\u010dom pri jej pou\u017eit\u00ed sta\u010d\u00ed pribli\u017ene&nbsp;<strong>o 25 % men\u0161ie mno\u017estvo<\/strong>.<\/p>\n\n\n\n<p>Je bohat\u00e1 na&nbsp;<strong>rezistentn\u00fd \u0161krob<\/strong>, ktor\u00fd organizmus spracov\u00e1va podobne ako vl\u00e1kninu. To znamen\u00e1, \u017ee pom\u00e1ha&nbsp;<strong>zni\u017eova\u0165 kalorick\u00fd pr\u00edjem, podporuje pocit s\u00fdtosti a priaznivo ovplyv\u0148uje hladinu cukru v krvi<\/strong>. Z\u00e1rove\u0148 obsahuje v\u00fdznamn\u00e9 mno\u017estvo&nbsp;<strong>drasl\u00edka a hor\u010d\u00edka<\/strong>, ktor\u00e9 prispievaj\u00fa k spr\u00e1vnemu fungovaniu nervov\u00e9ho syst\u00e9mu, srdca a svalov.<\/p>\n\n\n\n<p><strong>Composition:<\/strong>&nbsp;m\u00faka zo zelen\u00e9ho ban\u00e1nu.<\/p>\n\n\n\n<p>M\u00faka m\u00e1&nbsp;<strong>jemn\u00fa, neutr\u00e1lnu chu\u0165 s \u013eahk\u00fdm ban\u00e1nov\u00fdm n\u00e1dychom<\/strong>, ktor\u00fd sa pri tepelnej \u00faprave men\u00ed na sk\u00f4r zemit\u00fd t\u00f3n, tak\u017ee neovplyv\u0148uje v\u00fdsledn\u00fa chu\u0165 jed\u00e1l.<\/p>\n\n\n\n<p><strong>V\u00fd\u017eivov\u00e9 hodnoty v 100 g:<\/strong>&nbsp;energia&nbsp;<strong>1545 kJ \/ 350 kcal<\/strong>, tuky&nbsp;<strong>0,5 g<\/strong>, z toho nas\u00fdten\u00e9 mastn\u00e9 kyseliny&nbsp;<strong>0,5 g<\/strong>, sacharidy&nbsp;<strong>80,1 g<\/strong>, z toho cukry&nbsp;<strong>0,8 g<\/strong>, vl\u00e1knina&nbsp;<strong>4 g<\/strong>, bielkoviny&nbsp;<strong>2,0 g<\/strong>, so\u013e&nbsp;<strong>0 g<\/strong>.<\/p>\n\n\n\n<p><strong>Application:<\/strong>&nbsp;vhodn\u00e1 na pe\u010denie, varenie, do smoothie alebo \u0161al\u00e1tov\u00fdch dresingov. Konzistenciou pripom\u00edna jemn\u00fa bielu m\u00faku a je ide\u00e1lna ako jej zdrav\u0161ia alternat\u00edva.<\/p>\n\n\n\n<p><strong>Storage:<\/strong>&nbsp;uchov\u00e1vajte na&nbsp;<strong>suchom a chladnom mieste<\/strong>.<\/p>\n\n\n\n<p><strong>Country of origin:<\/strong>&nbsp;Stredn\u00e1 Amerika.<\/p>\n\n\n\n<p><strong>Packaging:<\/strong>\u00a0250 g<\/p>","protected":false},"excerpt":{"rendered":"<p>&#8230; <a href=\"#tab-description\" class=\"more-link\">Read more<\/a><\/p>","protected":false},"featured_media":11395,"comment_status":"open","ping_status":"closed","template":"","meta":{"inline_featured_image":false},"product_brand":[283],"product_cat":[316,71,166],"product_tag":[280,312,281],"class_list":{"0":"post-11393","1":"product","2":"type-product","3":"status-publish","4":"has-post-thumbnail","6":"product_brand-biorganik-naturmind","7":"product_cat-bezlepkove-vyrobky","8":"product_cat-potraviny","9":"product_cat-muky","10":"product_tag-bezglutenove","11":"product_tag-top-potraviny","12":"product_tag-veganske","14":"first","15":"onbackorder","16":"taxable","17":"shipping-taxable","18":"purchasable","19":"product-type-simple"},"aioseo_notices":[],"_links":{"self":[{"href":"https:\/\/www.biokari.sk\/en\/wp-json\/wp\/v2\/product\/11393","targetHints":{"allow":["GET"]}}],"collection":[{"href":"https:\/\/www.biokari.sk\/en\/wp-json\/wp\/v2\/product"}],"about":[{"href":"https:\/\/www.biokari.sk\/en\/wp-json\/wp\/v2\/types\/product"}],"replies":[{"embeddable":true,"href":"https:\/\/www.biokari.sk\/en\/wp-json\/wp\/v2\/comments?post=11393"}],"wp:featuredmedia":[{"embeddable":true,"href":"https:\/\/www.biokari.sk\/en\/wp-json\/wp\/v2\/media\/11395"}],"wp:attachment":[{"href":"https:\/\/www.biokari.sk\/en\/wp-json\/wp\/v2\/media?parent=11393"}],"wp:term":[{"taxonomy":"product_brand","embeddable":true,"href":"https:\/\/www.biokari.sk\/en\/wp-json\/wp\/v2\/product_brand?post=11393"},{"taxonomy":"product_cat","embeddable":true,"href":"https:\/\/www.biokari.sk\/en\/wp-json\/wp\/v2\/product_cat?post=11393"},{"taxonomy":"product_tag","embeddable":true,"href":"https:\/\/www.biokari.sk\/en\/wp-json\/wp\/v2\/product_tag?post=11393"}],"curies":[{"name":"wp","href":"https:\/\/api.w.org\/{rel}","templated":true}]}}