{"id":11416,"date":"2026-04-06T21:44:53","date_gmt":"2026-04-06T19:44:53","guid":{"rendered":"https:\/\/www.biokari.sk\/produkt\/naturmind-pistaciovo-ryzova-kasa-44g\/"},"modified":"2026-04-24T19:06:38","modified_gmt":"2026-04-24T17:06:38","slug":"naturmind-pistaciovo-ryzova-kasa-44g","status":"publish","type":"product","link":"https:\/\/www.biokari.sk\/en\/product\/naturmind-pistaciovo-ryzova-kasa-44g\/","title":{"rendered":"Naturmind Pist\u00e1ciovo-ry\u017eov\u00e1 ka\u0161a 44g"},"content":{"rendered":"<p><strong>Instantn\u00e1 ry\u017eov\u00e1 ka\u0161a s pr\u00edchu\u0165ou pist\u00e1cie, rastlinn\u00fdmi bielkovinami a vitam\u00ednmi<\/strong>&nbsp;je chutn\u00e1 a praktick\u00e1 vo\u013eba pre r\u00fdchle a vyv\u00e1\u017een\u00e9 jedlo po\u010das d\u0148a. V\u010faka svojmu zlo\u017eeniu je&nbsp;<strong>bezlepkov\u00e1, bezlakt\u00f3zov\u00e1 a bez s\u00f3je<\/strong>, pri\u010dom z\u00e1rove\u0148 predstavuje&nbsp;<strong>zdroj bielkov\u00edn<\/strong>&nbsp;a ide\u00e1lnu alternat\u00edvu na ra\u0148ajky alebo r\u00fdchly snack.<\/p>\n\n\n\n<p><strong>Preparation:<\/strong>&nbsp;obsah vrecka (44 g) nasypte do misky, zalejte pribli\u017ene&nbsp;<strong>200 ml hor\u00facej vody alebo rastlinn\u00e9ho n\u00e1poja<\/strong>&nbsp;a premie\u0161ajte, k\u00fdm nez\u00edskate hladk\u00fa, kr\u00e9mov\u00fa konzistenciu bez hrudiek.<\/p>\n\n\n\n<p><strong>Composition:<\/strong>&nbsp;extrudovan\u00e1 ry\u017eov\u00e1 m\u00faka (90 %), hrachov\u00fd prote\u00edn (5 %), pr\u00edrodn\u00e9 ar\u00f3my, ry\u017eov\u00fd prote\u00edn (1 %), jedl\u00e1 so\u013e, bio chlorella pr\u00e1\u0161ok, sladidl\u00e1 (sukral\u00f3za, steviol-glykozidy), glukon\u00e1t zino\u010dnat\u00fd, niac\u00edn (nikot\u00ednamid), kyselina pantot\u00e9nov\u00e1 (kalcium-D-pantoten\u00e1t), vitam\u00edn B6 (pyridox\u00edn hydrochlorid), vitam\u00edn B1 (tiam\u00edn mononitr\u00e1t), biot\u00edn (D-biot\u00edn), vitam\u00edn B12, nosn\u00e1 l\u00e1tka (maltodextr\u00edn).<\/p>\n\n\n\n<p><strong>V\u00fd\u017eivov\u00e9 hodnoty v 100 g:<\/strong>&nbsp;energia&nbsp;<strong>1462 kJ \/ 345 kcal<\/strong>, tuky&nbsp;<strong>1,5 g<\/strong>, z toho nas\u00fdten\u00e9 mastn\u00e9 kyseliny&nbsp;<strong>0,5 g<\/strong>, sacharidy&nbsp;<strong>70,7 g<\/strong>, z toho cukry&nbsp;<strong>0,6 g<\/strong>, vl\u00e1knina&nbsp;<strong>0,9 g<\/strong>, bielkoviny&nbsp;<strong>11,6 g<\/strong>, so\u013e&nbsp;<strong>1,02 g<\/strong>.<\/p>\n\n\n\n<p>Ka\u0161a je obohaten\u00e1 o&nbsp;<strong>vitam\u00edny skupiny B a zinok<\/strong>, ktor\u00e9 podporuj\u00fa spr\u00e1vne fungovanie organizmu, prispievaj\u00fa k&nbsp;<strong>energetick\u00e9mu metabolizmu<\/strong>&nbsp;a celkovej vitalite. V\u010faka vyv\u00e1\u017een\u00e9mu nutri\u010dn\u00e9mu profilu poskytuje&nbsp;<strong>dlhodob\u00fa energiu a pocit s\u00fdtosti<\/strong>.<\/p>\n\n\n\n<p><strong>Storage:<\/strong>&nbsp;uchov\u00e1vajte na&nbsp;<strong>suchom, chladnom a tmavom mieste<\/strong>.<\/p>\n\n\n\n<p><strong>Country of origin:<\/strong>&nbsp;Ma\u010farsko.<\/p>\n\n\n\n<p><strong>Warning:<\/strong>&nbsp;napriek maxim\u00e1lnej snahe o presnos\u0165 inform\u00e1ci\u00ed sa \u00fadaje na e-shope m\u00f4\u017eu mierne l\u00ed\u0161i\u0165. V\u017edy si overte aktu\u00e1lne inform\u00e1cie priamo na obale produktu.<\/p>\n\n\n\n<p><strong>Packaging:<\/strong>\u00a044 g<\/p>","protected":false},"excerpt":{"rendered":"<p>Instantn\u00e1 ry\u017eov\u00e1 ka\u0161a s pr\u00edchu\u0165ou pist\u00e1cie, rastlinn\u00fdmi bielkovinami a vitam\u00ednmi je chutn\u00e1 a praktick\u00e1 vo\u013eba pre r\u00fdchle a vyv\u00e1\u017een\u00e9 jedlo po\u010das d\u0148a&#8230; <a href=\"#tab-description\" class=\"more-link\">Read more<\/a><\/p>","protected":false},"featured_media":11417,"comment_status":"open","ping_status":"closed","template":"","meta":{"inline_featured_image":false},"product_brand":[283],"product_cat":[316,71,172],"product_tag":[280,309,281],"class_list":{"0":"post-11416","1":"product","2":"type-product","3":"status-publish","4":"has-post-thumbnail","6":"product_brand-biorganik-naturmind","7":"product_cat-bezlepkove-vyrobky","8":"product_cat-potraviny","9":"product_cat-musli-vlocky","10":"product_tag-bezglutenove","11":"product_tag-novinky","12":"product_tag-veganske","14":"first","15":"instock","16":"taxable","17":"shipping-taxable","18":"purchasable","19":"product-type-simple"},"aioseo_notices":[],"_links":{"self":[{"href":"https:\/\/www.biokari.sk\/en\/wp-json\/wp\/v2\/product\/11416","targetHints":{"allow":["GET"]}}],"collection":[{"href":"https:\/\/www.biokari.sk\/en\/wp-json\/wp\/v2\/product"}],"about":[{"href":"https:\/\/www.biokari.sk\/en\/wp-json\/wp\/v2\/types\/product"}],"replies":[{"embeddable":true,"href":"https:\/\/www.biokari.sk\/en\/wp-json\/wp\/v2\/comments?post=11416"}],"wp:featuredmedia":[{"embeddable":true,"href":"https:\/\/www.biokari.sk\/en\/wp-json\/wp\/v2\/media\/11417"}],"wp:attachment":[{"href":"https:\/\/www.biokari.sk\/en\/wp-json\/wp\/v2\/media?parent=11416"}],"wp:term":[{"taxonomy":"product_brand","embeddable":true,"href":"https:\/\/www.biokari.sk\/en\/wp-json\/wp\/v2\/product_brand?post=11416"},{"taxonomy":"product_cat","embeddable":true,"href":"https:\/\/www.biokari.sk\/en\/wp-json\/wp\/v2\/product_cat?post=11416"},{"taxonomy":"product_tag","embeddable":true,"href":"https:\/\/www.biokari.sk\/en\/wp-json\/wp\/v2\/product_tag?post=11416"}],"curies":[{"name":"wp","href":"https:\/\/api.w.org\/{rel}","templated":true}]}}