{"id":11423,"date":"2026-04-06T21:56:56","date_gmt":"2026-04-06T19:56:56","guid":{"rendered":"https:\/\/www.biokari.sk\/produkt\/naturmind-pivovarske-kvasnice-300g\/"},"modified":"2026-04-27T19:02:04","modified_gmt":"2026-04-27T17:02:04","slug":"naturmind-pivovarske-kvasnice-300g","status":"publish","type":"product","link":"https:\/\/www.biokari.sk\/en\/product\/naturmind-pivovarske-kvasnice-300g\/","title":{"rendered":"Naturmind Pivovarsk\u00e9 kvasnice 300g"},"content":{"rendered":"<p><strong>Su\u0161en\u00e9 pivovarsk\u00e9 dro\u017edie (nutri\u010dn\u00e9 dro\u017edie)<\/strong>&nbsp;sa vyr\u00e1ba z kvasinky&nbsp;<em>Saccharomyces cerevisiae<\/em>, ktor\u00e1 je n\u00e1sledne&nbsp;<strong>tepelne spracovan\u00e1 a deaktivovan\u00e1<\/strong>, tak\u017ee nie je vhodn\u00e1 na kysnutie, ale je cenn\u00fdm doplnkom stravy v\u010faka svojmu bohat\u00e9mu nutri\u010dn\u00e9mu profilu.<\/p>\n\n\n\n<p><strong>Composition:<\/strong>&nbsp;pivovarsk\u00e9 dro\u017edie, extrakt z ja\u010dmenn\u00e9ho sladu.<\/p>\n\n\n\n<p>Pivovarsk\u00e9 dro\u017edie obsahuje vysok\u00fd podiel&nbsp;<strong>kvalitn\u00fdch bielkov\u00edn<\/strong>, ktor\u00e9 tvoria takmer polovicu jeho energetickej hodnoty a obsahuj\u00fa&nbsp;<strong>v\u0161etk\u00fdch dev\u00e4\u0165 esenci\u00e1lnych aminokysel\u00edn<\/strong>. Z\u00e1rove\u0148 m\u00e1 n\u00edzky obsah tukov a cukrov. Je mimoriadne bohat\u00e9 na&nbsp;<strong>vitam\u00edny skupiny B (najm\u00e4 vitam\u00edn B12)<\/strong>&nbsp;a obsahuje aj d\u00f4le\u017eit\u00e9 miner\u00e1ly, ako s\u00fa&nbsp;<strong>zinok a sel\u00e9n<\/strong>.<\/p>\n\n\n\n<p><strong>V\u00fd\u017eivov\u00e9 hodnoty v 100 g:<\/strong>&nbsp;energia&nbsp;<strong>1345 kJ \/ 320 kcal<\/strong>, tuky&nbsp;<strong>4,8 g<\/strong>, z toho nas\u00fdten\u00e9 mastn\u00e9 kyseliny&nbsp;<strong>1,6 g<\/strong>, sacharidy&nbsp;<strong>9 g<\/strong>, z toho cukry&nbsp;<strong>9 g<\/strong>, bielkoviny&nbsp;<strong>47 g<\/strong>, so\u013e&nbsp;<strong>0,5 g<\/strong>.<\/p>\n\n\n\n<p>V\u010faka svojej prirodzenej chuti pripom\u00ednaj\u00facej&nbsp;<strong>parmez\u00e1n<\/strong>&nbsp;je ide\u00e1lne na dochucovanie jed\u00e1l. Skvelo sa hod\u00ed do&nbsp;<strong>cestov\u00edn, polievok, om\u00e1\u010dok, \u0161al\u00e1tov, dom\u00e1cich chlebov, pe\u010diva \u010di keksov<\/strong>. Po zmie\u0161an\u00ed s olejom lisovan\u00fdm za studena a koreninami vznikne chutn\u00e1&nbsp;<strong>n\u00e1tierka vhodn\u00e1 na toast<\/strong>.<\/p>\n\n\n\n<p><strong>Storage:<\/strong>&nbsp;uchov\u00e1vajte na&nbsp;<strong>suchom a chladnom mieste<\/strong>.<\/p>\n\n\n\n<p>Produkt je balen\u00fd v z\u00e1vode, kde sa sprac\u00fava aj&nbsp;<strong>s\u00f3ja, lepok, zeler, hor\u010dica a sezam<\/strong>.<\/p>\n\n\n\n<p><strong>Country of origin:<\/strong>&nbsp;Franc\u00fazsko.<\/p>\n\n\n\n<p><strong>Packaging:<\/strong>\u00a0300 g<\/p>","protected":false},"excerpt":{"rendered":"<p>Su\u0161en\u00e9 pivovarsk\u00e9 dro\u017edie (nutri\u010dn\u00e9 dro\u017edie)\u00a0sa vyr\u00e1ba z kvasinky\u00a0Saccharomyces cerevisiae, ktor\u00e1 je n\u00e1sledne\u00a0tepelne spracovan\u00e1 a deaktivovan\u00e1&#8230; <a href=\"#tab-description\" class=\"more-link\">Read more<\/a><\/p>","protected":false},"featured_media":11425,"comment_status":"open","ping_status":"closed","template":"","meta":{"inline_featured_image":false},"product_brand":[283],"product_cat":[71,172],"product_tag":[312,281],"class_list":{"0":"post-11423","1":"product","2":"type-product","3":"status-publish","4":"has-post-thumbnail","6":"product_brand-biorganik-naturmind","7":"product_cat-potraviny","8":"product_cat-musli-vlocky","9":"product_tag-top-potraviny","10":"product_tag-veganske","12":"first","13":"instock","14":"taxable","15":"shipping-taxable","16":"purchasable","17":"product-type-simple"},"aioseo_notices":[],"_links":{"self":[{"href":"https:\/\/www.biokari.sk\/en\/wp-json\/wp\/v2\/product\/11423","targetHints":{"allow":["GET"]}}],"collection":[{"href":"https:\/\/www.biokari.sk\/en\/wp-json\/wp\/v2\/product"}],"about":[{"href":"https:\/\/www.biokari.sk\/en\/wp-json\/wp\/v2\/types\/product"}],"replies":[{"embeddable":true,"href":"https:\/\/www.biokari.sk\/en\/wp-json\/wp\/v2\/comments?post=11423"}],"wp:featuredmedia":[{"embeddable":true,"href":"https:\/\/www.biokari.sk\/en\/wp-json\/wp\/v2\/media\/11425"}],"wp:attachment":[{"href":"https:\/\/www.biokari.sk\/en\/wp-json\/wp\/v2\/media?parent=11423"}],"wp:term":[{"taxonomy":"product_brand","embeddable":true,"href":"https:\/\/www.biokari.sk\/en\/wp-json\/wp\/v2\/product_brand?post=11423"},{"taxonomy":"product_cat","embeddable":true,"href":"https:\/\/www.biokari.sk\/en\/wp-json\/wp\/v2\/product_cat?post=11423"},{"taxonomy":"product_tag","embeddable":true,"href":"https:\/\/www.biokari.sk\/en\/wp-json\/wp\/v2\/product_tag?post=11423"}],"curies":[{"name":"wp","href":"https:\/\/api.w.org\/{rel}","templated":true}]}}