{"id":11433,"date":"2026-04-06T22:32:59","date_gmt":"2026-04-06T20:32:59","guid":{"rendered":"https:\/\/www.biokari.sk\/produkt\/naturmind-prazene-pohankove-vlocky-250g\/"},"modified":"2026-04-24T19:06:33","modified_gmt":"2026-04-24T17:06:33","slug":"naturmind-prazene-pohankove-vlocky-250g","status":"publish","type":"product","link":"https:\/\/www.biokari.sk\/en\/product\/naturmind-prazene-pohankove-vlocky-250g\/","title":{"rendered":"Naturmind Pra\u017een\u00e9 poh\u00e1nkov\u00e9 vlo\u010dky 250g"},"content":{"rendered":"<p><strong>Poh\u00e1nkov\u00e9 vlo\u010dky<\/strong>&nbsp;s\u00fa v\u00fd\u017eivn\u00e1 surovina bohat\u00e1 na&nbsp;<strong>vl\u00e1kninu a rastlinn\u00e9 bielkoviny<\/strong>, ide\u00e1lna na r\u00fdchlu pr\u00edpravu zdrav\u00fdch jed\u00e1l. Neobsahuj\u00fa pridan\u00fd cukor ani adit\u00edva a predstavuj\u00fa skvel\u00fa alternat\u00edvu ku klasick\u00fdm obilnin\u00e1m.<\/p>\n\n\n\n<p><strong>Composition:<\/strong>&nbsp;poh\u00e1nkov\u00e9 vlo\u010dky.<\/p>\n\n\n\n<p>Poh\u00e1nka poch\u00e1dza z oblasti strednej \u00c1zie a patr\u00ed medzi prirodzene v\u00fd\u017eivn\u00e9 plodiny. Aj po spracovan\u00ed si zachov\u00e1va svoje cenn\u00e9 vlastnosti \u2013 obsahuje&nbsp;<strong>vl\u00e1kninu podporuj\u00facu tr\u00e1venie<\/strong>, pom\u00e1ha pri regul\u00e1cii hladiny cukru v krvi a m\u00f4\u017ee prispie\u0165 k zn\u00ed\u017eeniu cholesterolu. Je bohat\u00e1 na&nbsp;<strong>aminokyseliny (najm\u00e4 metion\u00edn a lyz\u00edn)<\/strong>, vitam\u00edny skupiny B a miner\u00e1ly ako&nbsp;<strong>hor\u010d\u00edk, drasl\u00edk, zinok a kyselina listov\u00e1<\/strong>.<\/p>\n\n\n\n<p>V\u010faka obsahu antioxidantov a flavonoidov podporuje&nbsp;<strong>zdravie srdcovo-cievneho syst\u00e9mu<\/strong>&nbsp;a l\u00e1tka rutin prispieva k&nbsp;<strong>spevneniu ciev a zlep\u0161eniu krvn\u00e9ho obehu<\/strong>.<\/p>\n\n\n\n<p><strong>V\u00fd\u017eivov\u00e9 hodnoty v 100 g:<\/strong>&nbsp;energia&nbsp;<strong>1530 kJ \/ 366 kcal<\/strong>, tuky&nbsp;<strong>3,0 g<\/strong>, z toho nas\u00fdten\u00e9 mastn\u00e9 kyseliny&nbsp;<strong>1,0 g<\/strong>, sacharidy&nbsp;<strong>71,0 g<\/strong>, z toho cukry&nbsp;<strong>2,0 g<\/strong>, bielkoviny&nbsp;<strong>12,0 g<\/strong>, so\u013e&nbsp;<strong>0,01 g<\/strong>.<\/p>\n\n\n\n<p><strong>Warning:<\/strong>&nbsp;m\u00f4\u017ee obsahova\u0165 lepok v d\u00f4sledku spracovania. Produkt je balen\u00fd v z\u00e1vode, kde sa sprac\u00fava aj&nbsp;<strong>s\u00f3ja, zeler, hor\u010dica a sezam<\/strong>.<\/p>\n\n\n\n<p><strong>Application:<\/strong>&nbsp;vlo\u010dky ve\u013emi r\u00fdchlo m\u00e4kn\u00fa, nie je potrebn\u00e9 ich vari\u0165 \u2013 sta\u010d\u00ed ich zalia\u0165 hor\u00facou vodou a za&nbsp;<strong>2\u20133 min\u00faty<\/strong>&nbsp;je ka\u0161a hotov\u00e1. M\u00f4\u017eu sa dochuti\u0165 ovoc\u00edm, karobom, orechmi alebo prida\u0165 do m\u00fcsli. Vhodn\u00e9 s\u00fa aj do&nbsp;<strong>plniek, fa\u0161\u00edrok, raw dezertov \u010di na chrumkav\u00e9 oba\u013eovanie<\/strong>.<\/p>\n\n\n\n<p><strong>Storage:<\/strong>&nbsp;uchov\u00e1vajte na&nbsp;<strong>suchom a chladnom mieste<\/strong>.<\/p>\n\n\n\n<p><strong>Country of origin:<\/strong>&nbsp;uveden\u00e1 na obale produktu.<\/p>\n\n\n\n<p><strong>Warning:<\/strong>&nbsp;napriek maxim\u00e1lnej snahe o presnos\u0165 inform\u00e1ci\u00ed sa \u00fadaje na e-shope m\u00f4\u017eu mierne l\u00ed\u0161i\u0165. V\u017edy si overte aktu\u00e1lne inform\u00e1cie priamo na obale produktu.<\/p>\n\n\n\n<p><strong>Packaging:<\/strong>&nbsp;250 g<\/p>","protected":false},"excerpt":{"rendered":"<p>Poh\u00e1nkov\u00e9 vlo\u010dky\u00a0s\u00fa v\u00fd\u017eivn\u00e1 surovina bohat\u00e1 na\u00a0vl\u00e1kninu a rastlinn\u00e9 bielkoviny, ide\u00e1lna na r\u00fdchlu pr\u00edpravu zdrav\u00fdch jed\u00e1l. Neobsahuj\u00fa pridan\u00fd&#8230; <a href=\"#tab-description\" class=\"more-link\">Read more<\/a><\/p>","protected":false},"featured_media":11435,"comment_status":"open","ping_status":"closed","template":"","meta":{"inline_featured_image":false},"product_brand":[283],"product_cat":[71,172],"product_tag":[309,281],"class_list":{"0":"post-11433","1":"product","2":"type-product","3":"status-publish","4":"has-post-thumbnail","6":"product_brand-biorganik-naturmind","7":"product_cat-potraviny","8":"product_cat-musli-vlocky","9":"product_tag-novinky","10":"product_tag-veganske","12":"first","13":"instock","14":"taxable","15":"shipping-taxable","16":"purchasable","17":"product-type-simple"},"aioseo_notices":[],"_links":{"self":[{"href":"https:\/\/www.biokari.sk\/en\/wp-json\/wp\/v2\/product\/11433","targetHints":{"allow":["GET"]}}],"collection":[{"href":"https:\/\/www.biokari.sk\/en\/wp-json\/wp\/v2\/product"}],"about":[{"href":"https:\/\/www.biokari.sk\/en\/wp-json\/wp\/v2\/types\/product"}],"replies":[{"embeddable":true,"href":"https:\/\/www.biokari.sk\/en\/wp-json\/wp\/v2\/comments?post=11433"}],"wp:featuredmedia":[{"embeddable":true,"href":"https:\/\/www.biokari.sk\/en\/wp-json\/wp\/v2\/media\/11435"}],"wp:attachment":[{"href":"https:\/\/www.biokari.sk\/en\/wp-json\/wp\/v2\/media?parent=11433"}],"wp:term":[{"taxonomy":"product_brand","embeddable":true,"href":"https:\/\/www.biokari.sk\/en\/wp-json\/wp\/v2\/product_brand?post=11433"},{"taxonomy":"product_cat","embeddable":true,"href":"https:\/\/www.biokari.sk\/en\/wp-json\/wp\/v2\/product_cat?post=11433"},{"taxonomy":"product_tag","embeddable":true,"href":"https:\/\/www.biokari.sk\/en\/wp-json\/wp\/v2\/product_tag?post=11433"}],"curies":[{"name":"wp","href":"https:\/\/api.w.org\/{rel}","templated":true}]}}