{"id":11463,"date":"2026-04-06T23:15:09","date_gmt":"2026-04-06T21:15:09","guid":{"rendered":"https:\/\/www.biokari.sk\/produkt\/naturmind-quinoa-500g\/"},"modified":"2026-04-29T19:03:11","modified_gmt":"2026-04-29T17:03:11","slug":"naturmind-quinoa-500g","status":"publish","type":"product","link":"https:\/\/www.biokari.sk\/en\/product\/naturmind-quinoa-500g\/","title":{"rendered":"Naturmind Quinoa 500g"},"content":{"rendered":"<p><strong>Quinoa<\/strong>&nbsp;je prirodzene&nbsp;<strong>bezlepkov\u00e1 superpotravina<\/strong>&nbsp;s vysok\u00fdm obsahom&nbsp;<strong>bielkov\u00edn<\/strong>, ktor\u00e1 predstavuje v\u00fd\u017eivn\u00fa alternat\u00edvu klasick\u00fdch obiln\u00edn.<\/p>\n\n\n\n<p><strong>Composition:<\/strong>&nbsp;quinoa.<\/p>\n\n\n\n<p>Quinoa poch\u00e1dza z Ju\u017enej Ameriky a hoci nepatr\u00ed medzi obilniny, svoj\u00edm vyu\u017eit\u00edm a nutri\u010dn\u00fdmi hodnotami sa im ve\u013emi podob\u00e1. U\u017e star\u00ed Inkovia ju naz\u00fdvali \u201ematkou obiln\u00edn\u201c a vyu\u017e\u00edvali ju nielen v strave, ale aj pri ritu\u00e1loch.<\/p>\n\n\n\n<p><strong>V\u00fd\u017eivov\u00e9 hodnoty v 100 g:<\/strong>&nbsp;energia&nbsp;<strong>1498 kJ \/ 372 kcal<\/strong>, tuky&nbsp;<strong>6,3 g<\/strong>, z toho nas\u00fdten\u00e9 mastn\u00e9 kyseliny&nbsp;<strong>0,7 g<\/strong>, sacharidy&nbsp;<strong>62,5 g<\/strong>, z toho cukry&nbsp;<strong>4,9 g<\/strong>, bielkoviny&nbsp;<strong>15,2 g<\/strong>, so\u013e&nbsp;<strong>0,01 g<\/strong>.<\/p>\n\n\n\n<p>Quinoa je bohat\u00e1 na&nbsp;<strong>kvalitn\u00e9 rastlinn\u00e9 bielkoviny<\/strong>&nbsp;a obsahuje v\u0161etky esenci\u00e1lne aminokyseliny (napr. metion\u00edn, lyz\u00edn a cyst\u00edn). Z\u00e1rove\u0148 je v\u00fdznamn\u00fdm zdrojom&nbsp;<strong>miner\u00e1lov<\/strong>&nbsp;ako drasl\u00edk, hor\u010d\u00edk, v\u00e1pnik, \u017eelezo a fosfor, ako aj&nbsp;<strong>vitam\u00ednov skupiny B a vitam\u00ednu E<\/strong>.<\/p>\n\n\n\n<p>V\u010faka tomu, \u017ee&nbsp;<strong>neobsahuje lepok<\/strong>, je vhodn\u00e1 aj pre osoby s intoleranciou na lepok.<\/p>\n\n\n\n<p>Prirodzene je quinoa pokryt\u00e1 vrstvou sapon\u00ednov, ktor\u00e9 m\u00f4\u017eu ma\u0165 mierne horkast\u00fa chu\u0165, preto sa odpor\u00fa\u010da ju pred pr\u00edpravou&nbsp;<strong>d\u00f4kladne prepl\u00e1chnu\u0165<\/strong>.<\/p>\n\n\n\n<p><strong>Application:<\/strong>&nbsp;po premyt\u00ed varte v dvojn\u00e1sobnom mno\u017estve vody pribli\u017ene&nbsp;<strong>15 min\u00fat<\/strong>. M\u00f4\u017ee sa pou\u017ei\u0165 ako&nbsp;<strong>pr\u00edloha, ka\u0161a, do \u0161al\u00e1tov alebo dezertov<\/strong>. V\u010faka neutr\u00e1lnej chuti je vhodn\u00e1 na sladk\u00e9 aj slan\u00e9 jedl\u00e1.<\/p>\n\n\n\n<p><strong>Storage:<\/strong>&nbsp;uchov\u00e1vajte na&nbsp;<strong>suchom a chladnom mieste<\/strong>.<\/p>\n\n\n\n<p><strong>Country of origin:<\/strong>&nbsp;uveden\u00e1 na obale produktu.<\/p>\n\n\n\n<p><strong>Warning:<\/strong>&nbsp;napriek maxim\u00e1lnej snahe o presnos\u0165 inform\u00e1ci\u00ed sa \u00fadaje na e-shope m\u00f4\u017eu mierne l\u00ed\u0161i\u0165. V\u017edy si overte aktu\u00e1lne inform\u00e1cie priamo na obale produktu.<\/p>\n\n\n\n<p><strong>Packaging:<\/strong>\u00a0500 g<\/p>","protected":false},"excerpt":{"rendered":"<p>Quinoa je prirodzene bezlepkov\u00e1 superpotravina s vysok\u00fdm obsahom bielkov\u00edn, ktor\u00e1 predstavuje v\u00fd\u017eivn\u00fa alternat\u00edvu klasick\u00fdch obiln\u00edn&#8230; <a href=\"#tab-description\" class=\"more-link\">Read more<\/a><\/p>","protected":false},"featured_media":11464,"comment_status":"open","ping_status":"closed","template":"","meta":{"inline_featured_image":false},"product_brand":[283],"product_cat":[316,71,167],"product_tag":[280,313,312,281],"class_list":{"0":"post-11463","1":"product","2":"type-product","3":"status-publish","4":"has-post-thumbnail","6":"product_brand-biorganik-naturmind","7":"product_cat-bezlepkove-vyrobky","8":"product_cat-potraviny","9":"product_cat-prilohy","10":"product_tag-bezglutenove","11":"product_tag-top-ostatne","12":"product_tag-top-potraviny","13":"product_tag-veganske","15":"first","16":"instock","17":"taxable","18":"shipping-taxable","19":"purchasable","20":"product-type-simple"},"aioseo_notices":[],"_links":{"self":[{"href":"https:\/\/www.biokari.sk\/en\/wp-json\/wp\/v2\/product\/11463","targetHints":{"allow":["GET"]}}],"collection":[{"href":"https:\/\/www.biokari.sk\/en\/wp-json\/wp\/v2\/product"}],"about":[{"href":"https:\/\/www.biokari.sk\/en\/wp-json\/wp\/v2\/types\/product"}],"replies":[{"embeddable":true,"href":"https:\/\/www.biokari.sk\/en\/wp-json\/wp\/v2\/comments?post=11463"}],"wp:featuredmedia":[{"embeddable":true,"href":"https:\/\/www.biokari.sk\/en\/wp-json\/wp\/v2\/media\/11464"}],"wp:attachment":[{"href":"https:\/\/www.biokari.sk\/en\/wp-json\/wp\/v2\/media?parent=11463"}],"wp:term":[{"taxonomy":"product_brand","embeddable":true,"href":"https:\/\/www.biokari.sk\/en\/wp-json\/wp\/v2\/product_brand?post=11463"},{"taxonomy":"product_cat","embeddable":true,"href":"https:\/\/www.biokari.sk\/en\/wp-json\/wp\/v2\/product_cat?post=11463"},{"taxonomy":"product_tag","embeddable":true,"href":"https:\/\/www.biokari.sk\/en\/wp-json\/wp\/v2\/product_tag?post=11463"}],"curies":[{"name":"wp","href":"https:\/\/api.w.org\/{rel}","templated":true}]}}