{"id":11466,"date":"2026-04-06T23:19:24","date_gmt":"2026-04-06T21:19:24","guid":{"rendered":"https:\/\/www.biokari.sk\/produkt\/naturmind-susene-datle-500g\/"},"modified":"2026-04-27T19:02:04","modified_gmt":"2026-04-27T17:02:04","slug":"naturmind-susene-datle-500g","status":"publish","type":"product","link":"https:\/\/www.biokari.sk\/en\/product\/naturmind-susene-datle-500g\/","title":{"rendered":"Naturmind Su\u0161en\u00e9 datle 500g"},"content":{"rendered":"<p><strong>Su\u0161en\u00e9 datle bez k\u00f4stok<\/strong>&nbsp;s\u00fa prirodzene sladk\u00e9 a v\u00fd\u017eivn\u00e9 ovocie, ktor\u00e9 predstavuje&nbsp;<strong>zdrav\u00fa alternat\u00edvu dezertov<\/strong>. Okrem skvelej chuti podporuj\u00fa aj&nbsp;<strong>spr\u00e1vne tr\u00e1venie<\/strong>.<\/p>\n\n\n\n<p><strong>Composition:<\/strong>&nbsp;datle.<\/p>\n\n\n\n<p>Datle s\u00fa plodom dat\u013eovej palmy, typickej pre oblas\u0165 Bl\u00edzkeho v\u00fdchodu. U\u017e tis\u00edce rokov s\u00fa zn\u00e1me ako v\u00fdnimo\u010dne v\u00fd\u017eivn\u00e1 potravina, ktor\u00fa si \u013eudia cenili nielen pre jej chu\u0165, ale aj praktickos\u0165 \u2013 v\u010faka malej ve\u013ekosti a vysokej energetickej hodnote boli ide\u00e1lnym zdrojom energie na cest\u00e1ch.<\/p>\n\n\n\n<p><strong>V\u00fd\u017eivov\u00e9 hodnoty v 100 g:<\/strong>&nbsp;energia&nbsp;<strong>1368 kJ \/ 323 kcal<\/strong>, tuky&nbsp;<strong>0,2 g<\/strong>, z toho nas\u00fdten\u00e9 mastn\u00e9 kyseliny&nbsp;<strong>0 g<\/strong>, sacharidy&nbsp;<strong>74 g<\/strong>, z toho cukry&nbsp;<strong>72 g<\/strong>, bielkoviny&nbsp;<strong>2,4 g<\/strong>, so\u013e&nbsp;<strong>0,02 g<\/strong>.<\/p>\n\n\n\n<p>Datle obsahuj\u00fa prirodzen\u00e9 cukry, v\u010faka ktor\u00fdm s\u00fa&nbsp;<strong>r\u00fdchlym zdrojom energie<\/strong>, vhodn\u00fdm napr\u00edklad pre \u0161portovcov alebo pri fyzickej z\u00e1\u0165a\u017ei. Z\u00e1rove\u0148 poskytuj\u00fa&nbsp;<strong>vl\u00e1kninu, vitam\u00edny, antioxidanty a miner\u00e1ly<\/strong>, ktor\u00e9 prispievaj\u00fa k celkov\u00e9mu zdraviu organizmu.<\/p>\n\n\n\n<p>Vysok\u00fd obsah vl\u00e1kniny podporuje&nbsp;<strong>spr\u00e1vne tr\u00e1venie<\/strong>&nbsp;a m\u00f4\u017ee pom\u00f4c\u0165 pri z\u00e1pche. S\u00fa preto vhodnou vo\u013ebou pre ka\u017ed\u00e9ho, kto chce nahradi\u0165 klasick\u00e9 sladkosti&nbsp;<strong>prirodzenej\u0161ou alternat\u00edvou bez \u201epr\u00e1zdnych kal\u00f3ri\u00ed\u201c<\/strong>.<\/p>\n\n\n\n<p><strong>Application:<\/strong>&nbsp;datle s\u00fa chutn\u00e9 samostatne, ale v\u00fdborne sa hodia aj do&nbsp;<strong>dezertov, \u0161al\u00e1tov, hlavn\u00fdch jed\u00e1l \u010di om\u00e1\u010dok<\/strong>. V\u010faka svojej prirodzenej sladkosti m\u00f4\u017eu \u010diasto\u010dne alebo \u00faplne nahradi\u0165 cukor pri pe\u010den\u00ed.<\/p>\n\n\n\n<p><strong>Storage:<\/strong>&nbsp;uchov\u00e1vajte na&nbsp;<strong>suchom a chladnom mieste<\/strong>.<\/p>\n\n\n\n<p><strong>Country of origin:<\/strong>&nbsp;uveden\u00e1 na obale produktu.<\/p>\n\n\n\n<p><strong>Warning:<\/strong>\u00a0napriek maxim\u00e1lnej snahe o presnos\u0165 inform\u00e1ci\u00ed sa \u00fadaje na e-shope m\u00f4\u017eu mierne l\u00ed\u0161i\u0165. V\u017edy si overte aktu\u00e1lne inform\u00e1cie priamo na obale produktu. <\/p>\n\n\n\n<p><strong>Packaging: <\/strong>500 g<\/p>","protected":false},"excerpt":{"rendered":"<p>Su\u0161en\u00e9 datle bez k\u00f4stok s\u00fa prirodzene sladk\u00e9 a v\u00fd\u017eivn\u00e9 ovocie, ktor\u00e9 predstavuje zdrav\u00fa alternat\u00edvu dezertov. Okrem skvelej chuti podporuj\u00fa &#8230; <a href=\"#tab-description\" class=\"more-link\">Read more<\/a><\/p>","protected":false},"featured_media":11469,"comment_status":"open","ping_status":"closed","template":"","meta":{"inline_featured_image":false},"product_brand":[283],"product_cat":[71,174,178],"product_tag":[280,312,281],"class_list":{"0":"post-11466","1":"product","2":"type-product","3":"status-publish","4":"has-post-thumbnail","6":"product_brand-biorganik-naturmind","7":"product_cat-potraviny","8":"product_cat-maskrty","9":"product_cat-sladke-maskrty","10":"product_tag-bezglutenove","11":"product_tag-top-potraviny","12":"product_tag-veganske","14":"first","15":"instock","16":"taxable","17":"shipping-taxable","18":"purchasable","19":"product-type-simple"},"aioseo_notices":[],"_links":{"self":[{"href":"https:\/\/www.biokari.sk\/en\/wp-json\/wp\/v2\/product\/11466","targetHints":{"allow":["GET"]}}],"collection":[{"href":"https:\/\/www.biokari.sk\/en\/wp-json\/wp\/v2\/product"}],"about":[{"href":"https:\/\/www.biokari.sk\/en\/wp-json\/wp\/v2\/types\/product"}],"replies":[{"embeddable":true,"href":"https:\/\/www.biokari.sk\/en\/wp-json\/wp\/v2\/comments?post=11466"}],"wp:featuredmedia":[{"embeddable":true,"href":"https:\/\/www.biokari.sk\/en\/wp-json\/wp\/v2\/media\/11469"}],"wp:attachment":[{"href":"https:\/\/www.biokari.sk\/en\/wp-json\/wp\/v2\/media?parent=11466"}],"wp:term":[{"taxonomy":"product_brand","embeddable":true,"href":"https:\/\/www.biokari.sk\/en\/wp-json\/wp\/v2\/product_brand?post=11466"},{"taxonomy":"product_cat","embeddable":true,"href":"https:\/\/www.biokari.sk\/en\/wp-json\/wp\/v2\/product_cat?post=11466"},{"taxonomy":"product_tag","embeddable":true,"href":"https:\/\/www.biokari.sk\/en\/wp-json\/wp\/v2\/product_tag?post=11466"}],"curies":[{"name":"wp","href":"https:\/\/api.w.org\/{rel}","templated":true}]}}