{"id":11491,"date":"2026-04-07T22:54:24","date_gmt":"2026-04-07T20:54:24","guid":{"rendered":"https:\/\/www.biokari.sk\/produkt\/naturmind-trstinovy-cukor-1000g\/"},"modified":"2026-04-25T19:02:10","modified_gmt":"2026-04-25T17:02:10","slug":"naturmind-trstinovy-cukor-1000g","status":"publish","type":"product","link":"https:\/\/www.biokari.sk\/en\/product\/naturmind-trstinovy-cukor-1000g\/","title":{"rendered":"Naturmind Trstinov\u00fd cukor 1000g"},"content":{"rendered":"<p data-start=\"84\" data-end=\"477\"><strong data-start=\"84\" data-end=\"103\">Trstinov\u00fd cukor<\/strong> je pr\u00edrodn\u00e9 sladidlo z\u00edskavan\u00e9 z cukrovej trstiny pestovanej v tropick\u00fdch a subtropick\u00fdch oblastiach. Ide o <strong data-start=\"212\" data-end=\"242\">obnovite\u013en\u00fd pr\u00edrodn\u00fd zdroj<\/strong>, ke\u010f\u017ee pri zbere sa rastlina nevy\u0165ahuje zo zeme, ale odrez\u00e1va sa iba jej stonka, v\u010faka \u010domu m\u00f4\u017ee op\u00e4tovne dorasta\u0165 bez nutnosti op\u00e4tovn\u00e9ho vys\u00e1dzania. Tento sp\u00f4sob pestovania je nielen ekonomick\u00fd, ale aj \u0161etrn\u00fd k \u017eivotn\u00e9mu prostrediu.<\/p>\n<p data-start=\"479\" data-end=\"827\">Trstinov\u00fd cukor sa z\u00edskava zo \u0161\u0165avy du\u017einat\u00fdch stoniek cukrovej trstiny bez pou\u017eitia pr\u00eddavn\u00fdch l\u00e1tok. Po\u010das spracovania sa oddel\u00ed kry\u0161talick\u00fd cukor a melasa (ved\u013eaj\u0161\u00ed produkt vyu\u017e\u00edvan\u00fd napr\u00edklad pri v\u00fdrobe rumu), pri\u010dom \u010das\u0165 prirodzen\u00fdch farb\u00edv zost\u00e1va zachovan\u00e1 v kry\u0161t\u00e1loch. V\u010faka tomu m\u00e1 cukor svoju <strong data-start=\"783\" data-end=\"826\">pr\u00edjemn\u00fa farbu a jemne karamelov\u00fa ar\u00f3mu<\/strong>.<\/p>\n<p data-start=\"829\" data-end=\"974\">Pri v\u00fdrobe bio trstinov\u00e9ho cukru prebieha iba jedna kry\u0161taliz\u00e1cia, \u010d\u00edm ide o <strong data-start=\"906\" data-end=\"938\">menej rafinovan\u00fa formu cukru<\/strong> (okrem surov\u00e9ho trstinov\u00e9ho cukru).<\/p>\n<p data-start=\"976\" data-end=\"1260\">Z chemick\u00e9ho h\u013eadiska ide o <strong data-start=\"1004\" data-end=\"1017\">sachar\u00f3zu<\/strong>, rovnako ako pri repnom cukre, preto sa jeho konzum\u00e1cia neodpor\u00fa\u010da vo zv\u00fd\u0161enej miere osob\u00e1m, ktor\u00e9 si musia sledova\u0165 pr\u00edjem cukru. V\u010faka svojmu pr\u00edrodn\u00e9mu p\u00f4vodu bez umel\u00fdch pr\u00edsad v\u0161ak predstavuje <strong data-start=\"1216\" data-end=\"1259\">kvalitn\u00fa alternat\u00edvu pre be\u017en\u00e9 pou\u017eitie<\/strong>.<\/p>\n<p data-start=\"1262\" data-end=\"1527\"><strong data-start=\"1262\" data-end=\"1275\">Application:<\/strong> vhodn\u00fd na sladenie n\u00e1pojov, pe\u010denie, varenie aj studen\u00fa kuchy\u0148u. M\u00e1 <strong data-start=\"1344\" data-end=\"1376\">pln\u0161iu a aromatickej\u0161iu chu\u0165<\/strong>, ktor\u00e1 dod\u00e1 jedl\u00e1m osobit\u00fd charakter. Odpor\u00fa\u010da sa najm\u00e4 do receptov, kde hr\u00e1 chu\u0165 cukru d\u00f4le\u017eit\u00fa \u00falohu, ako s\u00fa napr\u00edklad kr\u00e9my, pusinky alebo karamel.<\/p>\n<p data-start=\"1529\" data-end=\"1589\"><strong data-start=\"1529\" data-end=\"1544\">Dosage:<\/strong> rovnak\u00e9 ako pri klasickom kry\u0161t\u00e1lovom cukre.<\/p>\n<p data-start=\"1591\" data-end=\"1621\"><strong data-start=\"1591\" data-end=\"1604\">Composition:<\/strong> trstinov\u00fd cukor.<\/p>\n<p data-start=\"1623\" data-end=\"1806\"><strong data-start=\"1623\" data-end=\"1655\">V\u00fd\u017eivov\u00e9 hodnoty (na 100 g):<\/strong> energia 1700 kJ \/ 400 kcal, tuky 0 g (z toho nas\u00fdten\u00e9 mastn\u00e9 kyseliny 0 g), sacharidy 99 g (z toho cukry 99 g), vl\u00e1knina 0 g, bielkoviny 0 g, so\u013e 0 g.<\/p>\n<p data-start=\"1808\" data-end=\"1865\"><strong data-start=\"1808\" data-end=\"1824\">Storage:<\/strong> store in a cool, dry place.<\/p>\n<p data-start=\"1867\" data-end=\"1898\"><strong data-start=\"1867\" data-end=\"1886\">Country of origin:<\/strong> Franc\u00fazsko.<\/p>\n<p data-start=\"1867\" data-end=\"1898\"><strong>Weight:<\/strong> 1000g<\/p>","protected":false},"excerpt":{"rendered":"<p>Trstinov\u00fd cukor je pr\u00edrodn\u00e9 sladidlo z\u00edskavan\u00e9 z cukrovej trstiny pestovanej v tropick\u00fdch a subtropick\u00fdch oblastiach. Ide o obnovite\u013en\u00fd pr\u00edrodn\u00fd zdroj&#8230; <a href=\"#tab-description\" class=\"more-link\">Read more<\/a><\/p>","protected":false},"featured_media":11494,"comment_status":"open","ping_status":"closed","template":"","meta":{"inline_featured_image":false},"product_brand":[283],"product_cat":[361,71],"product_tag":[313,312,281],"class_list":{"0":"post-11491","1":"product","2":"type-product","3":"status-publish","4":"has-post-thumbnail","6":"product_brand-biorganik-naturmind","7":"product_cat-cukor-potraviny","8":"product_cat-potraviny","9":"product_tag-top-ostatne","10":"product_tag-top-potraviny","11":"product_tag-veganske","13":"first","14":"instock","15":"taxable","16":"shipping-taxable","17":"purchasable","18":"product-type-simple"},"aioseo_notices":[],"_links":{"self":[{"href":"https:\/\/www.biokari.sk\/en\/wp-json\/wp\/v2\/product\/11491","targetHints":{"allow":["GET"]}}],"collection":[{"href":"https:\/\/www.biokari.sk\/en\/wp-json\/wp\/v2\/product"}],"about":[{"href":"https:\/\/www.biokari.sk\/en\/wp-json\/wp\/v2\/types\/product"}],"replies":[{"embeddable":true,"href":"https:\/\/www.biokari.sk\/en\/wp-json\/wp\/v2\/comments?post=11491"}],"wp:featuredmedia":[{"embeddable":true,"href":"https:\/\/www.biokari.sk\/en\/wp-json\/wp\/v2\/media\/11494"}],"wp:attachment":[{"href":"https:\/\/www.biokari.sk\/en\/wp-json\/wp\/v2\/media?parent=11491"}],"wp:term":[{"taxonomy":"product_brand","embeddable":true,"href":"https:\/\/www.biokari.sk\/en\/wp-json\/wp\/v2\/product_brand?post=11491"},{"taxonomy":"product_cat","embeddable":true,"href":"https:\/\/www.biokari.sk\/en\/wp-json\/wp\/v2\/product_cat?post=11491"},{"taxonomy":"product_tag","embeddable":true,"href":"https:\/\/www.biokari.sk\/en\/wp-json\/wp\/v2\/product_tag?post=11491"}],"curies":[{"name":"wp","href":"https:\/\/api.w.org\/{rel}","templated":true}]}}