{"id":11504,"date":"2026-04-09T22:34:13","date_gmt":"2026-04-09T20:34:13","guid":{"rendered":"https:\/\/www.biokari.sk\/produkt\/apivitalis-bio-materska-kasicka-50g\/"},"modified":"2026-04-09T22:44:33","modified_gmt":"2026-04-09T20:44:33","slug":"apivitalis-bio-materska-kasicka-50g","status":"publish","type":"product","link":"https:\/\/www.biokari.sk\/en\/product\/apivitalis-bio-materska-kasicka-50g\/","title":{"rendered":"Apivitalis BIO Materska ka\u0161i\u010dka 50g"},"content":{"rendered":"<p><strong>\u010cerstv\u00e1 \u010dist\u00e1 BIO matersk\u00e1 ka\u0161i\u010dka (Royal Jelly)<\/strong>&nbsp;predstavuje&nbsp;<strong>exkluz\u00edvnu pr\u00edrodn\u00fa superpotravinu<\/strong>&nbsp;s v\u00fdnimo\u010dn\u00fdm zlo\u017een\u00edm a vysokou biologickou hodnotou. Ide o&nbsp;<strong>\u017eltkast\u00fa, jemne visk\u00f3znu l\u00e1tku<\/strong>, ktor\u00fa produkuj\u00fa v\u010dely robotnice zo svojich hltanov\u00fdch \u017eliaz a ktor\u00e1 tvor\u00ed&nbsp;<strong>v\u00fdhradn\u00fa potravu v\u010delej kr\u00e1\u013eovnej po\u010das cel\u00e9ho jej \u017eivota<\/strong>.<\/p>\n\n\n\n<p>T\u00e1to jedine\u010dn\u00e1 pr\u00edrodn\u00e1 substancia je cenen\u00e1 pre svoj komplexn\u00fd obsah \u017eiv\u00edn a patr\u00ed medzi najhodnotnej\u0161ie produkty \u00fa\u013ea. V\u010faka \u0161etrn\u00e9mu spracovaniu si zachov\u00e1va svoju&nbsp;<strong>\u010distotu, prirodzenos\u0165 a vysok\u00fa kvalitu<\/strong>.<\/p>\n\n\n\n<p><strong>Composition:<\/strong>&nbsp;100 % \u010derstv\u00e1 BIO matersk\u00e1 ka\u0161i\u010dka.<\/p>\n\n\n\n<p>Matersk\u00e1 ka\u0161i\u010dka prirodzene obsahuje&nbsp;<strong>vysok\u00fd podiel vody (cca 60\u201370 %)<\/strong>,&nbsp;<strong>bielkoviny a esenci\u00e1lne aminokyseliny (cca 12\u201315 %)<\/strong>,&nbsp;<strong>sacharidy (cca 10\u201316 %)<\/strong>&nbsp;a&nbsp;<strong>mastn\u00e9 kyseliny (cca 3\u20136 %)<\/strong>, pri\u010dom v\u00fdznamnou zlo\u017ekou je&nbsp;<strong>10-HDA (min. 2 %)<\/strong>&nbsp;\u2013 prirodzene sa vyskytuj\u00faca l\u00e1tka typick\u00e1 pre matersk\u00fa ka\u0161i\u010dku. Z\u00e1rove\u0148 je bohat\u00e1 na&nbsp;<strong>vitam\u00edny skupiny B (B1, B2, B3, B5, B6, B7, B9)<\/strong>&nbsp;a obsahuje aj miner\u00e1lne l\u00e1tky ako&nbsp;<strong>v\u00e1pnik, hor\u010d\u00edk, drasl\u00edk, \u017eelezo \u010di zinok<\/strong>. S\u00fa\u010das\u0165ou s\u00fa aj prirodzene sa vyskytuj\u00face enz\u00fdmy a bioakt\u00edvne l\u00e1tky.<\/p>\n\n\n\n<p>Matersk\u00e1 ka\u0161i\u010dka je vyh\u013ead\u00e1van\u00e1 ako doplnok stravy pre&nbsp;<strong>podporu vitality, energie a celkovej rovnov\u00e1hy organizmu<\/strong>, najm\u00e4 v obdob\u00ed zv\u00fd\u0161enej z\u00e1\u0165a\u017ee.<\/p>\n\n\n\n<p><strong>Dosage:<\/strong>&nbsp;odpor\u00fa\u010da sa u\u017e\u00edva\u0165 r\u00e1no nala\u010dno, ide\u00e1lne&nbsp;<strong>20\u201330 min\u00fat pred jedlom<\/strong>, pod jazyk a\u017e do \u00fapln\u00e9ho rozpustenia.<br><strong>Dospel\u00ed:<\/strong>&nbsp;1 \u2013 3 g denne<br><strong>Deti:<\/strong>&nbsp;0,5 \u2013 1 g denne<\/p>\n\n\n\n<p>Pri produktoch homogenizovan\u00fdch s medom (2\u20136 %):<br><strong>Dospel\u00ed:<\/strong>&nbsp;2 \u2013 4 \u010dajov\u00e9 ly\u017ei\u010dky denne<br><strong>Deti:<\/strong>&nbsp;1 \u2013 2 \u010dajov\u00e9 ly\u017ei\u010dky denne<\/p>\n\n\n\n<p><strong>Packaging:<\/strong>&nbsp;produkt je balen\u00fd v&nbsp;<strong>hermeticky uzavretom sklenenom obale<\/strong>&nbsp;s ochrann\u00fdm balen\u00edm. S\u00fa\u010das\u0165ou balenia je&nbsp;<strong>d\u00e1vkovacia ly\u017ei\u010dka (1 g)<\/strong>.<\/p>\n\n\n\n<p><strong>Storage:<\/strong>&nbsp;uchov\u00e1vajte v p\u00f4vodnom obale v chladni\u010dke pri teplote&nbsp;<strong>1\u20136 \u00b0C<\/strong>. V pr\u00edpade zmesi s medom je mo\u017en\u00e9 skladovanie pri izbovej teplote a\u017e&nbsp;<strong>12 mesiacov<\/strong>.<\/p>\n\n\n\n<p><strong>Country of origin:<\/strong>&nbsp;EU.<\/p>\n\n\n\n<p><strong>Warning:<\/strong>&nbsp;nevhodn\u00e9 pre osoby alergick\u00e9 na v\u010delie produkty. Nevhodn\u00e9 pre deti do 1 roka. Neprekra\u010dujte odpor\u00fa\u010dan\u00fa denn\u00fa d\u00e1vku. Uchov\u00e1vajte mimo dosahu det\u00ed. V\u00fd\u017eivov\u00fd doplnok nenahr\u00e1dza pestr\u00fa a vyv\u00e1\u017een\u00fa stravu a zdrav\u00fd \u017eivotn\u00fd \u0161t\u00fdl.<\/p>\n\n\n\n<p><strong>D\u00f4le\u017eit\u00e9 upozornenie:<\/strong>&nbsp;vzh\u013ead, farba a chu\u0165 sa m\u00f4\u017eu prirodzene l\u00ed\u0161i\u0165 v z\u00e1vislosti od \u0161ar\u017ee, \u010do nem\u00e1 vplyv na kvalitu produktu.<\/p>\n\n\n\n<p><strong>Weight: <\/strong>50g<\/p>","protected":false},"excerpt":{"rendered":"<p>\u010cerstv\u00e1 \u010dist\u00e1 BIO matersk\u00e1 ka\u0161i\u010dka (Royal Jelly) predstavuje exkluz\u00edvnu pr\u00edrodn\u00fa superpotravinu s v\u00fdnimo\u010dn\u00fdm zlo\u017een\u00edm a vysokou &#8230; <a href=\"#tab-description\" class=\"more-link\">Read more<\/a><\/p>","protected":false},"featured_media":11505,"comment_status":"open","ping_status":"closed","template":"","meta":{"inline_featured_image":false},"product_brand":[358],"product_cat":[360,71],"product_tag":[359,309,313,312],"class_list":{"0":"post-11504","1":"product","2":"type-product","3":"status-publish","4":"has-post-thumbnail","6":"product_brand-apivitalis","7":"product_cat-ostatne-potraviny","8":"product_cat-potraviny","9":"product_tag-bio","10":"product_tag-novinky","11":"product_tag-top-ostatne","12":"product_tag-top-potraviny","14":"first","15":"onbackorder","16":"taxable","17":"shipping-taxable","18":"purchasable","19":"product-type-simple"},"aioseo_notices":[],"_links":{"self":[{"href":"https:\/\/www.biokari.sk\/en\/wp-json\/wp\/v2\/product\/11504","targetHints":{"allow":["GET"]}}],"collection":[{"href":"https:\/\/www.biokari.sk\/en\/wp-json\/wp\/v2\/product"}],"about":[{"href":"https:\/\/www.biokari.sk\/en\/wp-json\/wp\/v2\/types\/product"}],"replies":[{"embeddable":true,"href":"https:\/\/www.biokari.sk\/en\/wp-json\/wp\/v2\/comments?post=11504"}],"wp:featuredmedia":[{"embeddable":true,"href":"https:\/\/www.biokari.sk\/en\/wp-json\/wp\/v2\/media\/11505"}],"wp:attachment":[{"href":"https:\/\/www.biokari.sk\/en\/wp-json\/wp\/v2\/media?parent=11504"}],"wp:term":[{"taxonomy":"product_brand","embeddable":true,"href":"https:\/\/www.biokari.sk\/en\/wp-json\/wp\/v2\/product_brand?post=11504"},{"taxonomy":"product_cat","embeddable":true,"href":"https:\/\/www.biokari.sk\/en\/wp-json\/wp\/v2\/product_cat?post=11504"},{"taxonomy":"product_tag","embeddable":true,"href":"https:\/\/www.biokari.sk\/en\/wp-json\/wp\/v2\/product_tag?post=11504"}],"curies":[{"name":"wp","href":"https:\/\/api.w.org\/{rel}","templated":true}]}}