{"id":11507,"date":"2026-04-09T22:45:38","date_gmt":"2026-04-09T20:45:38","guid":{"rendered":"https:\/\/www.biokari.sk\/produkt\/naturmind-vanilkovy-struk-2ks\/"},"modified":"2026-04-09T22:49:56","modified_gmt":"2026-04-09T20:49:56","slug":"naturmind-vanilkovy-struk-2ks","status":"publish","type":"product","link":"https:\/\/www.biokari.sk\/en\/product\/naturmind-vanilkovy-struk-2ks\/","title":{"rendered":"Naturmind Vanilkov\u00fd struk 2ks"},"content":{"rendered":"<p><strong>Vanilka \u2013 kr\u00e1\u013eovn\u00e1 koren\u00edn<\/strong>&nbsp;dod\u00e1va jedl\u00e1m&nbsp;<strong>jemn\u00fa, sladk\u00fa a luxusn\u00fa ar\u00f3mu<\/strong>, ktor\u00e1 pov\u00fd\u0161i ka\u017ed\u00fd recept na vy\u0161\u0161iu \u00farove\u0148. Patr\u00ed medzi najcennej\u0161ie pr\u00edrodn\u00e9 koreniny a je neoddelite\u013enou s\u00fa\u010das\u0165ou kvalitnej gastron\u00f3mie.<\/p>\n\n\n\n<p><strong>Composition:<\/strong>&nbsp;vanilka.<\/p>\n\n\n\n<p>Vanilka je mimoriadne univerz\u00e1lna a vyu\u017e\u00edva sa najm\u00e4 pri pr\u00edprave dezertov. Je ide\u00e1lna do&nbsp;<strong>kol\u00e1\u010dov, kr\u00e9mov, polev, zmrzliny, dezertov aj n\u00e1pojov<\/strong>, kde zv\u00fdraz\u0148uje chu\u0165 a dod\u00e1va jedl\u00e1m charakteristick\u00fa v\u00f4\u0148u.<\/p>\n\n\n\n<p><strong>Application:<\/strong>&nbsp;vhodn\u00e1 na pe\u010denie, pr\u00edpravu sladk\u00fdch jed\u00e1l aj ochutenie n\u00e1pojov. Sta\u010d\u00ed mal\u00e9 mno\u017estvo na dosiahnutie intenz\u00edvnej ar\u00f3my.<\/p>\n\n\n\n<p><strong>V\u00fd\u017eivov\u00e9 hodnoty (na 100 g):<\/strong>&nbsp;energia 671 kJ \/ 161 kcal, tuky 10,7 g (z toho nas\u00fdten\u00e9 mastn\u00e9 kyseliny 1,5 g), sacharidy 12,2 g (z toho cukry 10,3 g), bielkoviny 4 g, so\u013e 0,08 g.<\/p>\n\n\n\n<p><strong>Vlastnosti:<\/strong>&nbsp;prirodzene bezlepkov\u00fd produkt.<\/p>\n\n\n\n<p><strong>Storage:<\/strong>&nbsp;store in a cool, dry place.<\/p>\n\n\n\n<p><strong>Country of origin:<\/strong>&nbsp;uveden\u00e1 na obale.<\/p>\n\n\n\n<p><strong>Packaging:<\/strong>\u00a0<strong>2 ks<\/strong><\/p>\n\n\n\n<p><strong>Warning:<\/strong>\u00a0rob\u00edme maximum pre presnos\u0165 inform\u00e1ci\u00ed, av\u0161ak zlo\u017eenie, nutri\u010dn\u00e9 hodnoty a alerg\u00e9ny sa m\u00f4\u017eu meni\u0165. V\u017edy si pre\u010d\u00edtajte \u00fadaje uveden\u00e9 priamo na obale produktu<\/p>","protected":false},"excerpt":{"rendered":"<p>Vanilka \u2013 kr\u00e1\u013eovn\u00e1 koren\u00edn dod\u00e1va jedl\u00e1m jemn\u00fa, sladk\u00fa a luxusn\u00fa ar\u00f3mu, ktor\u00e1 pov\u00fd\u0161i ka\u017ed\u00fd recept na vy\u0161\u0161iu \u00farove\u0148. Patr\u00ed medzi &#8230; <a href=\"#tab-description\" class=\"more-link\">Read more<\/a><\/p>","protected":false},"featured_media":11508,"comment_status":"open","ping_status":"closed","template":"","meta":{"inline_featured_image":false},"product_brand":[283],"product_cat":[360,71],"product_tag":[280,281],"class_list":{"0":"post-11507","1":"product","2":"type-product","3":"status-publish","4":"has-post-thumbnail","6":"product_brand-biorganik-naturmind","7":"product_cat-ostatne-potraviny","8":"product_cat-potraviny","9":"product_tag-bezglutenove","10":"product_tag-veganske","12":"first","13":"instock","14":"taxable","15":"shipping-taxable","16":"purchasable","17":"product-type-simple"},"aioseo_notices":[],"_links":{"self":[{"href":"https:\/\/www.biokari.sk\/en\/wp-json\/wp\/v2\/product\/11507","targetHints":{"allow":["GET"]}}],"collection":[{"href":"https:\/\/www.biokari.sk\/en\/wp-json\/wp\/v2\/product"}],"about":[{"href":"https:\/\/www.biokari.sk\/en\/wp-json\/wp\/v2\/types\/product"}],"replies":[{"embeddable":true,"href":"https:\/\/www.biokari.sk\/en\/wp-json\/wp\/v2\/comments?post=11507"}],"wp:featuredmedia":[{"embeddable":true,"href":"https:\/\/www.biokari.sk\/en\/wp-json\/wp\/v2\/media\/11508"}],"wp:attachment":[{"href":"https:\/\/www.biokari.sk\/en\/wp-json\/wp\/v2\/media?parent=11507"}],"wp:term":[{"taxonomy":"product_brand","embeddable":true,"href":"https:\/\/www.biokari.sk\/en\/wp-json\/wp\/v2\/product_brand?post=11507"},{"taxonomy":"product_cat","embeddable":true,"href":"https:\/\/www.biokari.sk\/en\/wp-json\/wp\/v2\/product_cat?post=11507"},{"taxonomy":"product_tag","embeddable":true,"href":"https:\/\/www.biokari.sk\/en\/wp-json\/wp\/v2\/product_tag?post=11507"}],"curies":[{"name":"wp","href":"https:\/\/api.w.org\/{rel}","templated":true}]}}