{"id":11510,"date":"2026-04-09T22:50:22","date_gmt":"2026-04-09T20:50:22","guid":{"rendered":"https:\/\/www.biokari.sk\/produkt\/naturmind-vegeta-bez-soli-250g\/"},"modified":"2026-04-27T19:02:02","modified_gmt":"2026-04-27T17:02:02","slug":"naturmind-vegeta-bez-soli-250g","status":"publish","type":"product","link":"https:\/\/www.biokari.sk\/en\/product\/naturmind-vegeta-bez-soli-250g\/","title":{"rendered":"Naturmind Vegeta Bez soli 250g"},"content":{"rendered":"<p data-start=\"88\" data-end=\"322\"><strong data-start=\"88\" data-end=\"126\">Bezsoln\u00e1 zeleninov\u00e1 koreniaca zmes<\/strong> je ide\u00e1lnou vo\u013ebou pre t\u00fdch, ktor\u00ed chc\u00fa dochucova\u0165 jedl\u00e1 <strong data-start=\"184\" data-end=\"219\">prirodzene a bez pridan\u00e9ho soli<\/strong>. V\u010faka vyv\u00e1\u017eenej kombin\u00e1cii su\u0161enej zeleniny a koren\u00edn dod\u00e1 pokrmom <strong data-start=\"288\" data-end=\"321\">pln\u00fa, prirodzen\u00fa chu\u0165 a ar\u00f3mu<\/strong>.<\/p>\n<p data-start=\"324\" data-end=\"484\"><strong data-start=\"324\" data-end=\"337\">Composition:<\/strong> mrkva, pa\u0161trn\u00e1k, kore\u0148 petr\u017elenu, p\u00f3r, paradajkov\u00e9 vlo\u010dky, zelerov\u00e1 bu\u013eva, petr\u017elenov\u00e1 v\u0148a\u0165, cibu\u013ea, pa\u017e\u00edtka, mlet\u00e9 \u010dierne korenie, mlet\u00e1 kurkuma.<\/p>\n<p data-start=\"486\" data-end=\"612\">T\u00e1to zmes je vhodn\u00e1 na ka\u017edodenn\u00e9 pou\u017eitie v kuchyni a predstavuje <strong data-start=\"553\" data-end=\"611\">zdrav\u0161iu alternat\u00edvu klasick\u00fdch dochucovadiel so so\u013eou<\/strong>.<\/p>\n<p data-start=\"614\" data-end=\"710\"><strong data-start=\"614\" data-end=\"627\">Application:<\/strong> ide\u00e1lna na dochutenie polievok, varen\u00fdch jed\u00e1l, pr\u00edloh, cestov\u00edn, kr\u00e9mov a om\u00e1\u010dok.<\/p>\n<p data-start=\"712\" data-end=\"816\"><strong data-start=\"712\" data-end=\"727\">Dosage:<\/strong> na pr\u00edpravu v\u00fdvaru sa odpor\u00fa\u010da <strong data-start=\"759\" data-end=\"815\">1 polievkov\u00e1 ly\u017eica (cca 10 g) na 0,5 l vriacej vody<\/strong>.<\/p>\n<p data-start=\"818\" data-end=\"919\"><strong data-start=\"818\" data-end=\"831\">Allergens:<\/strong> v\u00fdrobok je balen\u00fd v prev\u00e1dzke, kde sa sprac\u00fava <strong data-start=\"879\" data-end=\"918\">s\u00f3ja, lepok, zeler, hor\u010dica a sezam<\/strong>.<\/p>\n<p data-start=\"921\" data-end=\"978\"><strong data-start=\"921\" data-end=\"937\">Storage:<\/strong> store in a cool, dry place.<\/p>\n<p data-start=\"980\" data-end=\"1009\"><strong data-start=\"980\" data-end=\"999\">Country of origin:<\/strong> Ma\u010farsko.<\/p>\n<p data-start=\"1011\" data-end=\"1033\"><strong data-start=\"1011\" data-end=\"1023\">Packaging:<\/strong> <strong data-start=\"1024\" data-end=\"1033\">250 g<\/strong><\/p>","protected":false},"excerpt":{"rendered":"<p> Bezsoln\u00e1 zeleninov\u00e1 koreniaca zmes je ide\u00e1lnou vo\u013ebou pre t\u00fdch, ktor\u00ed chc\u00fa dochucova\u0165 jedl\u00e1 prirodzene a bez pridan\u00e9ho soli&#8230; <a href=\"#tab-description\" class=\"more-link\">Read more<\/a><\/p>","protected":false},"featured_media":11512,"comment_status":"open","ping_status":"closed","template":"","meta":{"inline_featured_image":false},"product_brand":[283],"product_cat":[360,71],"product_tag":[280,312,281],"class_list":{"0":"post-11510","1":"product","2":"type-product","3":"status-publish","4":"has-post-thumbnail","6":"product_brand-biorganik-naturmind","7":"product_cat-ostatne-potraviny","8":"product_cat-potraviny","9":"product_tag-bezglutenove","10":"product_tag-top-potraviny","11":"product_tag-veganske","13":"first","14":"onbackorder","15":"taxable","16":"shipping-taxable","17":"purchasable","18":"product-type-simple"},"aioseo_notices":[],"_links":{"self":[{"href":"https:\/\/www.biokari.sk\/en\/wp-json\/wp\/v2\/product\/11510","targetHints":{"allow":["GET"]}}],"collection":[{"href":"https:\/\/www.biokari.sk\/en\/wp-json\/wp\/v2\/product"}],"about":[{"href":"https:\/\/www.biokari.sk\/en\/wp-json\/wp\/v2\/types\/product"}],"replies":[{"embeddable":true,"href":"https:\/\/www.biokari.sk\/en\/wp-json\/wp\/v2\/comments?post=11510"}],"wp:featuredmedia":[{"embeddable":true,"href":"https:\/\/www.biokari.sk\/en\/wp-json\/wp\/v2\/media\/11512"}],"wp:attachment":[{"href":"https:\/\/www.biokari.sk\/en\/wp-json\/wp\/v2\/media?parent=11510"}],"wp:term":[{"taxonomy":"product_brand","embeddable":true,"href":"https:\/\/www.biokari.sk\/en\/wp-json\/wp\/v2\/product_brand?post=11510"},{"taxonomy":"product_cat","embeddable":true,"href":"https:\/\/www.biokari.sk\/en\/wp-json\/wp\/v2\/product_cat?post=11510"},{"taxonomy":"product_tag","embeddable":true,"href":"https:\/\/www.biokari.sk\/en\/wp-json\/wp\/v2\/product_tag?post=11510"}],"curies":[{"name":"wp","href":"https:\/\/api.w.org\/{rel}","templated":true}]}}