{"id":11524,"date":"2026-04-09T23:35:46","date_gmt":"2026-04-09T21:35:46","guid":{"rendered":"https:\/\/www.biokari.sk\/produkt\/cornexi-bezlepkova-ovsena-tycinka-s-marhulovou-prichutou-25g\/"},"modified":"2026-04-27T19:02:11","modified_gmt":"2026-04-27T17:02:11","slug":"cornexi-bezlepkova-ovsena-tycinka-s-marhulovou-prichutou-25g","status":"publish","type":"product","link":"https:\/\/www.biokari.sk\/en\/product\/cornexi-bezlepkova-ovsena-tycinka-s-marhulovou-prichutou-25g\/","title":{"rendered":"Cornexi Bezlepkov\u00e1 ovsen\u00e1 ty\u010dinka s marhulovou pr\u00edchu\u0165ou 25g"},"content":{"rendered":"<p><strong>Cornexi bezlepkov\u00e1 m\u00fcsli ty\u010dinka s marhu\u013eou a jogurtovou polevou<\/strong>&nbsp;predstavuje&nbsp;<strong>praktick\u00fa a chutn\u00fa desiatu<\/strong>, ktor\u00e1 kombinuje kvalitn\u00e9 obilniny s ovoc\u00edm a jemnou jogurtovou polevou. Je ide\u00e1lnou vo\u013ebou pre ka\u017edodenn\u00e9 doplnenie energie \u2013 doma, v pr\u00e1ci aj na cest\u00e1ch.<\/p>\n\n\n\n<p><strong>Composition:<\/strong>&nbsp;gluk\u00f3zov\u00fd sirup, jogurtov\u00e1 poleva 20 % [cukor, rastlinn\u00fd tuk (palmov\u00e9 jadro, palma, shea), jogurtov\u00fd pr\u00e1\u0161ok 10 %, su\u0161en\u00e1 kysl\u00e1 srv\u00e1tka, regul\u00e1tor kyslosti: kyselina citr\u00f3nov\u00e1; emulg\u00e1tor: lecit\u00edny; ar\u00f3ma], bezlepkov\u00e9 ovsen\u00e9 vlo\u010dky 18 %, extrudovan\u00e9 cere\u00e1lie 13 % (kukuri\u010dn\u00e1 krupica, ry\u017eov\u00e1 krupica, jedl\u00e1 so\u013e), frukt\u00f3zo-gluk\u00f3zov\u00fd sirup, su\u0161en\u00e9 marhule k\u00fasky s ry\u017eovou m\u00fakou 6 % [(su\u0161en\u00e9 marhule 85 %, konzerva\u010dn\u00e1 l\u00e1tka: oxid siri\u010dit\u00fd), ry\u017eov\u00e1 m\u00faka], rastlinn\u00fd tuk (palma), maltodextr\u00edn, zvlh\u010dovadlo: glycerol; emulg\u00e1tor: lecit\u00edny (s\u00f3ja); ar\u00f3ma, regul\u00e1tor kyslosti: kyselina citr\u00f3nov\u00e1.<\/p>\n\n\n\n<p>T\u00e1to m\u00fcsli ty\u010dinka je vyroben\u00e1 z&nbsp;<strong>starostlivo vybran\u00fdch surov\u00edn<\/strong>, ako s\u00fa ovsen\u00e9 vlo\u010dky a extrudovan\u00e9 cere\u00e1lie, a pon\u00faka&nbsp;<strong>vyv\u00e1\u017een\u00fa kombin\u00e1ciu chuti a praktickosti<\/strong>. V\u010faka svojej forme je ide\u00e1lna ako r\u00fdchle ra\u0148ajky, desiata alebo snack na doplnenie energie po\u010das d\u0148a.<\/p>\n\n\n\n<p><strong>Allergens:<\/strong>&nbsp;m\u00f4\u017ee obsahova\u0165 stopy&nbsp;<strong>orechov, ara\u0161idov a sezamu<\/strong>. Obsahuje&nbsp;<strong>s\u00f3ju a oxid siri\u010dit\u00fd<\/strong>.<\/p>\n\n\n\n<p><strong>V\u00fd\u017eivov\u00e9 hodnoty (na 100 g):<\/strong>&nbsp;energia 1722 kJ \/ 409 kcal, tuky 13 g (z toho nas\u00fdten\u00e9 mastn\u00e9 kyseliny 8,4 g), sacharidy 66 g (z toho cukry 28 g), vl\u00e1knina 3,3 g, bielkoviny 5,4 g, so\u013e 0,12 g.<\/p>\n\n\n\n<p><strong>Storage:<\/strong>&nbsp;store in a cool, dry place.<\/p>\n\n\n\n<p><strong>Country of origin:<\/strong>&nbsp;uveden\u00e1 na obale.<\/p>\n\n\n\n<p>Hmotnos\u0165: 25g<\/p>\n\n\n\n<hr class=\"wp-block-separator has-alpha-channel-opacity\"\/>\n\n\n\n<p><strong>Warning:<\/strong>&nbsp;rob\u00edme maximum pre presnos\u0165 inform\u00e1ci\u00ed, av\u0161ak zlo\u017eenie, nutri\u010dn\u00e9 hodnoty a alerg\u00e9ny sa m\u00f4\u017eu meni\u0165. V\u017edy si pre\u010d\u00edtajte \u00fadaje uveden\u00e9 priamo na obale v\u00fdrobku.<\/p>","protected":false},"excerpt":{"rendered":"<p>&#8230; <a href=\"#tab-description\" class=\"more-link\">Read more<\/a><\/p>","protected":false},"featured_media":11526,"comment_status":"open","ping_status":"closed","template":"","meta":{"inline_featured_image":false},"product_brand":[364],"product_cat":[71,174,178],"product_tag":[280],"class_list":{"0":"post-11524","1":"product","2":"type-product","3":"status-publish","4":"has-post-thumbnail","6":"product_brand-cornexi","7":"product_cat-potraviny","8":"product_cat-maskrty","9":"product_cat-sladke-maskrty","10":"product_tag-bezglutenove","12":"first","13":"instock","14":"taxable","15":"shipping-taxable","16":"purchasable","17":"product-type-simple"},"aioseo_notices":[],"_links":{"self":[{"href":"https:\/\/www.biokari.sk\/en\/wp-json\/wp\/v2\/product\/11524","targetHints":{"allow":["GET"]}}],"collection":[{"href":"https:\/\/www.biokari.sk\/en\/wp-json\/wp\/v2\/product"}],"about":[{"href":"https:\/\/www.biokari.sk\/en\/wp-json\/wp\/v2\/types\/product"}],"replies":[{"embeddable":true,"href":"https:\/\/www.biokari.sk\/en\/wp-json\/wp\/v2\/comments?post=11524"}],"wp:featuredmedia":[{"embeddable":true,"href":"https:\/\/www.biokari.sk\/en\/wp-json\/wp\/v2\/media\/11526"}],"wp:attachment":[{"href":"https:\/\/www.biokari.sk\/en\/wp-json\/wp\/v2\/media?parent=11524"}],"wp:term":[{"taxonomy":"product_brand","embeddable":true,"href":"https:\/\/www.biokari.sk\/en\/wp-json\/wp\/v2\/product_brand?post=11524"},{"taxonomy":"product_cat","embeddable":true,"href":"https:\/\/www.biokari.sk\/en\/wp-json\/wp\/v2\/product_cat?post=11524"},{"taxonomy":"product_tag","embeddable":true,"href":"https:\/\/www.biokari.sk\/en\/wp-json\/wp\/v2\/product_tag?post=11524"}],"curies":[{"name":"wp","href":"https:\/\/api.w.org\/{rel}","templated":true}]}}