{"id":11533,"date":"2026-04-10T22:18:18","date_gmt":"2026-04-10T20:18:18","guid":{"rendered":"https:\/\/www.biokari.sk\/produkt\/alpro-mandlovy-napoj-bez-cukru-1000ml\/"},"modified":"2026-04-10T22:32:24","modified_gmt":"2026-04-10T20:32:24","slug":"alpro-mandlovy-napoj-bez-cukru-1000ml","status":"publish","type":"product","link":"https:\/\/www.biokari.sk\/en\/product\/alpro-mandlovy-napoj-bez-cukru-1000ml\/","title":{"rendered":"Alpro Mandlov\u00fd n\u00e1poj &#8211; BEZ CUKRU 1000ml"},"content":{"rendered":"<p><strong>ALPRO Mand\u013eov\u00fd n\u00e1poj pra\u017een\u00fd bez cukru (bezlepkov\u00fd) 1000 ml<\/strong>&nbsp;predstavuje jemn\u00fa a kr\u00e9mov\u00fa rastlinn\u00fa alternat\u00edvu s prirodzene lahodnou chu\u0165ou jemne pra\u017een\u00fdch mandl\u00ed. V\u010faka \u0161etrn\u00e9mu spracovaniu sa zachov\u00e1va autentick\u00e1 ar\u00f3ma mandl\u00ed bez potreby pridania cukru \u010di sladidiel, \u010do z neho rob\u00ed ide\u00e1lnu vo\u013ebu pre ka\u017edodenn\u00e9 pou\u017eitie. Perfektne sa hod\u00ed do m\u00fcsli, k\u00e1vy, smoothie, \u010daju alebo na samostatn\u00e9 vychutnanie.<\/p>\n\n\n\n<p>Tento n\u00e1poj je&nbsp;<strong>100 % rastlinn\u00e9ho p\u00f4vodu<\/strong>, prirodzene&nbsp;<strong>bez lakt\u00f3zy, bez mlieka a bez lepku<\/strong>, vhodn\u00fd aj pre veg\u00e1nov. Je zdrojom&nbsp;<strong>v\u00e1pnika<\/strong>, ktor\u00fd prispieva k udr\u017eaniu norm\u00e1lneho stavu kost\u00ed, a obsahuje vitam\u00edny&nbsp;<strong>B2, B12, D2 a E<\/strong>. V\u010faka n\u00edzkej energetickej hodnote je ide\u00e1lny aj pre \u013eahk\u00fd \u017eivotn\u00fd \u0161t\u00fdl.<\/p>\n\n\n\n<p><strong>Composition:<\/strong>&nbsp;pitn\u00e1 voda, mandle (2 %), fosfore\u010dnan v\u00e1penat\u00fd (trikalciumfosf\u00e1t), morsk\u00e1 so\u013e, stabiliz\u00e1tory (m\u00faka zo sv\u00e4toj\u00e1nskeho chleba, gell\u00e1nov\u00e1 guma), emulg\u00e1tor (slne\u010dnicov\u00fd lecit\u00edn), vitam\u00edny (riboflav\u00edn B2, B12, E, D2).<\/p>\n\n\n\n<p><strong>Allergens:<\/strong>&nbsp;m\u00f4\u017ee obsahova\u0165 stopy mandl\u00ed a in\u00fdch orechov.<\/p>\n\n\n\n<p><strong>V\u00fd\u017eivov\u00e9 \u00fadaje na 100 ml:<\/strong>&nbsp;energia 53 kJ \/ 13 kcal, tuky 1,1 g z toho nas\u00fdten\u00e9 mastn\u00e9 kyseliny 0,1 g, sacharidy 0 g z toho cukry 0 g, vl\u00e1knina 0,3 g, bielkoviny 0,4 g, so\u013e 0,14 g.<\/p>\n\n\n\n<p>V\u010faka jemn\u00e9mu pra\u017eeniu mandl\u00ed vznik\u00e1 prirodzene pln\u00e1 chu\u0165 bez potreby dosladzovania. N\u00e1poj je vhodn\u00fd na studen\u00e9 aj tepl\u00e9 pou\u017eitie a predstavuje ide\u00e1lny za\u010diatok d\u0148a alebo \u013eahk\u00e9 osvie\u017eenie kedyko\u013evek po\u010das d\u0148a.<\/p>\n\n\n\n<p><strong>Application:<\/strong>&nbsp;vhodn\u00fd na tepl\u00e9 aj studen\u00e9 n\u00e1poje a jedl\u00e1.<\/p>\n\n\n\n<p><strong>Storage:<\/strong>&nbsp;skladujte pri teplote od +1 \u00b0C do +25 \u00b0C. Po otvoren\u00ed uchov\u00e1vajte v chladni\u010dke (max. +7 \u00b0C) a spotrebujte do 5 dn\u00ed.<\/p>\n\n\n\n<p><strong>Minim\u00e1lna trvanlivos\u0165:<\/strong>&nbsp;uveden\u00e1 na vrchnej \u010dasti obalu.<\/p>\n\n\n\n<p><strong>Warning:<\/strong>\u00a0odpor\u00fa\u010da sa konzumova\u0165 v r\u00e1mci pestrej a vyv\u00e1\u017eenej stravy a zdrav\u00e9ho \u017eivotn\u00e9ho \u0161t\u00fdlu.<\/p>\n\n\n\n<p>Balenie: 1000ml<\/p>","protected":false},"excerpt":{"rendered":"<p>ALPRO Mand\u013eov\u00fd n\u00e1poj pra\u017een\u00fd bez cukru (bezlepkov\u00fd) 1000 ml\u00a0predstavuje jemn\u00fa a kr\u00e9mov\u00fa rastlinn\u00fa alternat\u00edvu s prirodzene lahodnou chu\u0165ou jemne pra\u017een\u00fdch mandl\u00ed&#8230;. <a href=\"#tab-description\" class=\"more-link\">Read more<\/a><\/p>","protected":false},"featured_media":11535,"comment_status":"open","ping_status":"closed","template":"","meta":{"inline_featured_image":false},"product_brand":[],"product_cat":[369,71],"product_tag":[363,280,281],"class_list":{"0":"post-11533","1":"product","2":"type-product","3":"status-publish","4":"has-post-thumbnail","6":"product_cat-rastlinne-mlieko","7":"product_cat-potraviny","8":"product_tag-bez-cukru","9":"product_tag-bezglutenove","10":"product_tag-veganske","12":"first","13":"onbackorder","14":"taxable","15":"shipping-taxable","16":"purchasable","17":"product-type-simple"},"aioseo_notices":[],"_links":{"self":[{"href":"https:\/\/www.biokari.sk\/en\/wp-json\/wp\/v2\/product\/11533","targetHints":{"allow":["GET"]}}],"collection":[{"href":"https:\/\/www.biokari.sk\/en\/wp-json\/wp\/v2\/product"}],"about":[{"href":"https:\/\/www.biokari.sk\/en\/wp-json\/wp\/v2\/types\/product"}],"replies":[{"embeddable":true,"href":"https:\/\/www.biokari.sk\/en\/wp-json\/wp\/v2\/comments?post=11533"}],"wp:featuredmedia":[{"embeddable":true,"href":"https:\/\/www.biokari.sk\/en\/wp-json\/wp\/v2\/media\/11535"}],"wp:attachment":[{"href":"https:\/\/www.biokari.sk\/en\/wp-json\/wp\/v2\/media?parent=11533"}],"wp:term":[{"taxonomy":"product_brand","embeddable":true,"href":"https:\/\/www.biokari.sk\/en\/wp-json\/wp\/v2\/product_brand?post=11533"},{"taxonomy":"product_cat","embeddable":true,"href":"https:\/\/www.biokari.sk\/en\/wp-json\/wp\/v2\/product_cat?post=11533"},{"taxonomy":"product_tag","embeddable":true,"href":"https:\/\/www.biokari.sk\/en\/wp-json\/wp\/v2\/product_tag?post=11533"}],"curies":[{"name":"wp","href":"https:\/\/api.w.org\/{rel}","templated":true}]}}