{"id":11536,"date":"2026-04-10T22:32:50","date_gmt":"2026-04-10T20:32:50","guid":{"rendered":"https:\/\/www.biokari.sk\/produkt\/alpro-kokosovy-napoj-bez-cukru-1000ml\/"},"modified":"2026-04-10T22:38:33","modified_gmt":"2026-04-10T20:38:33","slug":"alpro-kokosovy-napoj-bez-cukru-1000ml","status":"publish","type":"product","link":"https:\/\/www.biokari.sk\/en\/product\/alpro-kokosovy-napoj-bez-cukru-1000ml\/","title":{"rendered":"Alpro Kokosov\u00fd n\u00e1poj &#8211; BEZ CUKRU 1000ml"},"content":{"rendered":"<p><strong>Kokosov\u00fd n\u00e1poj bez cukru s pridan\u00fdm v\u00e1pnikom a vitam\u00ednmi 1000 ml<\/strong>&nbsp;predstavuje jemn\u00fa a osvie\u017euj\u00facu rastlinn\u00fa alternat\u00edvu s prirodzene lahodnou chu\u0165ou kokosu. V\u010faka kombin\u00e1cii kokosov\u00e9ho mlieka a kokosovej vody pon\u00faka \u013eahk\u00fa, kr\u00e9mov\u00fa konzistenciu bez pridan\u00e9ho cukru, ide\u00e1lnu na ka\u017edodenn\u00e9 pou\u017eitie. Skvele sa hod\u00ed do k\u00e1vy, smoothie, m\u00fcsli alebo na samostatn\u00e9 vychutnanie po\u010das d\u0148a.<\/p>\n\n\n\n<p>Tento n\u00e1poj je&nbsp;<strong>100 % rastlinn\u00e9ho p\u00f4vodu<\/strong>, prirodzene&nbsp;<strong>bez lakt\u00f3zy a bez lepku<\/strong>, vhodn\u00fd aj pre veg\u00e1nov. Je obohaten\u00fd o&nbsp;<strong>v\u00e1pnik<\/strong>, ktor\u00fd prispieva k udr\u017eaniu norm\u00e1lneho stavu kost\u00ed, a obsahuje vitam\u00edny&nbsp;<strong>B12 a D2<\/strong>.<\/p>\n\n\n\n<p><strong>Composition:<\/strong>&nbsp;pitn\u00e1 voda, kokosov\u00e9 mlieko (7 %) (kokosov\u00e1 smotana, voda), kokosov\u00e1 voda (2,6 %), fosfore\u010dnan v\u00e1penat\u00fd (trikalciumfosf\u00e1t), pr\u00edrodn\u00e1 kokosov\u00e1 ar\u00f3ma, stabiliz\u00e1tory (guarov\u00e1 guma, xant\u00e1nov\u00e1 guma, gell\u00e1nov\u00e1 guma), morsk\u00e1 so\u013e, vitam\u00edny (B12, D2).<\/p>\n\n\n\n<p><strong>Allergens:<\/strong>&nbsp;m\u00f4\u017ee obsahova\u0165 stopy orechov.<\/p>\n\n\n\n<p><strong>V\u00fd\u017eivov\u00e9 \u00fadaje na 100 ml:<\/strong>&nbsp;energia 56 kJ \/ 14 kcal, tuky 1,2 g z toho nas\u00fdten\u00e9 mastn\u00e9 kyseliny 1,1 g, sacharidy 0 g z toho cukry 0 g, bielkoviny 0,01 g, so\u013e 0,07 g.<\/p>\n\n\n\n<p>V\u010faka svojej jemnej chuti a n\u00edzkej energetickej hodnote je ide\u00e1lnou vo\u013ebou pre \u013eahk\u00fd a vyv\u00e1\u017een\u00fd \u017eivotn\u00fd \u0161t\u00fdl.<\/p>\n\n\n\n<p><strong>Application:<\/strong>&nbsp;vhodn\u00fd na tepl\u00e9 aj studen\u00e9 n\u00e1poje a jedl\u00e1.<\/p>\n\n\n\n<p><strong>Storage:<\/strong>&nbsp;uchov\u00e1vajte na suchom mieste. Po otvoren\u00ed skladujte v chladni\u010dke a spotrebujte do nieko\u013ek\u00fdch dn\u00ed.<\/p>\n\n\n\n<p><strong>Country of origin:<\/strong>&nbsp;uveden\u00e1 na obale.<\/p>\n\n\n\n<p><strong>Warning:<\/strong>&nbsp;odpor\u00fa\u010da sa konzumova\u0165 v r\u00e1mci pestrej a vyv\u00e1\u017eenej stravy a zdrav\u00e9ho \u017eivotn\u00e9ho \u0161t\u00fdlu.<\/p>\n\n\n\n<p>Balenie: 1000ml<\/p>","protected":false},"excerpt":{"rendered":"<p>&#8230; <a href=\"#tab-description\" class=\"more-link\">Read more<\/a><\/p>","protected":false},"featured_media":11537,"comment_status":"open","ping_status":"closed","template":"","meta":{"inline_featured_image":false},"product_brand":[],"product_cat":[369,71],"product_tag":[363,280,281],"class_list":{"0":"post-11536","1":"product","2":"type-product","3":"status-publish","4":"has-post-thumbnail","6":"product_cat-rastlinne-mlieko","7":"product_cat-potraviny","8":"product_tag-bez-cukru","9":"product_tag-bezglutenove","10":"product_tag-veganske","12":"first","13":"onbackorder","14":"taxable","15":"shipping-taxable","16":"purchasable","17":"product-type-simple"},"aioseo_notices":[],"_links":{"self":[{"href":"https:\/\/www.biokari.sk\/en\/wp-json\/wp\/v2\/product\/11536","targetHints":{"allow":["GET"]}}],"collection":[{"href":"https:\/\/www.biokari.sk\/en\/wp-json\/wp\/v2\/product"}],"about":[{"href":"https:\/\/www.biokari.sk\/en\/wp-json\/wp\/v2\/types\/product"}],"replies":[{"embeddable":true,"href":"https:\/\/www.biokari.sk\/en\/wp-json\/wp\/v2\/comments?post=11536"}],"wp:featuredmedia":[{"embeddable":true,"href":"https:\/\/www.biokari.sk\/en\/wp-json\/wp\/v2\/media\/11537"}],"wp:attachment":[{"href":"https:\/\/www.biokari.sk\/en\/wp-json\/wp\/v2\/media?parent=11536"}],"wp:term":[{"taxonomy":"product_brand","embeddable":true,"href":"https:\/\/www.biokari.sk\/en\/wp-json\/wp\/v2\/product_brand?post=11536"},{"taxonomy":"product_cat","embeddable":true,"href":"https:\/\/www.biokari.sk\/en\/wp-json\/wp\/v2\/product_cat?post=11536"},{"taxonomy":"product_tag","embeddable":true,"href":"https:\/\/www.biokari.sk\/en\/wp-json\/wp\/v2\/product_tag?post=11536"}],"curies":[{"name":"wp","href":"https:\/\/api.w.org\/{rel}","templated":true}]}}