{"id":11542,"date":"2026-04-10T22:44:36","date_gmt":"2026-04-10T20:44:36","guid":{"rendered":"https:\/\/www.biokari.sk\/produkt\/fuszeresz-korenie-na-syr-a-na-tvaroh-10g\/"},"modified":"2026-04-10T22:47:14","modified_gmt":"2026-04-10T20:47:14","slug":"fuszeresz-korenie-na-syr-a-na-tvaroh-10g","status":"publish","type":"product","link":"https:\/\/www.biokari.sk\/en\/product\/fuszeresz-korenie-na-syr-a-na-tvaroh-10g\/","title":{"rendered":"F\u0171szer\u00e9sz Korenie na syr a na tvaroh 10g"},"content":{"rendered":"<p><strong>Bylinkov\u00e1 zmes na syrov\u00e9 a tvarohov\u00e9 n\u00e1tierky 10 g<\/strong>&nbsp;predstavuje jemn\u00fa a aromatick\u00fa kombin\u00e1ciu su\u0161en\u00fdch byliniek a zeleniny, ktor\u00e1 dod\u00e1 dom\u00e1cim n\u00e1tierkam svie\u017eu, prirodzen\u00fa chu\u0165. Ide\u00e1lna vo\u013eba na r\u00fdchle a chutn\u00e9 dochutenie bez zbyto\u010dn\u00fdch pr\u00edsad.<\/p>\n\n\n\n<p><strong>Composition:<\/strong>&nbsp;petr\u017elen, cesnak, cibu\u013ea, zeler, pa\u017e\u00edtka, zelerov\u00fd kore\u0148, zelerov\u00e1 v\u0148a\u0165.<\/p>\n\n\n\n<p><strong>Application:<\/strong>&nbsp;vhodn\u00e1 na pr\u00edpravu syrov\u00fdch a tvarohov\u00fdch n\u00e1tierok, pomaz\u00e1nok alebo na dochutenie studenej kuchyne.<\/p>\n\n\n\n<p><strong>Storage:<\/strong>&nbsp;store in a cool, dry place.<\/p>\n\n\n\n<p><strong>Country of origin:<\/strong>&nbsp;Ma\u010farsko.<\/p>\n\n\n\n<p><strong>Weight:<\/strong>&nbsp;<strong>10 g<\/strong><\/p>","protected":false},"excerpt":{"rendered":"<p>&#8230; <a href=\"#tab-description\" class=\"more-link\">Read more<\/a><\/p>","protected":false},"featured_media":11543,"comment_status":"open","ping_status":"closed","template":"","meta":{"inline_featured_image":false},"product_brand":[],"product_cat":[370,71],"product_tag":[280,281],"class_list":{"0":"post-11542","1":"product","2":"type-product","3":"status-publish","4":"has-post-thumbnail","6":"product_cat-koreninove-zmesi","7":"product_cat-potraviny","8":"product_tag-bezglutenove","9":"product_tag-veganske","11":"first","12":"instock","13":"taxable","14":"shipping-taxable","15":"purchasable","16":"product-type-simple"},"aioseo_notices":[],"_links":{"self":[{"href":"https:\/\/www.biokari.sk\/en\/wp-json\/wp\/v2\/product\/11542","targetHints":{"allow":["GET"]}}],"collection":[{"href":"https:\/\/www.biokari.sk\/en\/wp-json\/wp\/v2\/product"}],"about":[{"href":"https:\/\/www.biokari.sk\/en\/wp-json\/wp\/v2\/types\/product"}],"replies":[{"embeddable":true,"href":"https:\/\/www.biokari.sk\/en\/wp-json\/wp\/v2\/comments?post=11542"}],"wp:featuredmedia":[{"embeddable":true,"href":"https:\/\/www.biokari.sk\/en\/wp-json\/wp\/v2\/media\/11543"}],"wp:attachment":[{"href":"https:\/\/www.biokari.sk\/en\/wp-json\/wp\/v2\/media?parent=11542"}],"wp:term":[{"taxonomy":"product_brand","embeddable":true,"href":"https:\/\/www.biokari.sk\/en\/wp-json\/wp\/v2\/product_brand?post=11542"},{"taxonomy":"product_cat","embeddable":true,"href":"https:\/\/www.biokari.sk\/en\/wp-json\/wp\/v2\/product_cat?post=11542"},{"taxonomy":"product_tag","embeddable":true,"href":"https:\/\/www.biokari.sk\/en\/wp-json\/wp\/v2\/product_tag?post=11542"}],"curies":[{"name":"wp","href":"https:\/\/api.w.org\/{rel}","templated":true}]}}