{"id":11551,"date":"2026-04-10T22:58:37","date_gmt":"2026-04-10T20:58:37","guid":{"rendered":"https:\/\/www.biokari.sk\/produkt\/haas-rusky-krem-pudingovy-prasok-40g\/"},"modified":"2026-04-10T23:02:50","modified_gmt":"2026-04-10T21:02:50","slug":"haas-rusky-krem-pudingovy-prasok-40g","status":"publish","type":"product","link":"https:\/\/www.biokari.sk\/en\/product\/haas-rusky-krem-pudingovy-prasok-40g\/","title":{"rendered":"Haas Rusk\u00fd kr\u00e9m Pudingov\u00fd pr\u00e1\u0161ok 40g"},"content":{"rendered":"<p><strong>HAAS pudingov\u00fd pr\u00e1\u0161ok s pr\u00edchu\u0165ou rusk\u00e9ho kr\u00e9mu 40 g<\/strong>&nbsp;prin\u00e1\u0161a jemn\u00fa a kr\u00e9mov\u00fa chu\u0165 ob\u013e\u00faben\u00e9ho dezertu v jednoduchej a r\u00fdchlej forme. Ide\u00e1lny na pr\u00edpravu lahodn\u00e9ho pudingu, ktor\u00fd si zamiluje cel\u00e1 rodina, \u010di u\u017e ako samostatn\u00fd dezert alebo ako s\u00fa\u010das\u0165 kol\u00e1\u010dov a sladk\u00fdch receptov.<\/p>\n\n\n\n<p>V\u010faka svojej jemnej chuti s t\u00f3nmi citr\u00f3na, smotany a rumu vytv\u00e1ra harmonick\u00fd dezert s pr\u00edjemnou ar\u00f3mou a kr\u00e9movou konzistenciou.<\/p>\n\n\n\n<p><strong>Composition:<\/strong>&nbsp;kukuri\u010dn\u00fd \u0161krob, pr\u00edrodn\u00e9 ar\u00f3my (citr\u00f3n, smotana, rum), farbivo: karot\u00e9ny.<\/p>\n\n\n\n<p><strong>Preparation:<\/strong>&nbsp;obsah jedn\u00e9ho vrec\u00fa\u0161ka zmie\u0161ajte s 5 dkg cukru a 0,5 l mlieka, za st\u00e1leho mie\u0161ania uvarte do zhustnutia.<\/p>\n\n\n\n<p><strong>V\u00fd\u017eivov\u00e9 \u00fadaje na 100 g:<\/strong>&nbsp;energia 1470 kJ \/ 346 kcal, tuky 0 g z toho nas\u00fdten\u00e9 mastn\u00e9 kyseliny 0 g, sacharidy 86 g z toho cukry 0,1 g, bielkoviny 0,5 g, so\u013e 0,02 g.<\/p>\n\n\n\n<p><strong>Storage:<\/strong>&nbsp;store in a cool, dry place.<\/p>\n\n\n\n<p><strong>Country of origin:<\/strong>&nbsp;uveden\u00e1 na obale.<\/p>\n\n\n\n<p><strong>Weight:<\/strong>&nbsp;<strong>40 g<\/strong><\/p>","protected":false},"excerpt":{"rendered":"<p>HAAS pudingov\u00fd pr\u00e1\u0161ok s pr\u00edchu\u0165ou rusk\u00e9ho kr\u00e9mu 40 g\u00a0prin\u00e1\u0161a jemn\u00fa a kr\u00e9mov\u00fa chu\u0165 ob\u013e\u00faben\u00e9ho dezertu v jednoduchej a r\u00fdchlej forme&#8230; <a href=\"#tab-description\" class=\"more-link\">Read more<\/a><\/p>","protected":false},"featured_media":11552,"comment_status":"open","ping_status":"closed","template":"","meta":{"inline_featured_image":false},"product_brand":[],"product_cat":[372,71],"product_tag":[280,281],"class_list":{"0":"post-11551","1":"product","2":"type-product","3":"status-publish","4":"has-post-thumbnail","6":"product_cat-pudingovy-prasok","7":"product_cat-potraviny","8":"product_tag-bezglutenove","9":"product_tag-veganske","11":"first","12":"instock","13":"taxable","14":"shipping-taxable","15":"purchasable","16":"product-type-simple"},"aioseo_notices":[],"_links":{"self":[{"href":"https:\/\/www.biokari.sk\/en\/wp-json\/wp\/v2\/product\/11551","targetHints":{"allow":["GET"]}}],"collection":[{"href":"https:\/\/www.biokari.sk\/en\/wp-json\/wp\/v2\/product"}],"about":[{"href":"https:\/\/www.biokari.sk\/en\/wp-json\/wp\/v2\/types\/product"}],"replies":[{"embeddable":true,"href":"https:\/\/www.biokari.sk\/en\/wp-json\/wp\/v2\/comments?post=11551"}],"wp:featuredmedia":[{"embeddable":true,"href":"https:\/\/www.biokari.sk\/en\/wp-json\/wp\/v2\/media\/11552"}],"wp:attachment":[{"href":"https:\/\/www.biokari.sk\/en\/wp-json\/wp\/v2\/media?parent=11551"}],"wp:term":[{"taxonomy":"product_brand","embeddable":true,"href":"https:\/\/www.biokari.sk\/en\/wp-json\/wp\/v2\/product_brand?post=11551"},{"taxonomy":"product_cat","embeddable":true,"href":"https:\/\/www.biokari.sk\/en\/wp-json\/wp\/v2\/product_cat?post=11551"},{"taxonomy":"product_tag","embeddable":true,"href":"https:\/\/www.biokari.sk\/en\/wp-json\/wp\/v2\/product_tag?post=11551"}],"curies":[{"name":"wp","href":"https:\/\/api.w.org\/{rel}","templated":true}]}}