{"id":11554,"date":"2026-04-10T23:03:21","date_gmt":"2026-04-10T21:03:21","guid":{"rendered":"https:\/\/www.biokari.sk\/produkt\/lestello-bulgur-250g\/"},"modified":"2026-04-10T23:08:39","modified_gmt":"2026-04-10T21:08:39","slug":"lestello-bulgur-250g","status":"publish","type":"product","link":"https:\/\/www.biokari.sk\/en\/product\/lestello-bulgur-250g\/","title":{"rendered":"Lestello Bulgur 250g"},"content":{"rendered":"<p><strong>Bulgur z tvrdej p\u0161enice 250 g<\/strong>&nbsp;je tradi\u010dn\u00e1 obilnina s jemne orie\u0161kovou chu\u0165ou, ktor\u00e1 je ide\u00e1lnym z\u00e1kladom pre mno\u017estvo jed\u00e1l. V\u010faka svojej univerz\u00e1lnosti sa skvele hod\u00ed do polievok, \u0161al\u00e1tov, plnen\u00fdch zeleninov\u00fdch jed\u00e1l alebo ako pr\u00edloha k hlavn\u00fdm pokrmom.<\/p>\n\n\n\n<p>Bulgur je vyroben\u00fd zo&nbsp;<strong>100 % tvrdej p\u0161enice (durum)<\/strong>&nbsp;a predstavuje prirodzen\u00fd zdroj energie s vysok\u00fdm obsahom sacharidov a bielkov\u00edn. Je ob\u013e\u00faben\u00fd najm\u00e4 v orient\u00e1lnej kuchyni, kde dod\u00e1va jedl\u00e1m charakteristick\u00fa chu\u0165 a s\u00fdtos\u0165.<\/p>\n\n\n\n<p><strong>Composition:<\/strong>&nbsp;100 % bulgur z tvrdej p\u0161enice (durum).<\/p>\n\n\n\n<p><strong>Allergens:<\/strong>&nbsp;obsahuje lepok.<\/p>\n\n\n\n<p><strong>V\u00fd\u017eivov\u00e9 \u00fadaje na 100 g:<\/strong>&nbsp;energia 1581 kJ \/ 374 kcal, tuky 1,5 g z toho nas\u00fdten\u00e9 mastn\u00e9 kyseliny 0,3 g, sacharidy 73 g z toho cukry 2,5 g, bielkoviny 12 g, so\u013e 0,04 g.<\/p>\n\n\n\n<p><strong>V\u00fd\u017eivov\u00e9 \u00fadaje na porciu (63 g):<\/strong>&nbsp;energia 996 kJ \/ 235 kcal, tuky 0,9 g z toho nas\u00fdten\u00e9 mastn\u00e9 kyseliny 0,2 g, sacharidy 46 g z toho cukry 1,6 g, bielkoviny 7,6 g, so\u013e 0,03 g.<\/p>\n\n\n\n<p>Balenie obsahuje pribli\u017ene&nbsp;<strong>4 porcie (250 g)<\/strong>.<\/p>\n\n\n\n<p><strong>Application:<\/strong>&nbsp;vhodn\u00fd do polievok, \u0161al\u00e1tov, plnen\u00fdch jed\u00e1l alebo ako pr\u00edloha.<\/p>\n\n\n\n<p><strong>Storage:<\/strong>&nbsp;uchov\u00e1vajte na suchom a chladnom mieste pri izbovej teplote.<\/p>\n\n\n\n<p><strong>Country of origin:<\/strong>&nbsp;uveden\u00e1 na obale.<\/p>\n\n\n\n<p><strong>Weight:<\/strong>&nbsp;<strong>250 g<\/strong><\/p>","protected":false},"excerpt":{"rendered":"<p>Bulgur z tvrdej p\u0161enice 250 g\u00a0je tradi\u010dn\u00e1 obilnina s jemne orie\u0161kovou chu\u0165ou, ktor\u00e1 je ide\u00e1lnym z\u00e1kladom pre mno\u017estvo jed\u00e1l&#8230; <a href=\"#tab-description\" class=\"more-link\">Read more<\/a><\/p>","protected":false},"featured_media":11555,"comment_status":"open","ping_status":"closed","template":"","meta":{"inline_featured_image":false},"product_brand":[],"product_cat":[71,167],"product_tag":[309,281],"class_list":{"0":"post-11554","1":"product","2":"type-product","3":"status-publish","4":"has-post-thumbnail","6":"product_cat-potraviny","7":"product_cat-prilohy","8":"product_tag-novinky","9":"product_tag-veganske","11":"first","12":"onbackorder","13":"taxable","14":"shipping-taxable","15":"purchasable","16":"product-type-simple"},"aioseo_notices":[],"_links":{"self":[{"href":"https:\/\/www.biokari.sk\/en\/wp-json\/wp\/v2\/product\/11554","targetHints":{"allow":["GET"]}}],"collection":[{"href":"https:\/\/www.biokari.sk\/en\/wp-json\/wp\/v2\/product"}],"about":[{"href":"https:\/\/www.biokari.sk\/en\/wp-json\/wp\/v2\/types\/product"}],"replies":[{"embeddable":true,"href":"https:\/\/www.biokari.sk\/en\/wp-json\/wp\/v2\/comments?post=11554"}],"wp:featuredmedia":[{"embeddable":true,"href":"https:\/\/www.biokari.sk\/en\/wp-json\/wp\/v2\/media\/11555"}],"wp:attachment":[{"href":"https:\/\/www.biokari.sk\/en\/wp-json\/wp\/v2\/media?parent=11554"}],"wp:term":[{"taxonomy":"product_brand","embeddable":true,"href":"https:\/\/www.biokari.sk\/en\/wp-json\/wp\/v2\/product_brand?post=11554"},{"taxonomy":"product_cat","embeddable":true,"href":"https:\/\/www.biokari.sk\/en\/wp-json\/wp\/v2\/product_cat?post=11554"},{"taxonomy":"product_tag","embeddable":true,"href":"https:\/\/www.biokari.sk\/en\/wp-json\/wp\/v2\/product_tag?post=11554"}],"curies":[{"name":"wp","href":"https:\/\/api.w.org\/{rel}","templated":true}]}}