{"id":11557,"date":"2026-04-10T23:09:12","date_gmt":"2026-04-10T21:09:12","guid":{"rendered":"https:\/\/www.biokari.sk\/produkt\/haas-vapnikove-sumive-tabletky-s-prichutou-pomarancom-80g\/"},"modified":"2026-04-10T23:17:14","modified_gmt":"2026-04-10T21:17:14","slug":"haas-vapnikove-sumive-tabletky-s-prichutou-pomarancom-80g","status":"publish","type":"product","link":"https:\/\/www.biokari.sk\/en\/product\/haas-vapnikove-sumive-tabletky-s-prichutou-pomarancom-80g\/","title":{"rendered":"Haas V\u00e1pn\u00edkov\u00e9 \u0160umiv\u00e9 tabletky s pr\u00edchu\u0165ou pomaran\u010dom 80g"},"content":{"rendered":"<p><strong>HAAS \u0160umiv\u00e9 tablety s v\u00e1pnikom, vitam\u00ednom D a K \u2013 pomaran\u010dov\u00e1 pr\u00edchu\u0165<\/strong>&nbsp;predstavuj\u00fa praktick\u00fd doplnok v\u00fd\u017eivy vo forme osvie\u017euj\u00faceho n\u00e1poja s pr\u00edjemnou pomaran\u010dovou chu\u0165ou. Jednoduch\u00fdm rozpusten\u00edm vo vode z\u00edskate chutn\u00fd n\u00e1poj, ktor\u00fd dopln\u00ed v\u00e1\u0161 denn\u00fd pr\u00edjem d\u00f4le\u017eit\u00fdch \u017eiv\u00edn.<\/p>\n\n\n\n<p>Contains&nbsp;<strong>v\u00e1pnik<\/strong>, ktor\u00fd prispieva k udr\u017eaniu norm\u00e1lneho stavu kost\u00ed, ako aj vitam\u00edny&nbsp;<strong>D a K<\/strong>, ktor\u00e9 podporuj\u00fa spr\u00e1vne vyu\u017eitie v\u00e1pnika v organizme. Ide\u00e1lne rie\u0161enie pre ka\u017edodenn\u00e9 doplnenie \u017eiv\u00edn v pohodlnej forme.<\/p>\n\n\n\n<p><strong>Composition:<\/strong>&nbsp;kyselina citr\u00f3nov\u00e1 (regul\u00e1tor kyslosti), cukor, uhli\u010ditan v\u00e1penat\u00fd, regul\u00e1tory kyslosti (uhli\u010ditany sodn\u00e9), ar\u00f3ma (pomaran\u010d), sladidl\u00e1 (cyklam\u00e1ty, sachar\u00edny), vitam\u00edn K (fylochin\u00f3n), vitam\u00edn D (cholekalciferol).<\/p>\n\n\n\n<p><strong>Application:<\/strong>&nbsp;1 \u0161umiv\u00fa tabletu rozpustite v 200 ml studenej vody.<\/p>\n\n\n\n<p><strong>Recommended dosage:<\/strong>&nbsp;3 tablety denne.<\/p>\n\n\n\n<p><strong>V\u00fd\u017eivov\u00e9 \u00fadaje:<\/strong><\/p>\n\n\n\n<p><em>na 100 g:<\/em>&nbsp;energia 1036 kJ \/ 241 kcal, tuky 0 g (z toho nas\u00fdten\u00e9 mastn\u00e9 kyseliny 0 g), sacharidy 23 g (z toho cukry 20 g), bielkoviny 0 g, so\u013e 7,3 g.<\/p>\n\n\n\n<p><em>na 3 tablety:<\/em>&nbsp;energia 124 kJ \/ 29 kcal, tuky 0 g (z toho nas\u00fdten\u00e9 mastn\u00e9 kyseliny 0 g), sacharidy 2,7 g (z toho cukry 2,4 g), bielkoviny 0 g, so\u013e 0,9 g.<\/p>\n\n\n\n<p><strong>Obsah vitam\u00ednov a miner\u00e1lov (3 tablety):<\/strong>&nbsp;v\u00e1pnik 800 mg (100 % NRV), vitam\u00edn D 15 \u00b5g (300 % NRV), vitam\u00edn K 75 \u00b5g (100 % NRV).<\/p>\n\n\n\n<p><strong>Storage:<\/strong>&nbsp;uchov\u00e1vajte v dobre uzavretej tube, na suchom mieste, chr\u00e1nen\u00e9 pred svetlom, pri izbovej teplote.<\/p>\n\n\n\n<p><strong>Warning:<\/strong>&nbsp;neprekra\u010dujte odpor\u00fa\u010dan\u00fa denn\u00fa d\u00e1vku. V\u00fd\u017eivov\u00fd doplnok nenahr\u00e1dza pestr\u00fa a vyv\u00e1\u017een\u00fa stravu a zdrav\u00fd \u017eivotn\u00fd \u0161t\u00fdl. Uchov\u00e1vajte mimo dosahu mal\u00fdch det\u00ed.<\/p>","protected":false},"excerpt":{"rendered":"<p>HAAS \u0160umiv\u00e9 tablety s v\u00e1pnikom, vitam\u00ednom D a K \u2013 pomaran\u010dov\u00e1 pr\u00edchu\u0165 predstavuj\u00fa praktick\u00fd doplnok v\u00fd\u017eivy vo forme osvie\u017euj\u00faceho&#8230; <a href=\"#tab-description\" class=\"more-link\">Read more<\/a><\/p>","protected":false},"featured_media":11559,"comment_status":"open","ping_status":"closed","template":"","meta":{"inline_featured_image":false},"product_brand":[],"product_cat":[373,69,140],"product_tag":[309,311],"class_list":{"0":"post-11557","1":"product","2":"type-product","3":"status-publish","4":"has-post-thumbnail","6":"product_cat-sumive-tabletky","7":"product_cat-vyzivove-doplnky","8":"product_cat-posilnenie-imunity","9":"product_tag-novinky","10":"product_tag-top-vyzivove-doplnky","12":"first","13":"onbackorder","14":"taxable","15":"shipping-taxable","16":"purchasable","17":"product-type-simple"},"aioseo_notices":[],"_links":{"self":[{"href":"https:\/\/www.biokari.sk\/en\/wp-json\/wp\/v2\/product\/11557","targetHints":{"allow":["GET"]}}],"collection":[{"href":"https:\/\/www.biokari.sk\/en\/wp-json\/wp\/v2\/product"}],"about":[{"href":"https:\/\/www.biokari.sk\/en\/wp-json\/wp\/v2\/types\/product"}],"replies":[{"embeddable":true,"href":"https:\/\/www.biokari.sk\/en\/wp-json\/wp\/v2\/comments?post=11557"}],"wp:featuredmedia":[{"embeddable":true,"href":"https:\/\/www.biokari.sk\/en\/wp-json\/wp\/v2\/media\/11559"}],"wp:attachment":[{"href":"https:\/\/www.biokari.sk\/en\/wp-json\/wp\/v2\/media?parent=11557"}],"wp:term":[{"taxonomy":"product_brand","embeddable":true,"href":"https:\/\/www.biokari.sk\/en\/wp-json\/wp\/v2\/product_brand?post=11557"},{"taxonomy":"product_cat","embeddable":true,"href":"https:\/\/www.biokari.sk\/en\/wp-json\/wp\/v2\/product_cat?post=11557"},{"taxonomy":"product_tag","embeddable":true,"href":"https:\/\/www.biokari.sk\/en\/wp-json\/wp\/v2\/product_tag?post=11557"}],"curies":[{"name":"wp","href":"https:\/\/api.w.org\/{rel}","templated":true}]}}