{"id":11566,"date":"2026-04-10T23:28:06","date_gmt":"2026-04-10T21:28:06","guid":{"rendered":"https:\/\/www.biokari.sk\/produkt\/nutsberries-orechovy-krem-100-200g\/"},"modified":"2026-04-10T23:35:00","modified_gmt":"2026-04-10T21:35:00","slug":"nutsberries-orechovy-krem-100-200g","status":"publish","type":"product","link":"https:\/\/www.biokari.sk\/en\/product\/nutsberries-orechovy-krem-100-200g\/","title":{"rendered":"Nuts&#038;Berries Orechov\u00fd kr\u00e9m 100% 200g"},"content":{"rendered":"<p><strong>Nuts &amp; Berries orechov\u00fd kr\u00e9m 100 % (pra\u017een\u00e9 orechy)<\/strong>&nbsp;predstavuje lahodn\u00fa a prirodzen\u00fa poch\u00fa\u0165ku s bohatou chu\u0165ou, ktor\u00e1 vynikne v sladk\u00fdch aj slan\u00fdch jedl\u00e1ch. V\u010faka jemnej konzistencii a intenz\u00edvnej orechovej ar\u00f3me je ide\u00e1lny na ka\u017edodenn\u00e9 pou\u017eitie v kuchyni.<\/p>\n\n\n\n<p>Tento kr\u00e9m je vyroben\u00fd zo&nbsp;<strong>100 % pra\u017een\u00fdch orechov<\/strong>, bez pridan\u00fdch l\u00e1tok, \u010d\u00edm si zachov\u00e1va svoju prirodzen\u00fa chu\u0165 a v\u00fd\u017eivov\u00fa hodnotu. Je vhodn\u00fd na natieranie, do dezertov aj ako s\u00fa\u010das\u0165 modern\u00e9ho zdrav\u00e9ho stravovania.<\/p>\n\n\n\n<p>Skvele sa hod\u00ed na natretie na chlieb alebo toast, do smoothie pre zv\u00fdraznenie chuti a doplnenie \u017eiv\u00edn, ako ingrediencia do dom\u00e1cich dezertov \u010di zmrzliny, ale aj ako n\u00e1pl\u0148 do kol\u00e1\u010dov, su\u0161ienok alebo tradi\u010dn\u00fdch sviato\u010dn\u00fdch pe\u010d\u00edv. V\u00fdborne dopln\u00ed aj granolu, ka\u0161u, palacinky alebo wafle.<\/p>\n\n\n\n<p><strong>Composition:<\/strong>&nbsp;100 % pra\u017een\u00e9 orechy.<\/p>\n\n\n\n<p><strong>Allergens:<\/strong>&nbsp;obsahuje orechy. M\u00f4\u017ee obsahova\u0165 stopy ara\u0161idov a sezamu.<\/p>\n\n\n\n<p><strong>V\u00fd\u017eivov\u00e9 \u00fadaje na 100 g:<\/strong>&nbsp;energia 2941 kJ \/ 713 kcal, tuky 69 g z toho nas\u00fdten\u00e9 mastn\u00e9 kyseliny 6,3 g, sacharidy 3,4 g z toho cukry 3,1 g, bielkoviny 16 g, so\u013e 0,4 g.<\/p>\n\n\n\n<p><strong>Storage:<\/strong>&nbsp;store in a cool, dry place.<\/p>\n\n\n\n<p><strong>Country of origin:<\/strong>\u00a0Po\u013esko<\/p>\n\n\n\n<p><strong>Packaging:<\/strong> 200g<\/p>","protected":false},"excerpt":{"rendered":"<p>Nuts &#038; Berries orechov\u00fd kr\u00e9m 100 % (pra\u017een\u00e9 orechy)\u00a0predstavuje lahodn\u00fa a prirodzen\u00fa poch\u00fa\u0165ku s bohatou chu\u0165ou, ktor\u00e1 vynikne v sladk\u00fdch&#8230; <a href=\"#tab-description\" class=\"more-link\">Read more<\/a><\/p>","protected":false},"featured_media":11568,"comment_status":"open","ping_status":"closed","template":"","meta":{"inline_featured_image":false},"product_brand":[345],"product_cat":[360,376,71],"product_tag":[309,312],"class_list":{"0":"post-11566","1":"product","2":"type-product","3":"status-publish","4":"has-post-thumbnail","6":"product_brand-nutsberries","7":"product_cat-ostatne-potraviny","8":"product_cat-rastlinny-krem","9":"product_cat-potraviny","10":"product_tag-novinky","11":"product_tag-top-potraviny","13":"first","14":"instock","15":"taxable","16":"shipping-taxable","17":"purchasable","18":"product-type-simple"},"aioseo_notices":[],"_links":{"self":[{"href":"https:\/\/www.biokari.sk\/en\/wp-json\/wp\/v2\/product\/11566","targetHints":{"allow":["GET"]}}],"collection":[{"href":"https:\/\/www.biokari.sk\/en\/wp-json\/wp\/v2\/product"}],"about":[{"href":"https:\/\/www.biokari.sk\/en\/wp-json\/wp\/v2\/types\/product"}],"replies":[{"embeddable":true,"href":"https:\/\/www.biokari.sk\/en\/wp-json\/wp\/v2\/comments?post=11566"}],"wp:featuredmedia":[{"embeddable":true,"href":"https:\/\/www.biokari.sk\/en\/wp-json\/wp\/v2\/media\/11568"}],"wp:attachment":[{"href":"https:\/\/www.biokari.sk\/en\/wp-json\/wp\/v2\/media?parent=11566"}],"wp:term":[{"taxonomy":"product_brand","embeddable":true,"href":"https:\/\/www.biokari.sk\/en\/wp-json\/wp\/v2\/product_brand?post=11566"},{"taxonomy":"product_cat","embeddable":true,"href":"https:\/\/www.biokari.sk\/en\/wp-json\/wp\/v2\/product_cat?post=11566"},{"taxonomy":"product_tag","embeddable":true,"href":"https:\/\/www.biokari.sk\/en\/wp-json\/wp\/v2\/product_tag?post=11566"}],"curies":[{"name":"wp","href":"https:\/\/api.w.org\/{rel}","templated":true}]}}