{"id":11573,"date":"2026-04-11T21:50:44","date_gmt":"2026-04-11T19:50:44","guid":{"rendered":"https:\/\/www.biokari.sk\/produkt\/guidolce-neapolske-lieskovo-orieskovou-kremou-bez-lepku-45g\/"},"modified":"2026-05-02T19:01:08","modified_gmt":"2026-05-02T17:01:08","slug":"guidolce-neapolske-lieskovo-orieskovou-kremou-bez-lepku-45g","status":"publish","type":"product","link":"https:\/\/www.biokari.sk\/en\/product\/guidolce-neapolske-lieskovo-orieskovou-kremou-bez-lepku-45g\/","title":{"rendered":"Guidolce Neapolsk\u00e9 lieskovo orie\u0161kovou kr\u00e9mou bez lepku 45g"},"content":{"rendered":"<p><strong>Bezlepkov\u00e1 lieskovoorie\u0161kov\u00e1 sladk\u00e1 poch\u00fa\u0165ka 45 g<\/strong>&nbsp;predstavuje lahodn\u00fd snack s jemnou kakaovo-orie\u0161kovou chu\u0165ou, ktor\u00fd je ide\u00e1lny pre v\u0161etk\u00fdch, ktor\u00ed h\u013eadaj\u00fa chutn\u00fa alternat\u00edvu v r\u00e1mci \u0161peci\u00e1lnych di\u00e9t. V\u010faka starostlivo vybran\u00e9mu zlo\u017eeniu je vhodn\u00fd pre osoby dodr\u017eiavaj\u00face&nbsp;<strong>bezlepkov\u00fa, bezlakt\u00f3zov\u00fa, bezvaje\u010dn\u00fa, bezp\u0161eni\u010dn\u00fa, bezkvasnicov\u00fa a bezpoh\u00e1nkov\u00fa di\u00e9tu<\/strong>.<\/p>\n\n\n\n<p>Kr\u00e9mov\u00e1 text\u00fara a vyv\u00e1\u017een\u00e1 sladk\u00e1 chu\u0165 robia z tohto produktu ide\u00e1lnu vo\u013ebu na r\u00fdchle doplnenie energie po\u010das d\u0148a alebo ako mal\u00fa sladk\u00fa odmenu.<\/p>\n\n\n\n<p><strong>Composition:<\/strong>&nbsp;zemiakov\u00fd \u0161krob, gluk\u00f3zov\u00fd sirup, kokosov\u00fd olej, cukor, lieskov\u00e9 orechy (7,5 %), odtu\u010dnen\u00fd kakaov\u00fd pr\u00e1\u0161ok, bezlakt\u00f3zov\u00e9 su\u0161en\u00e9 mlieko*, ry\u017eov\u00e1 m\u00faka, emulg\u00e1tor: s\u00f3jov\u00fd lecit\u00edn, so\u013e, zahus\u0165ovadlo: guarov\u00e1 m\u00faka, kypriaca l\u00e1tka: hydrog\u00e9nuhli\u010ditan sodn\u00fd, pr\u00edrodn\u00e1 ar\u00f3ma.<\/p>\n\n\n\n<p>* obsahuje gluk\u00f3zu a galakt\u00f3zu v d\u00f4sledku \u0161tiepenia lakt\u00f3zy (lakt\u00f3za &lt; 0,1 %)<\/p>\n\n\n\n<p><strong>Allergens:<\/strong>&nbsp;obsahuje orechy, s\u00f3ju a mlieko. M\u00f4\u017ee obsahova\u0165 stopy in\u00fdch orechov a sezamu.<\/p>\n\n\n\n<p><strong>V\u00fd\u017eivov\u00e9 \u00fadaje na 100 g:<\/strong>&nbsp;energia 2152 kJ \/ 514 kcal, tuky 25,8 g z toho nas\u00fdten\u00e9 mastn\u00e9 kyseliny 19,2 g, sacharidy 64,1 g z toho cukry 23,8 g, vl\u00e1knina 4,1 g, bielkoviny 4,4 g, so\u013e 0,3 g.<\/p>\n\n\n\n<p><strong>Storage:<\/strong>&nbsp;store in a cool, dry place.<\/p>\n\n\n\n<p><strong>Country of origin:<\/strong>&nbsp;uveden\u00e1 na obale.<\/p>\n\n\n\n<p><strong>Weight:<\/strong>&nbsp;<strong>45 g<\/strong><\/p>","protected":false},"excerpt":{"rendered":"<p>Bezlepkov\u00e1 lieskovoorie\u0161kov\u00e1 sladk\u00e1 poch\u00fa\u0165ka 45 g predstavuje lahodn\u00fd snack s jemnou kakaovo-orie\u0161kovou chu\u0165ou, ktor\u00fd je &#8230; <a href=\"#tab-description\" class=\"more-link\">Read more<\/a><\/p>","protected":false},"featured_media":11575,"comment_status":"open","ping_status":"closed","template":"","meta":{"inline_featured_image":false},"product_brand":[],"product_cat":[381,316,71,174,178],"product_tag":[280],"class_list":{"0":"post-11573","1":"product","2":"type-product","3":"status-publish","4":"has-post-thumbnail","6":"product_cat-keksiky","7":"product_cat-bezlepkove-vyrobky","8":"product_cat-potraviny","9":"product_cat-maskrty","10":"product_cat-sladke-maskrty","11":"product_tag-bezglutenove","13":"first","14":"instock","15":"taxable","16":"shipping-taxable","17":"purchasable","18":"product-type-simple"},"aioseo_notices":[],"_links":{"self":[{"href":"https:\/\/www.biokari.sk\/en\/wp-json\/wp\/v2\/product\/11573","targetHints":{"allow":["GET"]}}],"collection":[{"href":"https:\/\/www.biokari.sk\/en\/wp-json\/wp\/v2\/product"}],"about":[{"href":"https:\/\/www.biokari.sk\/en\/wp-json\/wp\/v2\/types\/product"}],"replies":[{"embeddable":true,"href":"https:\/\/www.biokari.sk\/en\/wp-json\/wp\/v2\/comments?post=11573"}],"wp:featuredmedia":[{"embeddable":true,"href":"https:\/\/www.biokari.sk\/en\/wp-json\/wp\/v2\/media\/11575"}],"wp:attachment":[{"href":"https:\/\/www.biokari.sk\/en\/wp-json\/wp\/v2\/media?parent=11573"}],"wp:term":[{"taxonomy":"product_brand","embeddable":true,"href":"https:\/\/www.biokari.sk\/en\/wp-json\/wp\/v2\/product_brand?post=11573"},{"taxonomy":"product_cat","embeddable":true,"href":"https:\/\/www.biokari.sk\/en\/wp-json\/wp\/v2\/product_cat?post=11573"},{"taxonomy":"product_tag","embeddable":true,"href":"https:\/\/www.biokari.sk\/en\/wp-json\/wp\/v2\/product_tag?post=11573"}],"curies":[{"name":"wp","href":"https:\/\/api.w.org\/{rel}","templated":true}]}}