{"id":11579,"date":"2026-04-11T22:18:29","date_gmt":"2026-04-11T20:18:29","guid":{"rendered":"https:\/\/www.biokari.sk\/produkt\/natur-tanya-fermentovana-papaya-koncentrat-500ml\/"},"modified":"2026-04-20T19:02:01","modified_gmt":"2026-04-20T17:02:01","slug":"natur-tanya-fermentovana-papaya-koncentrat-500ml","status":"publish","type":"product","link":"https:\/\/www.biokari.sk\/en\/product\/natur-tanya-fermentovana-papaya-koncentrat-500ml\/","title":{"rendered":"Natur Tanya Fermentovana papaya koncentr\u00e1t 500ml"},"content":{"rendered":"<p><strong>Fermentovan\u00fd pap\u00e1jovo-noni tekut\u00fd v\u00fd\u017eivov\u00fd doplnok<\/strong>&nbsp;predstavuje pr\u00e9miov\u00fd pr\u00edrodn\u00fd koncentr\u00e1t vytvoren\u00fd z tradi\u010dne vyu\u017e\u00edvan\u00fdch plodov pap\u00e1je a noni. V\u010faka procesu ferment\u00e1cie vznik\u00e1 n\u00e1poj bohat\u00fd na enz\u00fdmy a prirodzene sa vyskytuj\u00face prospe\u0161n\u00e9 l\u00e1tky, ktor\u00fd je doplnen\u00fd o antioxidantmi bohat\u00fd extrakt z noni. T\u00e1to kombin\u00e1cia podporuje vitalitu organizmu a prirodzen\u00fa rovnov\u00e1hu tela. Fermentovan\u00e1 pap\u00e1ja je zn\u00e1ma svoj\u00edm priazniv\u00fdm vplyvom na tr\u00e1venie, zatia\u013e \u010do noni je cenen\u00e9 pre obsah antioxidantov.<\/p>\n\n\n\n<p><strong>Composition:<\/strong>&nbsp;fermentovan\u00e1 pap\u00e1jov\u00e1 \u0161\u0165ava (Carica papaya L.), pap\u00e1jov\u00e1 du\u017eina, ovocn\u00fd cukor, \u0161\u0165ava z noni (Morinda citrifolia L.), konzerva\u010dn\u00e9 l\u00e1tky (sorban draseln\u00fd, benzoan sodn\u00fd), regul\u00e1tor kyslosti (kyselina citr\u00f3nov\u00e1), ar\u00f3ma.<\/p>\n\n\n\n<p><strong>Recommended dosage:<\/strong>&nbsp;denn\u00e1 d\u00e1vka 30 ml (cca 3 polievkov\u00e9 ly\u017eice), rozdelen\u00e1 na dve \u010dasti, ide\u00e1lne pred jedlom, samostatne alebo zrieden\u00e1 v pribli\u017ene 200 ml vody. Pred pou\u017eit\u00edm pretrepa\u0165.<\/p>\n\n\n\n<p><strong>\u00da\u010dinn\u00e9 l\u00e1tky v dennej d\u00e1vke (30 ml):<\/strong>&nbsp;fermentovan\u00e1 pap\u00e1jov\u00e1 \u0161\u0165ava 25,5 ml, pap\u00e1jov\u00e1 du\u017eina 2,4 ml, noni \u0161\u0165ava 0,3 ml.<\/p>\n\n\n\n<p><strong>V\u00fd\u017eivov\u00e9 \u00fadaje:<\/strong>&nbsp;v 30 ml: energia 51 kJ \/ 12 kcal, tuky 0 g z toho nas\u00fdten\u00e9 mastn\u00e9 kyseliny 0 g, sacharidy 3 g z toho cukry 2,6 g, bielkoviny 0,5 g, so\u013e 0,02 g. V 100 ml: energia 170 kJ \/ 40 kcal, tuky 0 g z toho nas\u00fdten\u00e9 mastn\u00e9 kyseliny 0 g, sacharidy 10 g z toho cukry 8,7 g, bielkoviny 0,5 g, so\u013e 0,06 g.<\/p>\n\n\n\n<p><strong>Storage:<\/strong>&nbsp;uchov\u00e1vajte na suchom a chladnom mieste, mimo dosahu det\u00ed. Po otvoren\u00ed skladujte v chladni\u010dke a spotrebujte do 1 mesiaca.<\/p>\n\n\n\n<p><strong>Warning:<\/strong>&nbsp;pred pou\u017eit\u00edm pretrepa\u0165. Neprekra\u010dujte odpor\u00fa\u010dan\u00fa denn\u00fa d\u00e1vku. Nevhodn\u00e9 pri precitlivenosti na niektor\u00fa zo zlo\u017eiek. V\u00fd\u017eivov\u00fd doplnok nenahr\u00e1dza pestr\u00fa a vyv\u00e1\u017een\u00fa stravu ani zdrav\u00fd \u017eivotn\u00fd \u0161t\u00fdl. Prirodzenou vlastnos\u0165ou produktu m\u00f4\u017ee by\u0165 vznik usadeniny alebo mierne odli\u0161nosti vo farbe, chuti a konzistencii, \u010do neovplyv\u0148uje kvalitu v\u00fdrobku.<\/p>\n\n\n\n<p><strong>Odpor\u00fa\u010dan\u00e1 d\u013a\u017eka u\u017e\u00edvania:<\/strong>&nbsp;minim\u00e1lne 50 dn\u00ed (3 balenia), maxim\u00e1lne 160 dn\u00ed (10 balen\u00ed).<\/p>\n\n\n\n<p><strong>Packaging:<\/strong>&nbsp;<strong>500 ml (16 denn\u00fdch d\u00e1vok)<\/strong><\/p>","protected":false},"excerpt":{"rendered":"<p>&#8230; <a href=\"#tab-description\" class=\"more-link\">Read more<\/a><\/p>","protected":false},"featured_media":11580,"comment_status":"open","ping_status":"closed","template":"","meta":{"inline_featured_image":false},"product_brand":[306],"product_cat":[383,384,69,143],"product_tag":[280,313,281],"class_list":{"0":"post-11579","1":"product","2":"type-product","3":"status-publish","4":"has-post-thumbnail","6":"product_brand-natur-tanya","7":"product_cat-tekutiny","8":"product_cat-tekutiny-zaludok-a-crevna-cinnost","9":"product_cat-vyzivove-doplnky","10":"product_cat-zaludok-a-crevna-cinnost","11":"product_tag-bezglutenove","12":"product_tag-top-ostatne","13":"product_tag-veganske","15":"first","16":"instock","17":"taxable","18":"shipping-taxable","19":"purchasable","20":"product-type-simple"},"aioseo_notices":[],"_links":{"self":[{"href":"https:\/\/www.biokari.sk\/en\/wp-json\/wp\/v2\/product\/11579","targetHints":{"allow":["GET"]}}],"collection":[{"href":"https:\/\/www.biokari.sk\/en\/wp-json\/wp\/v2\/product"}],"about":[{"href":"https:\/\/www.biokari.sk\/en\/wp-json\/wp\/v2\/types\/product"}],"replies":[{"embeddable":true,"href":"https:\/\/www.biokari.sk\/en\/wp-json\/wp\/v2\/comments?post=11579"}],"wp:featuredmedia":[{"embeddable":true,"href":"https:\/\/www.biokari.sk\/en\/wp-json\/wp\/v2\/media\/11580"}],"wp:attachment":[{"href":"https:\/\/www.biokari.sk\/en\/wp-json\/wp\/v2\/media?parent=11579"}],"wp:term":[{"taxonomy":"product_brand","embeddable":true,"href":"https:\/\/www.biokari.sk\/en\/wp-json\/wp\/v2\/product_brand?post=11579"},{"taxonomy":"product_cat","embeddable":true,"href":"https:\/\/www.biokari.sk\/en\/wp-json\/wp\/v2\/product_cat?post=11579"},{"taxonomy":"product_tag","embeddable":true,"href":"https:\/\/www.biokari.sk\/en\/wp-json\/wp\/v2\/product_tag?post=11579"}],"curies":[{"name":"wp","href":"https:\/\/api.w.org\/{rel}","templated":true}]}}