{"id":11588,"date":"2026-04-11T22:49:53","date_gmt":"2026-04-11T20:49:53","guid":{"rendered":"https:\/\/www.biokari.sk\/produkt\/organiqa-bio-ryzovy-protein-200g\/"},"modified":"2026-04-30T19:01:22","modified_gmt":"2026-04-30T17:01:22","slug":"organiqa-bio-ryzovy-protein-200g","status":"publish","type":"product","link":"https:\/\/www.biokari.sk\/en\/product\/organiqa-bio-ryzovy-protein-200g\/","title":{"rendered":"Organiqa bio ry\u017eov\u00fd protein 200g"},"content":{"rendered":"<p><strong>100 % BIO ry\u017eov\u00fd prote\u00edn \u2013 veg\u00e1nsky prote\u00ednov\u00fd pr\u00e1\u0161ok bez pridan\u00e9ho cukru<\/strong>&nbsp;predstavuje kvalitn\u00fd rastlinn\u00fd zdroj bielkov\u00edn ur\u010den\u00fd pre v\u0161etk\u00fdch, ktor\u00ed preferuj\u00fa&nbsp;<strong>rastlinn\u00fa stravu<\/strong>&nbsp;alebo chc\u00fa doplni\u0165 svoj denn\u00fd pr\u00edjem prote\u00ednov bez \u017eivo\u010d\u00ed\u0161nych zlo\u017eiek. V\u010faka&nbsp;<strong>vysok\u00e9mu obsahu bielkov\u00edn (80 %)<\/strong>&nbsp;je ide\u00e1lny nielen pre akt\u00edvnych \u013eud\u00ed a \u0161portovcov, ale aj pre ka\u017edodenn\u00e9 pou\u017eitie pri vyv\u00e1\u017eenej strave.<\/p>\n\n\n\n<p>Tento prote\u00edn m\u00e1&nbsp;<strong>neutr\u00e1lnu chu\u0165<\/strong>, v\u010faka \u010domu sa jednoducho kombinuje s r\u00f4znymi jedlami a n\u00e1pojmi. Je vhodn\u00fd do smoothie, rastlinn\u00fdch n\u00e1pojov, ovocn\u00fdch \u0161tiav, ale aj na varenie a pe\u010denie \u2013 napr\u00edklad do ka\u0161\u00ed, palaciniek, kol\u00e1\u010dov, muffinov, proteinov\u00fdch dezertov \u010di hlavn\u00fdch jed\u00e1l. Umo\u017e\u0148uje jednoduch\u00e9 a nen\u00e1padn\u00e9 doplnenie bielkov\u00edn do ka\u017edodenn\u00e9ho jed\u00e1lni\u010dka.<\/p>\n\n\n\n<p><strong>Composition:<\/strong>&nbsp;bio ry\u017eov\u00fd prote\u00ednov\u00fd pr\u00e1\u0161ok.<\/p>\n\n\n\n<p><strong>Recommended use:<\/strong>&nbsp;zmie\u0161ajte&nbsp;<strong>20\u201330 g<\/strong>&nbsp;prote\u00ednu s&nbsp;<strong>300\u2013400 ml<\/strong>&nbsp;vody alebo rastlinn\u00e9ho n\u00e1poja. Pod\u013ea chuti m\u00f4\u017eete prida\u0165 ovocie (napr. ban\u00e1n) alebo pr\u00edrodn\u00e9 sladidl\u00e1. Vhodn\u00e9 aj na priame pridanie do jed\u00e1l.<\/p>\n\n\n\n<p><strong>V\u00fd\u017eivov\u00e9 \u00fadaje na 100 g:<\/strong>&nbsp;energia 1537 kJ \/ 367 kcal, tuky 2 g z toho nas\u00fdten\u00e9 mastn\u00e9 kyseliny 0,7 g, sacharidy 12 g z toho cukry 6,7 g, bielkoviny 80 g, vl\u00e1knina neuveden\u00e9, so\u013e &lt; 0,1 g.<\/p>\n\n\n\n<p><strong>Storage:<\/strong>&nbsp;store in a cool, dry place.<\/p>\n\n\n\n<p><strong>Country of origin:<\/strong>&nbsp;uveden\u00e1 na obale.<\/p>\n\n\n\n<p><strong>Packaging:<\/strong> 250g<\/p>","protected":false},"excerpt":{"rendered":"<p>100 % BIO ry\u017eov\u00fd prote\u00edn \u2013 veg\u00e1nsky prote\u00ednov\u00fd pr\u00e1\u0161ok bez pridan\u00e9ho cukru\u00a0predstavuje kvalitn\u00fd rastlinn\u00fd zdroj bielkov\u00edn ur\u010den\u00fd&#8230; <a href=\"#tab-description\" class=\"more-link\">Read more<\/a><\/p>","protected":false},"featured_media":11590,"comment_status":"open","ping_status":"closed","template":"","meta":{"inline_featured_image":false},"product_brand":[],"product_cat":[360,386,316,71],"product_tag":[280,281],"class_list":{"0":"post-11588","1":"product","2":"type-product","3":"status-publish","4":"has-post-thumbnail","6":"product_cat-ostatne-potraviny","7":"product_cat-superfood","8":"product_cat-bezlepkove-vyrobky","9":"product_cat-potraviny","10":"product_tag-bezglutenove","11":"product_tag-veganske","13":"first","14":"instock","15":"taxable","16":"shipping-taxable","17":"purchasable","18":"product-type-simple"},"aioseo_notices":[],"_links":{"self":[{"href":"https:\/\/www.biokari.sk\/en\/wp-json\/wp\/v2\/product\/11588","targetHints":{"allow":["GET"]}}],"collection":[{"href":"https:\/\/www.biokari.sk\/en\/wp-json\/wp\/v2\/product"}],"about":[{"href":"https:\/\/www.biokari.sk\/en\/wp-json\/wp\/v2\/types\/product"}],"replies":[{"embeddable":true,"href":"https:\/\/www.biokari.sk\/en\/wp-json\/wp\/v2\/comments?post=11588"}],"wp:featuredmedia":[{"embeddable":true,"href":"https:\/\/www.biokari.sk\/en\/wp-json\/wp\/v2\/media\/11590"}],"wp:attachment":[{"href":"https:\/\/www.biokari.sk\/en\/wp-json\/wp\/v2\/media?parent=11588"}],"wp:term":[{"taxonomy":"product_brand","embeddable":true,"href":"https:\/\/www.biokari.sk\/en\/wp-json\/wp\/v2\/product_brand?post=11588"},{"taxonomy":"product_cat","embeddable":true,"href":"https:\/\/www.biokari.sk\/en\/wp-json\/wp\/v2\/product_cat?post=11588"},{"taxonomy":"product_tag","embeddable":true,"href":"https:\/\/www.biokari.sk\/en\/wp-json\/wp\/v2\/product_tag?post=11588"}],"curies":[{"name":"wp","href":"https:\/\/api.w.org\/{rel}","templated":true}]}}