{"id":11619,"date":"2026-04-20T22:21:52","date_gmt":"2026-04-20T20:21:52","guid":{"rendered":"https:\/\/www.biokari.sk\/produkt\/wtn-dozodor-proti-poteniu-100ml\/"},"modified":"2026-04-20T22:26:11","modified_gmt":"2026-04-20T20:26:11","slug":"wtn-dozodor-proti-poteniu-100ml","status":"publish","type":"product","link":"https:\/\/www.biokari.sk\/en\/product\/wtn-dozodor-proti-poteniu-100ml\/","title":{"rendered":"WTN Dozodor proti poteniu 100ml"},"content":{"rendered":"<p>WTN dezodor bez obsahu hlin\u00edka je&nbsp;<strong>kozmetick\u00fd pr\u00edpravok ur\u010den\u00fd na ka\u017edodenn\u00fa hygienu poko\u017eky<\/strong>, vhodn\u00fd aj pri zv\u00fd\u0161enej tvorbe potu. Pom\u00e1ha udr\u017eiava\u0165 pocit svie\u017eosti a komfortu bez naru\u0161enia prirodzen\u00fdch procesov poko\u017eky.<\/p>\n\n\n\n<p><strong>Charakteristika produktu<\/strong><br>Dezodor obsahuje&nbsp;<strong>rastlinn\u00e9 extrakty a \u00e9terick\u00e9 oleje<\/strong>, ktor\u00e9 prispievaj\u00fa k neutraliz\u00e1cii nepr\u00edjemn\u00e9ho telesn\u00e9ho pachu. Neobsahuje hlin\u00edkov\u00e9 soli a nep\u00f4sob\u00ed ako antiperspirant, teda&nbsp;<strong>neblokuje prirodzen\u00e9 potenie<\/strong>.<\/p>\n\n\n\n<p>Zlo\u017eky ako&nbsp;<strong>\u0161alvia, tea tree olej a harman\u010dek<\/strong>&nbsp;s\u00fa tradi\u010dne vyu\u017e\u00edvan\u00e9 v kozmetike pre starostlivos\u0165 o poko\u017eku a prispievaj\u00fa k pocitu \u010distoty a svie\u017eosti.<\/p>\n\n\n\n<p><strong>Hlavn\u00e9 vlastnosti<\/strong><br>Pom\u00e1ha neutralizova\u0165 nepr\u00edjemn\u00fd telesn\u00fd pach.<br>Prispieva k pocitu svie\u017eosti po\u010das d\u0148a.<br>Vhodn\u00fd na ka\u017edodenn\u00e9 pou\u017eitie.<br>Neobsahuje hlin\u00edkov\u00e9 soli.<\/p>\n\n\n\n<p><strong>Pou\u017eitie<\/strong><br>Pred pou\u017eit\u00edm pretrepte. Aplikujte&nbsp;<strong>2\u20133 streknutia zo vzdialenosti cca 20 cm na poko\u017eku podpazu\u0161ia<\/strong>. V pr\u00edpade potreby mo\u017eno aplik\u00e1ciu po\u010das d\u0148a zopakova\u0165. Mo\u017eno pou\u017ei\u0165 aj na osvie\u017eenie poko\u017eky.<\/p>\n\n\n\n<p><strong>Notice<\/strong><br>Len na vonkaj\u0161ie pou\u017eitie.<br>Zabr\u00e1\u0148te kontaktu s o\u010dami a sliznicami.<br>Nepou\u017e\u00edvajte na podr\u00e1\u017eden\u00fa alebo po\u0161koden\u00fa poko\u017eku.<br>V pr\u00edpade podr\u00e1\u017edenia alebo alergickej reakcie presta\u0148te v\u00fdrobok pou\u017e\u00edva\u0165.<br>Uchov\u00e1vajte mimo dosahu det\u00ed.<\/p>\n\n\n\n<p><strong>Storage<\/strong><br>Uchov\u00e1vajte na suchom a chladnom mieste, chr\u00e1\u0148te pred priamym slne\u010dn\u00fdm \u017eiaren\u00edm.<\/p>\n\n\n\n<p><strong>Ingredients (INCI):<\/strong>&nbsp;Aqua, Aloe Barbadensis Leaf Juice, Sodium Bicarbonate, Glycerin, Polyglyceryl-10 Laurate, Tocopheryl Acetate, Melaleuca Alternifolia Leaf Oil, Chamomilla Recutita Extract, Phenoxyethanol, Caprylyl Glycol, Salvia Officinalis Oil, Eugenia Caryophyllus Bud Oil, Limonene, Eugenol.<\/p>\n\n\n\n<p><strong>Volume:<\/strong>&nbsp;100 ml<\/p>\n\n\n\n<hr class=\"wp-block-separator has-alpha-channel-opacity\"\/>","protected":false},"excerpt":{"rendered":"<p>WTN dezodor bez obsahu hlin\u00edka je kozmetick\u00fd pr\u00edpravok ur\u010den\u00fd na ka\u017edodenn\u00fa hygienu poko\u017eky, vhodn\u00fd aj pri zv\u00fd\u0161enej tvorbe potu&#8230; <a href=\"#tab-description\" class=\"more-link\">Read more<\/a><\/p>","protected":false},"featured_media":11621,"comment_status":"open","ping_status":"closed","template":"","meta":{"inline_featured_image":false},"product_brand":[289],"product_cat":[388,249],"product_tag":[],"class_list":{"0":"post-11619","1":"product","2":"type-product","3":"status-publish","4":"has-post-thumbnail","6":"product_brand-wtn","7":"product_cat-dezodor","8":"product_cat-kozmeticke-vyrobky","10":"first","11":"instock","12":"taxable","13":"shipping-taxable","14":"purchasable","15":"product-type-simple"},"aioseo_notices":[],"_links":{"self":[{"href":"https:\/\/www.biokari.sk\/en\/wp-json\/wp\/v2\/product\/11619","targetHints":{"allow":["GET"]}}],"collection":[{"href":"https:\/\/www.biokari.sk\/en\/wp-json\/wp\/v2\/product"}],"about":[{"href":"https:\/\/www.biokari.sk\/en\/wp-json\/wp\/v2\/types\/product"}],"replies":[{"embeddable":true,"href":"https:\/\/www.biokari.sk\/en\/wp-json\/wp\/v2\/comments?post=11619"}],"wp:featuredmedia":[{"embeddable":true,"href":"https:\/\/www.biokari.sk\/en\/wp-json\/wp\/v2\/media\/11621"}],"wp:attachment":[{"href":"https:\/\/www.biokari.sk\/en\/wp-json\/wp\/v2\/media?parent=11619"}],"wp:term":[{"taxonomy":"product_brand","embeddable":true,"href":"https:\/\/www.biokari.sk\/en\/wp-json\/wp\/v2\/product_brand?post=11619"},{"taxonomy":"product_cat","embeddable":true,"href":"https:\/\/www.biokari.sk\/en\/wp-json\/wp\/v2\/product_cat?post=11619"},{"taxonomy":"product_tag","embeddable":true,"href":"https:\/\/www.biokari.sk\/en\/wp-json\/wp\/v2\/product_tag?post=11619"}],"curies":[{"name":"wp","href":"https:\/\/api.w.org\/{rel}","templated":true}]}}