{"id":11622,"date":"2026-04-20T22:30:00","date_gmt":"2026-04-20T20:30:00","guid":{"rendered":"https:\/\/www.biokari.sk\/produkt\/wtn-folat-komplex-kvapky-20ml\/"},"modified":"2026-04-20T22:54:20","modified_gmt":"2026-04-20T20:54:20","slug":"wtn-folat-komplex-kvapky-20ml","status":"publish","type":"product","link":"https:\/\/www.biokari.sk\/en\/product\/wtn-folat-komplex-kvapky-20ml\/","title":{"rendered":"WTN Fol\u00e1t komplex kvapky 20ml"},"content":{"rendered":"<p data-start=\"241\" data-end=\"495\">H\u013ead\u00e1\u0161 <strong data-start=\"248\" data-end=\"293\">modern\u00fa a biologicky akt\u00edvnu formu fol\u00e1tu<\/strong>, ktor\u00fa telo dok\u00e1\u017ee efekt\u00edvne vyu\u017ei\u0165? WTN Fol\u00e1t komplex kvapky obsahuj\u00fa <strong data-start=\"365\" data-end=\"390\">L-5-MTHF (metylfol\u00e1t)<\/strong> \u2013 akt\u00edvnu formu vitam\u00ednu B9 doplnen\u00fa o <strong data-start=\"430\" data-end=\"462\">vitam\u00edn B12 (metylkobalam\u00edn)<\/strong> pre komplexn\u00fa podporu organizmu.<\/p>\n<p data-start=\"497\" data-end=\"831\"><strong data-start=\"497\" data-end=\"541\">Pre\u010do si vybra\u0165 pr\u00e1ve WTN Fol\u00e1t komplex?<\/strong><br data-start=\"541\" data-end=\"544\" \/>\u2714 Obsahuje <strong data-start=\"555\" data-end=\"588\">akt\u00edvny metylfol\u00e1t (L-5-MTHF)<\/strong> \u2013 forma, ktor\u00fa telo priamo vyu\u017e\u00edva<br data-start=\"623\" data-end=\"626\" \/>\u2714 Doplnen\u00fd o <strong data-start=\"639\" data-end=\"671\">vitam\u00edn B12 v akt\u00edvnej forme<\/strong><br data-start=\"671\" data-end=\"674\" \/>\u2714 <strong data-start=\"676\" data-end=\"713\">Bez syntetickej kyseliny listovej<\/strong><br data-start=\"713\" data-end=\"716\" \/>\u2714 <strong data-start=\"718\" data-end=\"747\">Bez konzervantov a adit\u00edv<\/strong><br data-start=\"747\" data-end=\"750\" \/>\u2714 <strong data-start=\"752\" data-end=\"772\">Veg\u00e1nsky produkt<\/strong><br data-start=\"772\" data-end=\"775\" \/>\u2714 Praktick\u00e1 <strong data-start=\"787\" data-end=\"831\">kvapkov\u00e1 forma pre jednoduch\u00e9 d\u00e1vkovanie<\/strong><\/p>\n<p data-start=\"833\" data-end=\"1085\"><strong data-start=\"833\" data-end=\"873\">Podpora organizmu (schv\u00e1len\u00e9 \u00fa\u010dinky)<\/strong><br data-start=\"873\" data-end=\"876\" \/>Fol\u00e1t prispieva k:<br data-start=\"894\" data-end=\"897\" \/>\u2714 norm\u00e1lnemu metabolizmu homocyste\u00ednu<br data-start=\"934\" data-end=\"937\" \/>\u2714 spr\u00e1vnej psychickej \u010dinnosti<br data-start=\"967\" data-end=\"970\" \/>\u2714 zn\u00ed\u017eeniu \u00fanavy a vy\u010derpania<br data-start=\"999\" data-end=\"1002\" \/>\u2714 norm\u00e1lnej krvotvorbe<br data-start=\"1024\" data-end=\"1027\" \/>\u2714 spr\u00e1vnej funkcii imunitn\u00e9ho syst\u00e9mu<br data-start=\"1064\" data-end=\"1067\" \/>\u2714 deleniu buniek<\/p>\n<p data-start=\"1087\" data-end=\"1193\">Vitam\u00edn B12 prispieva k:<br data-start=\"1111\" data-end=\"1114\" \/>\u2714 norm\u00e1lnej tvorbe \u010derven\u00fdch krviniek<br data-start=\"1151\" data-end=\"1154\" \/>\u2714 spr\u00e1vnej \u010dinnosti nervov\u00e9ho syst\u00e9mu<\/p>\n<p data-start=\"1195\" data-end=\"1327\"><strong data-start=\"1195\" data-end=\"1230\">Zlo\u017eenie (1 d\u00e1vka \u2013 6 kvapiek):<\/strong><br data-start=\"1230\" data-end=\"1233\" \/>Vitam\u00edn B9 (L-5-MTHF) 1025 \u03bcg (513 % RVH)<br data-start=\"1274\" data-end=\"1277\" \/>Vitam\u00edn B12 (metylkobalam\u00edn) 115 \u03bcg (4600 % RVH)<\/p>\n<p data-start=\"1329\" data-end=\"1419\">Zlo\u017eenie: \u010disten\u00e1 voda, organick\u00fd glycer\u00edn, (6S)-5-metyl-tetrahydrofol\u00e1t, metylkobalam\u00edn<\/p>\n<p data-start=\"1421\" data-end=\"1534\"><strong data-start=\"1421\" data-end=\"1435\">Dosage<\/strong><br data-start=\"1435\" data-end=\"1438\" \/>Odpor\u00fa\u010dan\u00e1 d\u00e1vka: <strong data-start=\"1456\" data-end=\"1475\">6 kvapiek denne<\/strong> pod jazyk alebo do vody. Ide\u00e1lne <strong data-start=\"1509\" data-end=\"1533\">30 min\u00fat pred jedlom<\/strong>.<\/p>\n<p data-start=\"1536\" data-end=\"1769\"><strong data-start=\"1536\" data-end=\"1560\">D\u00f4le\u017eit\u00e9 upozornenie<\/strong><br data-start=\"1560\" data-end=\"1563\" \/>V\u00fd\u017eivov\u00fd doplnok nenahr\u00e1dza pestr\u00fa stravu. Neprekra\u010dujte odpor\u00fa\u010dan\u00fa d\u00e1vku.<br data-start=\"1637\" data-end=\"1640\" \/>Produkt je <strong data-start=\"1651\" data-end=\"1671\">bez konzervantov<\/strong> \u2013 zabr\u00e1\u0148te kontaktu pipety s \u00fastami, aby nedo\u0161lo k znehodnoteniu.<br data-start=\"1737\" data-end=\"1740\" \/>Uchov\u00e1vajte mimo dosahu det\u00ed.<\/p>\n<p data-start=\"1771\" data-end=\"1819\"><strong data-start=\"1771\" data-end=\"1786\">Storage<\/strong><br data-start=\"1786\" data-end=\"1789\" \/>Such\u00e9, chladn\u00e9 a tmav\u00e9 miesto.<\/p>\n<p data-start=\"1771\" data-end=\"1819\">Balenie: 20ml<\/p>\n\n\n<p><\/p>","protected":false},"excerpt":{"rendered":"<p>H\u013ead\u00e1\u0161 modern\u00fa a biologicky akt\u00edvnu formu fol\u00e1tu, ktor\u00fa telo dok\u00e1\u017ee efekt\u00edvne vyu\u017ei\u0165? WTN Fol\u00e1t komplex kvapky obsahuj\u00fa L-5-MTHF (metylfol\u00e1t)&#8230; <a href=\"#tab-description\" class=\"more-link\">Read more<\/a><\/p>","protected":false},"featured_media":11625,"comment_status":"open","ping_status":"closed","template":"","meta":{"inline_featured_image":false},"product_brand":[289],"product_cat":[389,69,140],"product_tag":[],"class_list":{"0":"post-11622","1":"product","2":"type-product","3":"status-publish","4":"has-post-thumbnail","6":"product_brand-wtn","7":"product_cat-kvapky","8":"product_cat-vyzivove-doplnky","9":"product_cat-posilnenie-imunity","11":"first","12":"instock","13":"taxable","14":"shipping-taxable","15":"purchasable","16":"product-type-simple"},"aioseo_notices":[],"_links":{"self":[{"href":"https:\/\/www.biokari.sk\/en\/wp-json\/wp\/v2\/product\/11622","targetHints":{"allow":["GET"]}}],"collection":[{"href":"https:\/\/www.biokari.sk\/en\/wp-json\/wp\/v2\/product"}],"about":[{"href":"https:\/\/www.biokari.sk\/en\/wp-json\/wp\/v2\/types\/product"}],"replies":[{"embeddable":true,"href":"https:\/\/www.biokari.sk\/en\/wp-json\/wp\/v2\/comments?post=11622"}],"wp:featuredmedia":[{"embeddable":true,"href":"https:\/\/www.biokari.sk\/en\/wp-json\/wp\/v2\/media\/11625"}],"wp:attachment":[{"href":"https:\/\/www.biokari.sk\/en\/wp-json\/wp\/v2\/media?parent=11622"}],"wp:term":[{"taxonomy":"product_brand","embeddable":true,"href":"https:\/\/www.biokari.sk\/en\/wp-json\/wp\/v2\/product_brand?post=11622"},{"taxonomy":"product_cat","embeddable":true,"href":"https:\/\/www.biokari.sk\/en\/wp-json\/wp\/v2\/product_cat?post=11622"},{"taxonomy":"product_tag","embeddable":true,"href":"https:\/\/www.biokari.sk\/en\/wp-json\/wp\/v2\/product_tag?post=11622"}],"curies":[{"name":"wp","href":"https:\/\/api.w.org\/{rel}","templated":true}]}}