{"id":11636,"date":"2026-04-21T22:30:44","date_gmt":"2026-04-21T20:30:44","guid":{"rendered":"https:\/\/www.biokari.sk\/produkt\/wtn-i3k-kpasuly-60ks\/"},"modified":"2026-04-21T22:41:42","modified_gmt":"2026-04-21T20:41:42","slug":"wtn-i3k-kpasuly-60ks","status":"publish","type":"product","link":"https:\/\/www.biokari.sk\/en\/product\/wtn-i3k-kpasuly-60ks\/","title":{"rendered":"WTN I3K kpasuly 60ks"},"content":{"rendered":"<p data-start=\"235\" data-end=\"484\">WTN I3K je <strong data-start=\"246\" data-end=\"266\">v\u00fd\u017eivov\u00fd doplnok<\/strong> obsahuj\u00faci kombin\u00e1ciu rastlinn\u00fdch extraktov, najm\u00e4 z kr\u00ed\u017eovej zeleniny, ako s\u00fa <strong data-start=\"346\" data-end=\"369\">brokolica a kapusta<\/strong>. Produkt obsahuje prirodzene sa vyskytuj\u00face rastlinn\u00e9 zl\u00fa\u010deniny vr\u00e1tane indolov\u00fdch l\u00e1tok (napr. indol-3-karbinol).<\/p>\n<p data-start=\"486\" data-end=\"664\"><strong data-start=\"486\" data-end=\"514\">Charakteristika produktu<\/strong><br data-start=\"514\" data-end=\"517\" \/>Z\u00e1kladom produktu s\u00fa <strong data-start=\"538\" data-end=\"586\">koncentrovan\u00e9 extrakty z kapusty a brokolice<\/strong>, ktor\u00e9 s\u00fa prirodzen\u00fdm zdrojom rastlinn\u00fdch zl\u00fa\u010den\u00edn be\u017ene pr\u00edtomn\u00fdch v strave.<\/p>\n<p data-start=\"666\" data-end=\"818\">Zlo\u017eenie je doplnen\u00e9 o \u010fal\u0161ie rastlinn\u00e9 extrakty ako:<br data-start=\"719\" data-end=\"722\" \/>- <strong data-start=\"724\" data-end=\"742\">\u013eanov\u00e9 lignany<\/strong><br data-start=\"742\" data-end=\"745\" \/>- <strong data-start=\"747\" data-end=\"779\">extrakt zo zelerov\u00fdch listov<\/strong><br data-start=\"779\" data-end=\"782\" \/>- <strong data-start=\"784\" data-end=\"798\">zelen\u00fd \u010daj<\/strong><br data-start=\"798\" data-end=\"801\" \/>- <strong data-start=\"803\" data-end=\"816\">kvercet\u00edn<\/strong><\/p>\n<p data-start=\"820\" data-end=\"876\">Tieto zlo\u017eky s\u00fa s\u00fa\u010das\u0165ou vyv\u00e1\u017eenej rastlinnej recept\u00fary.<\/p>\n<p data-start=\"878\" data-end=\"1195\"><strong data-start=\"878\" data-end=\"903\">Zlo\u017eenie (1 kapsula):<\/strong><br data-start=\"903\" data-end=\"906\" \/>Kapustov\u00fd extrakt (Brassica oleracea) 200 mg<br data-start=\"950\" data-end=\"953\" \/>Ry\u017eov\u00fd extrakt (Oryza sativa) 100 mg<br data-start=\"989\" data-end=\"992\" \/>Extrakt zo zelerov\u00fdch listov (Apium graveolens) 100 mg<br data-start=\"1046\" data-end=\"1049\" \/>Brokolicov\u00fd extrakt (Brassica oleracea var. italica) 100 mg<br data-start=\"1108\" data-end=\"1111\" \/>\u013danov\u00e9 lignany (SDG 40 %) 50 mg<br data-start=\"1142\" data-end=\"1145\" \/>Kvercet\u00edn 25 mg<br data-start=\"1160\" data-end=\"1163\" \/>Extrakt zo zelen\u00e9ho \u010daju 25 mg<\/p>\n<p data-start=\"1197\" data-end=\"1354\">Zlo\u017eenie: kapustov\u00fd extrakt, \u017eelat\u00edna (kapsula), ry\u017eov\u00fd extrakt, zelerov\u00fd extrakt, brokolicov\u00fd extrakt, \u013eanov\u00fd extrakt, kvercet\u00edn, extrakt zo zelen\u00e9ho \u010daju<\/p>\n<p data-start=\"1356\" data-end=\"1529\"><strong data-start=\"1356\" data-end=\"1379\">Vlastnosti produktu<\/strong><br data-start=\"1379\" data-end=\"1382\" \/>Obsahuje rastlinn\u00e9 extrakty z kr\u00ed\u017eovej zeleniny.<br data-start=\"1430\" data-end=\"1433\" \/>Doplnen\u00fd o pr\u00edrodn\u00e9 polyfenoly a flavonoidy.<br data-start=\"1477\" data-end=\"1480\" \/>Bez umel\u00fdch farb\u00edv, konzervantov a GMO zlo\u017eiek.<\/p>\n<p data-start=\"1531\" data-end=\"1722\"><strong data-start=\"1531\" data-end=\"1546\">Notice<\/strong><br data-start=\"1546\" data-end=\"1549\" \/>Produkt obsahuje koncentrovan\u00e9 rastlinn\u00e9 zl\u00fa\u010deniny prirodzene sa vyskytuj\u00face v kr\u00ed\u017eovej zelenine.<br data-start=\"1646\" data-end=\"1649\" \/>V pr\u00edpade hormon\u00e1lnej citlivosti sa pred u\u017e\u00edvan\u00edm pora\u010fte s odborn\u00edkom.<\/p>\n<p data-start=\"1724\" data-end=\"1871\">V\u00fd\u017eivov\u00fd doplnok nenahr\u00e1dza pestr\u00fa a vyv\u00e1\u017een\u00fa stravu a zdrav\u00fd \u017eivotn\u00fd \u0161t\u00fdl.<br data-start=\"1799\" data-end=\"1802\" \/>Do not exceed the recommended daily dose.<br data-start=\"1839\" data-end=\"1842\" \/>Uchov\u00e1vajte mimo dosahu det\u00ed.<\/p>\n<p data-start=\"1873\" data-end=\"1939\"><strong data-start=\"1873\" data-end=\"1888\">Storage<\/strong><br data-start=\"1888\" data-end=\"1891\" \/>Uchov\u00e1vajte na suchom, chladnom a tmavom mieste.<\/p>","protected":false},"excerpt":{"rendered":"<p>WTN I3K je v\u00fd\u017eivov\u00fd doplnok obsahuj\u00faci kombin\u00e1ciu rastlinn\u00fdch extraktov, najm\u00e4 z kr\u00ed\u017eovej zeleniny, ako s\u00fa brokolica a kapusta&#8230; <a href=\"#tab-description\" class=\"more-link\">Read more<\/a><\/p>","protected":false},"featured_media":11638,"comment_status":"open","ping_status":"closed","template":"","meta":{"inline_featured_image":false},"product_brand":[289],"product_cat":[391,69],"product_tag":[],"class_list":{"0":"post-11636","1":"product","2":"type-product","3":"status-publish","4":"has-post-thumbnail","6":"product_brand-wtn","7":"product_cat-pre-zeny","8":"product_cat-vyzivove-doplnky","10":"first","11":"instock","12":"taxable","13":"shipping-taxable","14":"purchasable","15":"product-type-simple"},"aioseo_notices":[],"_links":{"self":[{"href":"https:\/\/www.biokari.sk\/en\/wp-json\/wp\/v2\/product\/11636","targetHints":{"allow":["GET"]}}],"collection":[{"href":"https:\/\/www.biokari.sk\/en\/wp-json\/wp\/v2\/product"}],"about":[{"href":"https:\/\/www.biokari.sk\/en\/wp-json\/wp\/v2\/types\/product"}],"replies":[{"embeddable":true,"href":"https:\/\/www.biokari.sk\/en\/wp-json\/wp\/v2\/comments?post=11636"}],"wp:featuredmedia":[{"embeddable":true,"href":"https:\/\/www.biokari.sk\/en\/wp-json\/wp\/v2\/media\/11638"}],"wp:attachment":[{"href":"https:\/\/www.biokari.sk\/en\/wp-json\/wp\/v2\/media?parent=11636"}],"wp:term":[{"taxonomy":"product_brand","embeddable":true,"href":"https:\/\/www.biokari.sk\/en\/wp-json\/wp\/v2\/product_brand?post=11636"},{"taxonomy":"product_cat","embeddable":true,"href":"https:\/\/www.biokari.sk\/en\/wp-json\/wp\/v2\/product_cat?post=11636"},{"taxonomy":"product_tag","embeddable":true,"href":"https:\/\/www.biokari.sk\/en\/wp-json\/wp\/v2\/product_tag?post=11636"}],"curies":[{"name":"wp","href":"https:\/\/api.w.org\/{rel}","templated":true}]}}