{"id":11652,"date":"2026-04-23T22:48:51","date_gmt":"2026-04-23T20:48:51","guid":{"rendered":"https:\/\/www.biokari.sk\/produkt\/wtn-kapsuly-na-menopauzy-60ks\/"},"modified":"2026-04-23T22:57:25","modified_gmt":"2026-04-23T20:57:25","slug":"wtn-kapsuly-na-menopauzy-60ks","status":"publish","type":"product","link":"https:\/\/www.biokari.sk\/en\/product\/wtn-kapsuly-na-menopauzy-60ks\/","title":{"rendered":"WTN Kapsuly na menopauzy 60ks"},"content":{"rendered":"<p>WTN Menopauza Spektrum je&nbsp;<strong>v\u00fd\u017eivov\u00fd doplnok<\/strong>&nbsp;obsahuj\u00faci kombin\u00e1ciu rastlinn\u00fdch extraktov a hor\u010d\u00edka, ur\u010den\u00fd pre \u017eeny v obdob\u00ed menopauzy. Zlo\u017eenie vych\u00e1dza z tradi\u010dne pou\u017e\u00edvan\u00fdch rastlinn\u00fdch l\u00e1tok a modern\u00e9ho pr\u00edstupu k doplneniu v\u00fd\u017eivy.<\/p>\n\n\n\n<p><strong>Charakteristika produktu<\/strong><br>Produkt obsahuje rastlinn\u00e9 extrakty ako:<br>\u2714&nbsp;<strong>Angelica gigas (k\u00f3rejsk\u00fd angelikov\u00fd kore\u0148)<\/strong><br>\u2714&nbsp;<strong>Rheum rhaponticum (sib\u00edrska rebarbora)<\/strong><br>\u2714&nbsp;<strong>Phlomis fruticosa (jeruzalemsk\u00e1 \u0161alvia)<\/strong><\/p>\n\n\n\n<p>Tieto rastliny sa tradi\u010dne pou\u017e\u00edvaj\u00fa v r\u00f4znych kult\u00farach ako s\u00fa\u010das\u0165 v\u00fd\u017eivy \u017eien v r\u00f4znych \u017eivotn\u00fdch obdobiach.<\/p>\n\n\n\n<p>Zlo\u017eenie je doplnen\u00e9 o&nbsp;<strong>hor\u010d\u00edk vo forme bisglycin\u00e1tu<\/strong>.<\/p>\n\n\n\n<p><strong>Schv\u00e1len\u00e9 \u00fa\u010dinky (E\u00da)<\/strong><br>Hor\u010d\u00edk prispieva k:<br>\u2714 spr\u00e1vnej \u010dinnosti nervov\u00e9ho syst\u00e9mu<br>\u2714 spr\u00e1vnej psychickej \u010dinnosti<br>\u2714 zn\u00ed\u017eeniu \u00fanavy a vy\u010derpania<br>\u2714 udr\u017eaniu norm\u00e1lneho stavu kost\u00ed<\/p>\n\n\n\n<p><strong>Zlo\u017eenie (1 kapsula):<\/strong><br>Hor\u010d\u00edk (bisglycin\u00e1t) 36 mg (10 % RVH)<br>Rastlinn\u00e9 extrakty (Angelica gigas, Phlomis fruticosa, Rheum rhaponticum) 339 mg<\/p>\n\n\n\n<p><strong>Composition:<\/strong>&nbsp;hor\u010d\u00edk-bisglycin\u00e1t, extrakt z angeliky k\u00f3rejskej, extrakt z jeruzalemskej \u0161alvie, extrakt zo sib\u00edrskej rebarbory, \u017eelat\u00edna (kapsula)<\/p>\n\n\n\n<p><em>RVH \u2013 referen\u010dn\u00e1 v\u00fd\u017eivov\u00e1 hodnota pre dospel\u00fdch.<\/em><\/p>\n\n\n\n<p><strong>Odpor\u00fa\u010dan\u00e9 d\u00e1vkovanie<\/strong><br>U\u017e\u00edvajte&nbsp;<strong>1\u20132 kapsuly denne<\/strong>, ide\u00e1lne medzi jedlami.<br>Pri citlivom tr\u00e1ven\u00ed u\u017e\u00edvajte po\u010das jedla.<br>Odpor\u00fa\u010da sa u\u017e\u00edva\u0165 po n\u00e1stupe menopauzy.<\/p>\n\n\n\n<p><strong>Notice<\/strong><br>V pr\u00edpade u\u017e\u00edvania liekov na riedenie krvi sa pred pou\u017eit\u00edm pora\u010fte s lek\u00e1rom.<br>Nie je vhodn\u00e9 pre deti a mu\u017eov.<br>Nevhodn\u00e9 po\u010das tehotenstva a doj\u010denia.<br>Produkt m\u00f4\u017ee pri zv\u00fd\u0161enej citlivosti na slnko zvy\u0161ova\u0165 fotosenzitivitu.<\/p>\n\n\n\n<p>V\u00fd\u017eivov\u00fd doplnok nenahr\u00e1dza pestr\u00fa a vyv\u00e1\u017een\u00fa stravu a zdrav\u00fd \u017eivotn\u00fd \u0161t\u00fdl.<br>Do not exceed the recommended daily dose.<br>Uchov\u00e1vajte mimo dosahu det\u00ed.<br>Ak ste alergick\u00fd na niektor\u00fa zo zlo\u017eiek, v\u00fdrobok nepou\u017e\u00edvajte.<\/p>\n\n\n\n<p>Odpor\u00fa\u010da sa u\u017e\u00edva\u0165 s \u010dasov\u00fdm odstupom od k\u00e1vy a mlie\u010dnych v\u00fdrobkov.<br>Pri s\u00fabe\u017enom u\u017e\u00edvan\u00ed viacer\u00fdch doplnkov sa pora\u010fte s odborn\u00edkom.<\/p>\n\n\n\n<p><strong>Storage<\/strong><br>Uchov\u00e1vajte na suchom, chladnom a tmavom mieste.<\/p>\n\n\n\n<p><strong>Packaging:<\/strong>&nbsp;60 kaps\u00fal<\/p>","protected":false},"excerpt":{"rendered":"<p>WTN Menopauza Spektrum je\u00a0v\u00fd\u017eivov\u00fd doplnok\u00a0obsahuj\u00faci kombin\u00e1ciu rastlinn\u00fdch extraktov a hor\u010d\u00edka, ur\u010den\u00fd pre \u017eeny v obdob\u00ed menopauzy&#8230;. <a href=\"#tab-description\" class=\"more-link\">Read more<\/a><\/p>","protected":false},"featured_media":11654,"comment_status":"open","ping_status":"closed","template":"","meta":{"inline_featured_image":false},"product_brand":[289],"product_cat":[391,69],"product_tag":[],"class_list":{"0":"post-11652","1":"product","2":"type-product","3":"status-publish","4":"has-post-thumbnail","6":"product_brand-wtn","7":"product_cat-pre-zeny","8":"product_cat-vyzivove-doplnky","10":"first","11":"onbackorder","12":"taxable","13":"shipping-taxable","14":"purchasable","15":"product-type-simple"},"aioseo_notices":[],"_links":{"self":[{"href":"https:\/\/www.biokari.sk\/en\/wp-json\/wp\/v2\/product\/11652","targetHints":{"allow":["GET"]}}],"collection":[{"href":"https:\/\/www.biokari.sk\/en\/wp-json\/wp\/v2\/product"}],"about":[{"href":"https:\/\/www.biokari.sk\/en\/wp-json\/wp\/v2\/types\/product"}],"replies":[{"embeddable":true,"href":"https:\/\/www.biokari.sk\/en\/wp-json\/wp\/v2\/comments?post=11652"}],"wp:featuredmedia":[{"embeddable":true,"href":"https:\/\/www.biokari.sk\/en\/wp-json\/wp\/v2\/media\/11654"}],"wp:attachment":[{"href":"https:\/\/www.biokari.sk\/en\/wp-json\/wp\/v2\/media?parent=11652"}],"wp:term":[{"taxonomy":"product_brand","embeddable":true,"href":"https:\/\/www.biokari.sk\/en\/wp-json\/wp\/v2\/product_brand?post=11652"},{"taxonomy":"product_cat","embeddable":true,"href":"https:\/\/www.biokari.sk\/en\/wp-json\/wp\/v2\/product_cat?post=11652"},{"taxonomy":"product_tag","embeddable":true,"href":"https:\/\/www.biokari.sk\/en\/wp-json\/wp\/v2\/product_tag?post=11652"}],"curies":[{"name":"wp","href":"https:\/\/api.w.org\/{rel}","templated":true}]}}