{"id":11666,"date":"2026-04-24T22:27:16","date_gmt":"2026-04-24T20:27:16","guid":{"rendered":"https:\/\/www.biokari.sk\/produkt\/wtn-nano-q10-soplnok-stravy-50ml\/"},"modified":"2026-04-27T19:02:08","modified_gmt":"2026-04-27T17:02:08","slug":"wtn-nano-q10-soplnok-stravy-50ml","status":"publish","type":"product","link":"https:\/\/www.biokari.sk\/en\/product\/wtn-nano-q10-soplnok-stravy-50ml\/","title":{"rendered":"WTN Nano Q10 doplnok stravy 50ml"},"content":{"rendered":"<p>WTN Nano Q10+ je modern\u00fd&nbsp;<strong>v\u00fd\u017eivov\u00fd doplnok<\/strong>&nbsp;obsahuj\u00faci&nbsp;<strong>koenz\u00fdm Q10 (ubichin\u00f3n)<\/strong>&nbsp;v tekutej forme. Produkt bol vyvinut\u00fd pre jednoduch\u00e9 d\u00e1vkovanie a praktick\u00e9 ka\u017edodenn\u00e9 u\u017e\u00edvanie.<\/p>\n\n\n\n<p><strong>Hlavn\u00e9 vlastnosti produktu<\/strong><br>Koenz\u00fdm Q10 je prirodzene sa vyskytuj\u00faca l\u00e1tka pr\u00edtomn\u00e1 v \u013eudskom organizme, kde sa podie\u013ea na procesoch tvorby bunkovej energie. S prib\u00fadaj\u00facim vekom m\u00f4\u017ee jeho prirodzen\u00e1 tvorba klesa\u0165.<\/p>\n\n\n\n<p>WTN Nano Q10+ obsahuje Q10 v jemnej tekutej formul\u00e1cii s rastlinn\u00fdmi zlo\u017ekami a pr\u00edrodn\u00fdmi citrusov\u00fdmi olejmi.<\/p>\n\n\n\n<p><strong>Pre\u010do si vybra\u0165 WTN Nano Q10+?<\/strong><br>\u2714 obsahuje 100 mg koenz\u00fdmu Q10 v dennej d\u00e1vke<br>\u2714 praktick\u00e1 tekut\u00e1 forma s pumpi\u010dkou<br>\u2714 jednoduch\u00e9 d\u00e1vkovanie<br>\u2714 bez zbyto\u010dn\u00fdch adit\u00edv<br>\u2714 veg\u00e1nsky produkt<\/p>\n\n\n\n<p><strong>Zlo\u017eenie (1 d\u00e1vka \u2013 4 stla\u010denia pumpy):<\/strong><br>Koenz\u00fdm Q10 (ubichin\u00f3n) \u2013&nbsp;<strong>100 mg<\/strong><\/p>\n\n\n\n<p><strong>Composition:<\/strong>&nbsp;\u010disten\u00e1 voda, organick\u00fd glycer\u00edn, bio pomaran\u010dov\u00fd olej, bio citr\u00f3nov\u00fd olej, koenz\u00fdm Q10 (ubichin\u00f3n), glyceryl citrate, glyceryl lactate, glyceryl linoleate, glyceryl oleate, lecit\u00edn, polyglyceryl-10 caprylate\/caprate.<\/p>\n\n\n\n<p><strong>Odpor\u00fa\u010dan\u00e9 d\u00e1vkovanie<\/strong><br>U\u017e\u00edvajte&nbsp;<strong>4 stla\u010denia pumpy denne po\u010das jedla<\/strong>.<\/p>\n\n\n\n<p><strong>Notice<\/strong><br>Ak u\u017e\u00edvate lieky s obsahom warfar\u00ednu alebo in\u00e9 lieky na riedenie krvi, pred pou\u017eit\u00edm sa pora\u010fte s lek\u00e1rom.<br>Pri alergii na citrusov\u00e9 zlo\u017eky alebo precitlivenosti na niektor\u00fa zo zlo\u017eiek v\u00fdrobok nepou\u017e\u00edvajte.<br>V\u00fd\u017eivov\u00fd doplnok nenahr\u00e1dza pestr\u00fa a vyv\u00e1\u017een\u00fa stravu a zdrav\u00fd \u017eivotn\u00fd \u0161t\u00fdl.<br>Do not exceed the recommended daily dose.<br>Uchov\u00e1vajte mimo dosahu det\u00ed.<\/p>\n\n\n\n<p><strong>Storage<\/strong><br>Skladujte na suchom, chladnom a tmavom mieste.<\/p>","protected":false},"excerpt":{"rendered":"<p>WTN Nano Q10+ je modern\u00fd v\u00fd\u017eivov\u00fd doplnok obsahuj\u00faci koenz\u00fdm Q10 (ubichin\u00f3n) v tekutej forme. Produkt bol vyvinut\u00fd pre jednoduch\u00e9 d\u00e1vkovanie a praktick\u00e9 ka\u017edodenn\u00e9 u\u017e\u00edvanie&#8230; <a href=\"#tab-description\" class=\"more-link\">Read more<\/a><\/p>","protected":false},"featured_media":11668,"comment_status":"open","ping_status":"closed","template":"","meta":{"inline_featured_image":false},"product_brand":[289],"product_cat":[69,142],"product_tag":[],"class_list":{"0":"post-11666","1":"product","2":"type-product","3":"status-publish","4":"has-post-thumbnail","6":"product_brand-wtn","7":"product_cat-vyzivove-doplnky","8":"product_cat-srdcovo-cievny-system","10":"first","11":"instock","12":"taxable","13":"shipping-taxable","14":"purchasable","15":"product-type-simple"},"aioseo_notices":[],"_links":{"self":[{"href":"https:\/\/www.biokari.sk\/en\/wp-json\/wp\/v2\/product\/11666","targetHints":{"allow":["GET"]}}],"collection":[{"href":"https:\/\/www.biokari.sk\/en\/wp-json\/wp\/v2\/product"}],"about":[{"href":"https:\/\/www.biokari.sk\/en\/wp-json\/wp\/v2\/types\/product"}],"replies":[{"embeddable":true,"href":"https:\/\/www.biokari.sk\/en\/wp-json\/wp\/v2\/comments?post=11666"}],"wp:featuredmedia":[{"embeddable":true,"href":"https:\/\/www.biokari.sk\/en\/wp-json\/wp\/v2\/media\/11668"}],"wp:attachment":[{"href":"https:\/\/www.biokari.sk\/en\/wp-json\/wp\/v2\/media?parent=11666"}],"wp:term":[{"taxonomy":"product_brand","embeddable":true,"href":"https:\/\/www.biokari.sk\/en\/wp-json\/wp\/v2\/product_brand?post=11666"},{"taxonomy":"product_cat","embeddable":true,"href":"https:\/\/www.biokari.sk\/en\/wp-json\/wp\/v2\/product_cat?post=11666"},{"taxonomy":"product_tag","embeddable":true,"href":"https:\/\/www.biokari.sk\/en\/wp-json\/wp\/v2\/product_tag?post=11666"}],"curies":[{"name":"wp","href":"https:\/\/api.w.org\/{rel}","templated":true}]}}