{"id":11673,"date":"2026-04-25T22:04:50","date_gmt":"2026-04-25T20:04:50","guid":{"rendered":"https:\/\/www.biokari.sk\/produkt\/wtn-myo-inozitol-komplex-kapsuly-60ks\/"},"modified":"2026-04-27T19:02:07","modified_gmt":"2026-04-27T17:02:07","slug":"wtn-myo-inozitol-komplex-kapsuly-60ks","status":"publish","type":"product","link":"https:\/\/www.biokari.sk\/en\/product\/wtn-myo-inozitol-komplex-kapsuly-60ks\/","title":{"rendered":"WTN Myo-inozitol komplex kapsuly 60ks"},"content":{"rendered":"<p data-start=\"59\" data-end=\"293\">WTN Myo-inozitol komplex je starostlivo zostaven\u00fd <strong data-start=\"109\" data-end=\"129\">v\u00fd\u017eivov\u00fd doplnok<\/strong> obsahuj\u00faci myo-inozitol, N-acetylcyste\u00edn, kyselinu alfa-lipoov\u00fa, extrakt zo \u0161korice a chr\u00f3m. Praktick\u00e1 kapsulov\u00e1 forma je vhodn\u00e1 na jednoduch\u00e9 ka\u017edodenn\u00e9 u\u017e\u00edvanie.<\/p>\n<p data-start=\"295\" data-end=\"414\"><strong data-start=\"295\" data-end=\"358\">Chr\u00f3m prispieva k udr\u017eaniu norm\u00e1lnej hladiny gluk\u00f3zy v krvi<\/strong> a z\u00e1rove\u0148 prispieva k spr\u00e1vnemu metabolizmu makro\u017eiv\u00edn.<\/p>\n<p data-start=\"416\" data-end=\"611\">Myo-inozitol je prirodzene sa vyskytuj\u00faca l\u00e1tka, ktor\u00e1 je zn\u00e1ma v oblasti v\u00fd\u017eivy a metabolick\u00fdch procesov. Formula je doplnen\u00e1 o \u010fal\u0161ie starostlivo vybran\u00e9 zlo\u017eky pre komplexn\u00e9 zlo\u017eenie produktu.<\/p>\n<p data-start=\"613\" data-end=\"834\"><strong data-start=\"613\" data-end=\"643\">Active ingredients in 1 capsule:<\/strong><br data-start=\"643\" data-end=\"646\" \/><strong data-start=\"646\" data-end=\"662\">Myo-inozitol<\/strong> \u2013 550 mg<br data-start=\"671\" data-end=\"674\" \/><strong data-start=\"674\" data-end=\"699\">N-acetylcyste\u00edn (NAC)<\/strong> \u2013 100 mg<br data-start=\"708\" data-end=\"711\" \/><strong data-start=\"711\" data-end=\"736\">Kyselina alfa-lipoov\u00e1<\/strong> \u2013 50 mg<br data-start=\"744\" data-end=\"747\" \/><strong data-start=\"747\" data-end=\"789\">Extrakt zo \u0161korice (Cinnamomum cassia)<\/strong> \u2013 50 mg<br data-start=\"797\" data-end=\"800\" \/><strong data-start=\"800\" data-end=\"809\">Chromium<\/strong> \u2013 100 \u03bcg (<strong data-start=\"820\" data-end=\"833\">250 % NRV<\/strong>)<\/p>\n<p data-start=\"836\" data-end=\"988\"><strong data-start=\"836\" data-end=\"849\">Composition:<\/strong> myo-inozitol, \u017eelat\u00edna (kapsula), N-acetylcyste\u00edn, kyselina alfa-lipoov\u00e1, chr\u00f3mov\u00e9 kvasnice, extrakt zo \u0161korice, ry\u017eov\u00fd extrakt, L-leuc\u00edn.<\/p>\n<p data-start=\"990\" data-end=\"1097\"><strong data-start=\"990\" data-end=\"1016\">Recommended dosage:<\/strong> U\u017e\u00edvajte <strong data-start=\"1026\" data-end=\"1057\">1 kapsulu denne po\u010das jedla<\/strong>, zapite dostato\u010dn\u00fdm mno\u017estvom tekutiny.<\/p>\n<p data-start=\"1099\" data-end=\"1494\"><strong data-start=\"1099\" data-end=\"1115\">Warning:<\/strong> V\u00fd\u017eivov\u00fd doplnok sa nesmie pou\u017e\u00edva\u0165 ako n\u00e1hrada pestrej a vyv\u00e1\u017eenej stravy a zdrav\u00e9ho \u017eivotn\u00e9ho \u0161t\u00fdlu. Neprekra\u010dujte odpor\u00fa\u010dan\u00fa denn\u00fa d\u00e1vku. Nevhodn\u00e9 pre deti. Tehotn\u00e9 a doj\u010diace \u017eeny by mali u\u017e\u00edvanie konzultova\u0165 s lek\u00e1rom. V pr\u00edpade zdravotn\u00fdch \u0165a\u017ekost\u00ed alebo u\u017e\u00edvania liekov sa odpor\u00fa\u010da konzult\u00e1cia s odborn\u00edkom. Ak ste precitliven\u00fd na niektor\u00fa zo zlo\u017eiek, v\u00fdrobok neu\u017e\u00edvajte.<\/p>\n<p data-start=\"1496\" data-end=\"1560\"><strong data-start=\"1496\" data-end=\"1512\">Storage:<\/strong> Uchov\u00e1vajte v suchu, chlade a mimo dosahu det\u00ed.<\/p>\n<p data-start=\"1562\" data-end=\"1584\" data-is-last-node=\"\" data-is-only-node=\"\"><strong data-start=\"1562\" data-end=\"1574\">Packaging:<\/strong> 60 kaps\u00fal<\/p>\n\n\n<p><\/p>","protected":false},"excerpt":{"rendered":"<p>WTN Myo-inozitol komplex je starostlivo zostaven\u00fd v\u00fd\u017eivov\u00fd doplnok obsahuj\u00faci myo-inozitol, N-acetylcyste\u00edn, kyselinu alfa-lipoov\u00fa &#8230; <a href=\"#tab-description\" class=\"more-link\">Read more<\/a><\/p>","protected":false},"featured_media":11676,"comment_status":"open","ping_status":"closed","template":"","meta":{"inline_featured_image":false},"product_brand":[289],"product_cat":[391,69,147],"product_tag":[],"class_list":{"0":"post-11673","1":"product","2":"type-product","3":"status-publish","4":"has-post-thumbnail","6":"product_brand-wtn","7":"product_cat-pre-zeny","8":"product_cat-vyzivove-doplnky","9":"product_cat-pre-diabetikov","11":"first","12":"instock","13":"taxable","14":"shipping-taxable","15":"purchasable","16":"product-type-simple"},"aioseo_notices":[],"_links":{"self":[{"href":"https:\/\/www.biokari.sk\/en\/wp-json\/wp\/v2\/product\/11673","targetHints":{"allow":["GET"]}}],"collection":[{"href":"https:\/\/www.biokari.sk\/en\/wp-json\/wp\/v2\/product"}],"about":[{"href":"https:\/\/www.biokari.sk\/en\/wp-json\/wp\/v2\/types\/product"}],"replies":[{"embeddable":true,"href":"https:\/\/www.biokari.sk\/en\/wp-json\/wp\/v2\/comments?post=11673"}],"wp:featuredmedia":[{"embeddable":true,"href":"https:\/\/www.biokari.sk\/en\/wp-json\/wp\/v2\/media\/11676"}],"wp:attachment":[{"href":"https:\/\/www.biokari.sk\/en\/wp-json\/wp\/v2\/media?parent=11673"}],"wp:term":[{"taxonomy":"product_brand","embeddable":true,"href":"https:\/\/www.biokari.sk\/en\/wp-json\/wp\/v2\/product_brand?post=11673"},{"taxonomy":"product_cat","embeddable":true,"href":"https:\/\/www.biokari.sk\/en\/wp-json\/wp\/v2\/product_cat?post=11673"},{"taxonomy":"product_tag","embeddable":true,"href":"https:\/\/www.biokari.sk\/en\/wp-json\/wp\/v2\/product_tag?post=11673"}],"curies":[{"name":"wp","href":"https:\/\/api.w.org\/{rel}","templated":true}]}}