{"id":11680,"date":"2026-04-25T22:23:52","date_gmt":"2026-04-25T20:23:52","guid":{"rendered":"https:\/\/www.biokari.sk\/produkt\/wtn-multivitamin-30davok\/"},"modified":"2026-04-25T22:28:09","modified_gmt":"2026-04-25T20:28:09","slug":"wtn-multivitamin-30davok","status":"publish","type":"product","link":"https:\/\/www.biokari.sk\/en\/product\/wtn-multivitamin-30davok\/","title":{"rendered":"WTN Multivitam\u00edn 30d\u00e1vok"},"content":{"rendered":"<p>Komplexn\u00fd v\u00fd\u017eivov\u00fd doplnok navrhnut\u00fd pre ka\u017edodenn\u00e9 doplnenie vitam\u00ednov, miner\u00e1lnych l\u00e1tok a stopov\u00fdch prvkov v praktickej kapsulovej forme. Produkt je ur\u010den\u00fd pre t\u00fdch, ktor\u00ed h\u013eadaj\u00fa jednoduch\u00e9 a pohodln\u00e9 rie\u0161enie denn\u00e9ho pr\u00edjmu mikronutrientov.<\/p>\n\n\n\n<p><strong>D\u00f4le\u017eit\u00e1 inform\u00e1cia:<\/strong>&nbsp;WTN Multivitam\u00edn Komfort je&nbsp;<strong>bez hor\u010d\u00edka<\/strong>&nbsp;ako samostatnej akt\u00edvnej zlo\u017eky vo vy\u0161\u0161ej d\u00e1vke. Hor\u010d\u00edk mo\u017eno pod\u013ea individu\u00e1lnej potreby doplni\u0165 samostatne.<\/p>\n\n\n\n<p>Pri v\u00fdvoji produktu bolo cie\u013eom zachova\u0165 rovnov\u00e1hu medzi obsahom akt\u00edvnych l\u00e1tok a pohodln\u00fdm d\u00e1vkovan\u00edm. Denn\u00e1 d\u00e1vka pozost\u00e1va len z 3 kaps\u00fal.<\/p>\n\n\n\n<p><strong>Hlavn\u00e9 vlastnosti produktu<\/strong><\/p>\n\n\n\n<p>Obsahuje akt\u00edvne formy vitam\u00ednov skupiny B, vitam\u00edn C, vitam\u00edn D3, vitam\u00edn K2, pr\u00edrodn\u00e9 tokoferoly vitam\u00ednu E, zinok, sel\u00e9n, chr\u00f3m, me\u010f, j\u00f3d, molybd\u00e9n, b\u00f3r a chol\u00edn. Zlo\u017eenie bolo navrhnut\u00e9 s d\u00f4razom na preh\u013eadnos\u0165 a presne deklarovan\u00e9 mno\u017estv\u00e1 jednotliv\u00fdch zlo\u017eiek.<\/p>\n\n\n\n<p>Neobsahuje \u017eelezo, v\u00e1pnik ani mang\u00e1n, aby bolo mo\u017en\u00e9 ich dop\u013a\u0148a\u0165 individu\u00e1lne pod\u013ea potreby.<\/p>\n\n\n\n<p>Kapsuly neobsahuj\u00fa oxid kremi\u010dit\u00fd, stearan hore\u010dnat\u00fd ani zbyto\u010dn\u00e9 technologick\u00e9 pr\u00edsady.<\/p>\n\n\n\n<p><strong>Kedy si vybra\u0165 WTN Multivitam\u00edn Komfort<\/strong><\/p>\n\n\n\n<p>Ak h\u013ead\u00e1te praktick\u00fd multivitam\u00edn s v\u00fdborn\u00fdm pomerom ceny a hodnoty.<br>Ak preferujete jednoduch\u00e9 d\u00e1vkovanie \u2013 3 kapsuly denne.<br>Ak chcete akt\u00edvne formy vitam\u00ednov a kvalitn\u00e9 miner\u00e1lne zl\u00fa\u010deniny.<\/p>\n\n\n\n<p><strong>Akt\u00edvne l\u00e1tky v dennej d\u00e1vke (3 kapsuly)<\/strong><\/p>\n\n\n\n<p><strong>Vitam\u00edny:<\/strong>&nbsp;vitam\u00edn A 377 \u00b5g RE, vitam\u00edn B1 8 mg, vitam\u00edn B2 6 mg, vitam\u00edn B3 18 mg, vitam\u00edn B5 80 mg, vitam\u00edn B6 12 mg, biot\u00edn 600 \u00b5g, fol\u00e1t (L-5-MTHF) 700 \u00b5g, vitam\u00edn B12 180 \u00b5g, vitam\u00edn C 380 mg, vitam\u00edn D3 4000 IU, vitam\u00edn E 14,3 mg alfa-TE, vitam\u00edn K2 100 \u00b5g.<\/p>\n\n\n\n<p><strong>Miner\u00e1ly a stopov\u00e9 prvky:<\/strong>&nbsp;zinok 15 mg, j\u00f3d 230 \u00b5g, chr\u00f3m 100 \u00b5g, molybd\u00e9n 100 \u00b5g, me\u010f 1,5 mg, sel\u00e9n 150 \u00b5g, b\u00f3r 2 mg.<\/p>\n\n\n\n<p><strong>\u010eal\u0161ie l\u00e1tky:<\/strong>&nbsp;chol\u00edn 303 mg, krem\u00edk 7,5 mg (z prasli\u010dky ro\u013enej).<\/p>\n\n\n\n<p><strong>Composition<\/strong><\/p>\n\n\n\n<p>Chol\u00edn bitartar\u00e1t, askorb\u00e1t hore\u010dnat\u00fd, inaktivovan\u00e9 chr\u00f3mov\u00e9 kvasnice, extrakt z prasli\u010dky ro\u013enej, zmie\u0161an\u00e9 tokoferoly, zinok glyc\u00edn\u00e1t, pantet\u00edn, D-pantoten\u00e1t v\u00e1penat\u00fd, all-trans menachin\u00f3n-7 (vitam\u00edn K2), cholekalciferol, pyridoxal-5-fosf\u00e1t, boritan sodn\u00fd, me\u010f bisglycin\u00e1t, selenometion\u00edn, niac\u00edn, jodid draseln\u00fd, tiam\u00edn pyrofosf\u00e1t chlorid, inozitol hexanikotin\u00e1t, riboflav\u00edn-5-fosf\u00e1t sodn\u00fd, retinyl palmit\u00e1t, molybd\u00e9nan sodn\u00fd, gluk\u00f3zam\u00ednov\u00e1 so\u013e fol\u00e1tu (L-5-MTHF), D-biot\u00edn, hydroxokobalam\u00edn, kapsula.<\/p>\n\n\n\n<p><strong>Odpor\u00fa\u010dan\u00e9 d\u00e1vkovanie<\/strong><\/p>\n\n\n\n<p>U\u017e\u00edvajte&nbsp;<strong>3 kapsuly denne<\/strong>. Ide\u00e1lne 30 min\u00fat pred jedlom. Pri citlivom tr\u00e1ven\u00ed u\u017e\u00edvajte po\u010das jedla.<\/p>\n\n\n\n<p><strong>Notice<\/strong><\/p>\n\n\n\n<p>V\u00fd\u017eivov\u00fd doplnok nenahr\u00e1dza pestr\u00fa a vyv\u00e1\u017een\u00fa stravu a zdrav\u00fd \u017eivotn\u00fd \u0161t\u00fdl. Neprekra\u010dujte odpor\u00fa\u010dan\u00fa denn\u00fa d\u00e1vku. Nie je ur\u010den\u00e9 pre deti. Uchov\u00e1vajte mimo dosahu det\u00ed. Ak ste alergick\u00fd na niektor\u00fa zo zlo\u017eiek, v\u00fdrobok neu\u017e\u00edvajte. Pri tehotenstve, doj\u010den\u00ed alebo pri u\u017e\u00edvan\u00ed liekov sa odpor\u00fa\u010da konzult\u00e1cia s lek\u00e1rom.<\/p>\n\n\n\n<p><strong>Storage<\/strong><\/p>\n\n\n\n<p>Uchov\u00e1vajte v suchu, chlade a tme.<\/p>\n\n\n\n<p><strong>Packaging:<\/strong>&nbsp;30 denn\u00fdch d\u00e1vok \/ 90 kaps\u00fal<\/p>","protected":false},"excerpt":{"rendered":"<p>Komplexn\u00fd v\u00fd\u017eivov\u00fd doplnok navrhnut\u00fd pre ka\u017edodenn\u00e9 doplnenie vitam\u00ednov, miner\u00e1lnych l\u00e1tok a stopov\u00fdch prvkov v praktickej kapsulovej forme. Produkt je ur\u010den\u00fd pre t\u00fdch, ktor\u00ed h\u013eadaj\u00fa jednoduch\u00e9 a pohodln\u00e9 rie\u0161enie denn\u00e9ho pr\u00edjmu mikronutrientov&#8230; <a href=\"#tab-description\" class=\"more-link\">Read more<\/a><\/p>","protected":false},"featured_media":11682,"comment_status":"open","ping_status":"closed","template":"","meta":{"inline_featured_image":false},"product_brand":[289],"product_cat":[380,69,140],"product_tag":[309,313],"class_list":{"0":"post-11680","1":"product","2":"type-product","3":"status-publish","4":"has-post-thumbnail","6":"product_brand-wtn","7":"product_cat-tabletky-posilnenie-imunity","8":"product_cat-vyzivove-doplnky","9":"product_cat-posilnenie-imunity","10":"product_tag-novinky","11":"product_tag-top-ostatne","13":"first","14":"onbackorder","15":"taxable","16":"shipping-taxable","17":"purchasable","18":"product-type-simple"},"aioseo_notices":[],"_links":{"self":[{"href":"https:\/\/www.biokari.sk\/en\/wp-json\/wp\/v2\/product\/11680","targetHints":{"allow":["GET"]}}],"collection":[{"href":"https:\/\/www.biokari.sk\/en\/wp-json\/wp\/v2\/product"}],"about":[{"href":"https:\/\/www.biokari.sk\/en\/wp-json\/wp\/v2\/types\/product"}],"replies":[{"embeddable":true,"href":"https:\/\/www.biokari.sk\/en\/wp-json\/wp\/v2\/comments?post=11680"}],"wp:featuredmedia":[{"embeddable":true,"href":"https:\/\/www.biokari.sk\/en\/wp-json\/wp\/v2\/media\/11682"}],"wp:attachment":[{"href":"https:\/\/www.biokari.sk\/en\/wp-json\/wp\/v2\/media?parent=11680"}],"wp:term":[{"taxonomy":"product_brand","embeddable":true,"href":"https:\/\/www.biokari.sk\/en\/wp-json\/wp\/v2\/product_brand?post=11680"},{"taxonomy":"product_cat","embeddable":true,"href":"https:\/\/www.biokari.sk\/en\/wp-json\/wp\/v2\/product_cat?post=11680"},{"taxonomy":"product_tag","embeddable":true,"href":"https:\/\/www.biokari.sk\/en\/wp-json\/wp\/v2\/product_tag?post=11680"}],"curies":[{"name":"wp","href":"https:\/\/api.w.org\/{rel}","templated":true}]}}