{"id":11686,"date":"2026-04-26T23:05:03","date_gmt":"2026-04-26T21:05:03","guid":{"rendered":"https:\/\/www.biokari.sk\/produkt\/yogi-stomach-ease-caj-17ks\/"},"modified":"2026-05-02T19:01:08","modified_gmt":"2026-05-02T17:01:08","slug":"yogi-stomach-ease-caj-17ks","status":"publish","type":"product","link":"https:\/\/www.biokari.sk\/en\/product\/yogi-stomach-ease-caj-17ks\/","title":{"rendered":"Yogi Stomach Ease \u010daj 17ks"},"content":{"rendered":"<p>Aromatick\u00e1 bylinn\u00e1 zmes in\u0161pirovan\u00e1 tradi\u010dn\u00fdmi indick\u00fdmi ajurv\u00e9dskymi masala recept\u00farami. Starostlivo vybran\u00e1 kombin\u00e1cia byl\u00edn a koren\u00edn prin\u00e1\u0161a harmonick\u00fa chu\u0165 a pr\u00edjemn\u00fd z\u00e1\u017eitok pri ka\u017edej \u0161\u00e1lke. Obsahuje fenikel, sladk\u00e9 drievko a m\u00e4tu pieporn\u00fa doplnen\u00e9 hrejiv\u00fdmi koreninami ako kardam\u00f3m, koriander, z\u00e1zvor a \u010dierne korenie.<\/p>\n\n\n\n<p><strong>Bio. Vegan. Bez konzerva\u010dn\u00fdch l\u00e1tok. Bez kofe\u00ednu.<\/strong><\/p>\n\n\n\n<p><strong>Composition:<\/strong>&nbsp;kardam\u00f3m* 17 %, fenikel* 17 %, koriander*, sladov\u00fd&nbsp;<strong>ja\u010dme\u0148<\/strong>*, sladk\u00e9 drievko*, m\u00e4ta pieporn\u00e1*, z\u00e1zvor* 6 %, \u0161korica*, \u010dierne korenie*, klin\u010deky*.<br>*Z ekologick\u00e9ho po\u013enohospod\u00e1rstva.<\/p>\n\n\n\n<p><strong>Allergens:<\/strong>&nbsp;obsahuje&nbsp;<strong>ja\u010dme\u0148<\/strong>.<\/p>\n\n\n\n<p><strong>Preparation:<\/strong>&nbsp;1 \u010dajov\u00e9 vrec\u00fa\u0161ko zalejte 150\u2013200 ml hor\u00facej vody (cca 80 \u00b0C) a nechajte l\u00fahova\u0165 2\u20133 min\u00faty.<\/p>\n\n\n\n<p><strong>Warning:<\/strong>&nbsp;obsahuje sladk\u00e9 drievko \u2013 osoby trpiace vysok\u00fdm krvn\u00fdm tlakom by sa mali vyh\u00fdba\u0165 nadmernej konzum\u00e1cii.<\/p>\n\n\n\n<p><strong>Storage:<\/strong>&nbsp;skladujte na suchom a tmavom mieste pri teplote do 25 \u00b0C.<\/p>\n\n\n\n<p><strong>Country of origin:<\/strong>&nbsp;mimo E\u00da.<\/p>","protected":false},"excerpt":{"rendered":"<p>Aromatick\u00e1 bylinn\u00e1 zmes in\u0161pirovan\u00e1 tradi\u010dn\u00fdmi indick\u00fdmi ajurv\u00e9dskymi masala recept\u00farami. Starostlivo vybran\u00e1 kombin\u00e1cia byl\u00edn a koren\u00edn&#8230; <a href=\"#tab-description\" class=\"more-link\">Read more<\/a><\/p>","protected":false},"featured_media":11688,"comment_status":"open","ping_status":"closed","template":"","meta":{"inline_featured_image":false},"product_brand":[398],"product_cat":[399,400,71],"product_tag":[],"class_list":{"0":"post-11686","1":"product","2":"type-product","3":"status-publish","4":"has-post-thumbnail","6":"product_brand-yogi","7":"product_cat-caj","8":"product_cat-filtrovany","9":"product_cat-potraviny","11":"first","12":"instock","13":"taxable","14":"shipping-taxable","15":"purchasable","16":"product-type-simple"},"aioseo_notices":[],"_links":{"self":[{"href":"https:\/\/www.biokari.sk\/en\/wp-json\/wp\/v2\/product\/11686","targetHints":{"allow":["GET"]}}],"collection":[{"href":"https:\/\/www.biokari.sk\/en\/wp-json\/wp\/v2\/product"}],"about":[{"href":"https:\/\/www.biokari.sk\/en\/wp-json\/wp\/v2\/types\/product"}],"replies":[{"embeddable":true,"href":"https:\/\/www.biokari.sk\/en\/wp-json\/wp\/v2\/comments?post=11686"}],"wp:featuredmedia":[{"embeddable":true,"href":"https:\/\/www.biokari.sk\/en\/wp-json\/wp\/v2\/media\/11688"}],"wp:attachment":[{"href":"https:\/\/www.biokari.sk\/en\/wp-json\/wp\/v2\/media?parent=11686"}],"wp:term":[{"taxonomy":"product_brand","embeddable":true,"href":"https:\/\/www.biokari.sk\/en\/wp-json\/wp\/v2\/product_brand?post=11686"},{"taxonomy":"product_cat","embeddable":true,"href":"https:\/\/www.biokari.sk\/en\/wp-json\/wp\/v2\/product_cat?post=11686"},{"taxonomy":"product_tag","embeddable":true,"href":"https:\/\/www.biokari.sk\/en\/wp-json\/wp\/v2\/product_tag?post=11686"}],"curies":[{"name":"wp","href":"https:\/\/api.w.org\/{rel}","templated":true}]}}