{"id":11692,"date":"2026-04-26T23:14:05","date_gmt":"2026-04-26T21:14:05","guid":{"rendered":"https:\/\/www.biokari.sk\/produkt\/wtn-zinok-bisglicinaty-kapsuly-90ks\/"},"modified":"2026-04-27T19:02:08","modified_gmt":"2026-04-27T17:02:08","slug":"wtn-zinok-bisglicinaty-kapsuly-90ks","status":"publish","type":"product","link":"https:\/\/www.biokari.sk\/en\/product\/wtn-zinok-bisglicinaty-kapsuly-90ks\/","title":{"rendered":"WTN Zinok Bisglicin\u00e1ty kapsuly 90ks"},"content":{"rendered":"<p>WTN Zinok bisglycin\u00e1t obsahuje zinok vo forme&nbsp;<strong>zinok-bisglycin\u00e1tu<\/strong>, v ktorej je zinok naviazan\u00fd na aminokyselinu glyc\u00edn. T\u00e1to v\u00e4zba je stabiln\u00e1 a odli\u0161uje sa od be\u017ene pou\u017e\u00edvan\u00fdch anorganick\u00fdch foriem zinku, ako s\u00fa oxid, uhli\u010ditan alebo s\u00edran zino\u010dnat\u00fd.<\/p>\n\n\n\n<p>Pou\u017eit\u00e1 forma je plne zreagovan\u00fd zinok-bisglycin\u00e1t, bez obsahu oxidu zino\u010dnat\u00e9ho. V\u010faka tomu deklarovan\u00e9 mno\u017estvo zinku zodpoved\u00e1 akt\u00edvnej forme uvedenej na etikete.<\/p>\n\n\n\n<p>Produkt neobsahuje zbyto\u010dn\u00e9 technologick\u00e9 pr\u00edsady a je navrhnut\u00fd s d\u00f4razom na \u010dist\u00e9 zlo\u017eenie.<\/p>\n\n\n\n<p><strong>Zinok prispieva:<\/strong><\/p>\n\n\n\n<p>k spr\u00e1vnemu fungovaniu imunitn\u00e9ho syst\u00e9mu,<br>k udr\u017eaniu zdravej poko\u017eky, vlasov a nechtov,<br>k udr\u017eaniu norm\u00e1lneho zraku,<br>k udr\u017eaniu zdrav\u00fdch kost\u00ed,<br>k norm\u00e1lnej plodnosti a reprodukcii,<br>k ochrane buniek pred oxida\u010dn\u00fdm stresom.<\/p>\n\n\n\n<p><strong>Composition:<\/strong>&nbsp;organick\u00e1 arabsk\u00e1 guma, zinok-bisglycin\u00e1t, \u017eelat\u00edna (kapsula).<\/p>\n\n\n\n<p><strong>Akt\u00edvne l\u00e1tky<\/strong><\/p>\n\n\n\n<p>1 kapsula obsahuje:<br>Zinok \u2013&nbsp;<strong>12,5 mg<\/strong>&nbsp;(125 % referen\u010dnej v\u00fd\u017eivovej hodnoty)<\/p>\n\n\n\n<p>2 kapsuly obsahuj\u00fa:<br>Zinok \u2013&nbsp;<strong>25 mg<\/strong>&nbsp;(250 % referen\u010dnej v\u00fd\u017eivovej hodnoty)<\/p>\n\n\n\n<p><strong>Odpor\u00fa\u010dan\u00e9 d\u00e1vkovanie<\/strong><\/p>\n\n\n\n<p>U\u017e\u00edvajte&nbsp;<strong>1\u20132 kapsuly denne<\/strong>. Ide\u00e1lne 30 min\u00fat pred prv\u00fdm hlavn\u00fdm jedlom. Pri citlivom tr\u00e1ven\u00ed u\u017e\u00edvajte po\u010das jedla alebo po jedle.<\/p>\n\n\n\n<p><strong>Notice<\/strong><\/p>\n\n\n\n<p>Bezprostredne pred alebo po u\u017eit\u00ed nekonzumujte potraviny, ktor\u00e9 m\u00f4\u017eu zni\u017eova\u0165 vstreb\u00e1vanie zinku (napr. celozrnn\u00e9 obilniny, strukoviny). Nadmern\u00fd pr\u00edjem \u017eeleza alebo v\u00e1pnika m\u00f4\u017ee zni\u017eova\u0165 vyu\u017eitie zinku. Odpor\u00fa\u010da sa dodr\u017ea\u0165 aspo\u0148 2-hodinov\u00fd odstup od doplnkov obsahuj\u00facich me\u010f alebo v\u00e1pnik.<\/p>\n\n\n\n<p>Neprekra\u010dujte odpor\u00fa\u010dan\u00fa denn\u00fa d\u00e1vku. Nadmern\u00fd pr\u00edjem zinku m\u00f4\u017ee ovplyvni\u0165 vstreb\u00e1vanie in\u00fdch stopov\u00fdch prvkov.<\/p>\n\n\n\n<p>V\u00fd\u017eivov\u00fd doplnok nenahr\u00e1dza pestr\u00fa a vyv\u00e1\u017een\u00fa stravu ani zdrav\u00fd \u017eivotn\u00fd \u0161t\u00fdl. Uchov\u00e1vajte mimo dosahu det\u00ed. Nepou\u017e\u00edvajte pri precitlivenosti na niektor\u00fa zo zlo\u017eiek produktu.<\/p>\n\n\n\n<p><strong>Storage<\/strong><\/p>\n\n\n\n<p>Uchov\u00e1vajte na suchom, chladnom a tmavom mieste.<\/p>\n\n\n\n<p><strong>Packaging:<\/strong>&nbsp;90 kaps\u00fal<\/p>","protected":false},"excerpt":{"rendered":"<p>WTN Zinok bisglycin\u00e1t obsahuje zinok vo forme\u00a0zinok-bisglycin\u00e1tu, v ktorej je zinok naviazan\u00fd na aminokyselinu glyc\u00edn. T\u00e1to v\u00e4zba je stabiln\u00e1 a odli\u0161uje sa od be\u017ene pou\u017e\u00edvan\u00fdch anorganick\u00fdch foriem zinku, ako s\u00fa oxid, uhli\u010ditan alebo s\u00edran zino\u010dnat\u00fd&#8230; <a href=\"#tab-description\" class=\"more-link\">Read more<\/a><\/p>","protected":false},"featured_media":11694,"comment_status":"open","ping_status":"closed","template":"","meta":{"inline_featured_image":false},"product_brand":[289],"product_cat":[69,140],"product_tag":[],"class_list":{"0":"post-11692","1":"product","2":"type-product","3":"status-publish","4":"has-post-thumbnail","6":"product_brand-wtn","7":"product_cat-vyzivove-doplnky","8":"product_cat-posilnenie-imunity","10":"first","11":"instock","12":"taxable","13":"shipping-taxable","14":"purchasable","15":"product-type-simple"},"aioseo_notices":[],"_links":{"self":[{"href":"https:\/\/www.biokari.sk\/en\/wp-json\/wp\/v2\/product\/11692","targetHints":{"allow":["GET"]}}],"collection":[{"href":"https:\/\/www.biokari.sk\/en\/wp-json\/wp\/v2\/product"}],"about":[{"href":"https:\/\/www.biokari.sk\/en\/wp-json\/wp\/v2\/types\/product"}],"replies":[{"embeddable":true,"href":"https:\/\/www.biokari.sk\/en\/wp-json\/wp\/v2\/comments?post=11692"}],"wp:featuredmedia":[{"embeddable":true,"href":"https:\/\/www.biokari.sk\/en\/wp-json\/wp\/v2\/media\/11694"}],"wp:attachment":[{"href":"https:\/\/www.biokari.sk\/en\/wp-json\/wp\/v2\/media?parent=11692"}],"wp:term":[{"taxonomy":"product_brand","embeddable":true,"href":"https:\/\/www.biokari.sk\/en\/wp-json\/wp\/v2\/product_brand?post=11692"},{"taxonomy":"product_cat","embeddable":true,"href":"https:\/\/www.biokari.sk\/en\/wp-json\/wp\/v2\/product_cat?post=11692"},{"taxonomy":"product_tag","embeddable":true,"href":"https:\/\/www.biokari.sk\/en\/wp-json\/wp\/v2\/product_tag?post=11692"}],"curies":[{"name":"wp","href":"https:\/\/api.w.org\/{rel}","templated":true}]}}