{"id":11695,"date":"2026-04-27T22:14:06","date_gmt":"2026-04-27T20:14:06","guid":{"rendered":"https:\/\/www.biokari.sk\/produkt\/wtn-vitex-krem-100ml\/"},"modified":"2026-04-27T22:32:20","modified_gmt":"2026-04-27T20:32:20","slug":"wtn-vitex-krem-100ml","status":"publish","type":"product","link":"https:\/\/www.biokari.sk\/en\/product\/wtn-vitex-krem-100ml\/","title":{"rendered":"WTN Vitex kr\u00e9m 100ml"},"content":{"rendered":"<p>WTN Vitex kr\u00e9m obsahuje okrem hlavnej akt\u00edvnej zlo\u017eky aj hydrata\u010dn\u00e9 a o\u0161etruj\u00face l\u00e1tky, ako s\u00fa aloe vera a mand\u013eov\u00fd olej, ktor\u00e9 pom\u00e1haj\u00fa udr\u017eiava\u0165 poko\u017eku jemn\u00fa, pru\u017en\u00fa a hydratovan\u00fa.<\/p>\n\n\n\n<p><strong>V centre pozornosti: agnuzid<\/strong><\/p>\n\n\n\n<p>Hlavnou zlo\u017ekou pr\u00edpravku je extrakt z rastliny&nbsp;<strong>Vitex agnus-castus<\/strong>&nbsp;(drmek oby\u010dajn\u00fd), prirodzene obsahuj\u00faci agnuzid. T\u00e1to rastlina je tradi\u010dne zn\u00e1ma v starostlivosti o \u017eensk\u00fa pohodu. V kozmetike sa vyu\u017e\u00edva pre svoje harmoniza\u010dn\u00e9 a upokojuj\u00face vlastnosti.<\/p>\n\n\n\n<p>Formulu dop\u013a\u0148a rastlinn\u00fd antioxida\u010dn\u00fd komplex tvoren\u00fd extraktmi z listov malin\u00edka, kvetu bazy \u010diernej, zelen\u00e9ho \u010daju a \u010fateliny l\u00fa\u010dnej. Tieto rastlinn\u00e9 zlo\u017eky s\u00fa zn\u00e1me svojimi antioxida\u010dn\u00fdmi vlastnos\u0165ami a pom\u00e1haj\u00fa chr\u00e1ni\u0165 poko\u017eku pred nepriazniv\u00fdmi vonkaj\u0161\u00edmi vplyvmi.<\/p>\n\n\n\n<p>V kr\u00e9me WTN Vitex m\u00e1 ka\u017ed\u00e1 zlo\u017eka svoje opodstatnenie. Produkt neobsahuje zbyto\u010dn\u00e9 adit\u00edva, farbiv\u00e1 ani syntetick\u00e9 parfum\u00e1cie.<\/p>\n\n\n\n<p><strong>Pou\u017eit\u00e9 zlo\u017eky<\/strong><\/p>\n\n\n\n<p><strong>Poko\u017eke priazniv\u00e9 nosn\u00e9 l\u00e1tky:<\/strong>&nbsp;z\u00e1klad kr\u00e9mu tvoria oleje a extrakty ako jojobov\u00fd a mand\u013eov\u00fd olej, ktor\u00e9 podporuj\u00fa \u00fa\u010dinok rastlinn\u00fdch zlo\u017eiek a staraj\u00fa sa o poko\u017eku.<\/p>\n\n\n\n<p><strong>Kvalitn\u00e9 suroviny:<\/strong>&nbsp;pou\u017eit\u00e9 ingrediencie sp\u013a\u0148aj\u00fa vysok\u00e9 \u0161tandardy pr\u00edrodnej kozmetiky.<\/p>\n\n\n\n<p><strong>Nekomedog\u00e9nne zlo\u017eenie:<\/strong>&nbsp;recept\u00fara je navrhnut\u00e1 tak, aby zbyto\u010dne neza\u0165a\u017eovala poko\u017eku a neupch\u00e1vala p\u00f3ry.<\/p>\n\n\n\n<p><strong>Ingredients (INCI):<\/strong>&nbsp;Aqua, Aloe Barbadensis Leaf Juice, Prunus Amygdalus Dulcis Oil, Helianthus Annuus Seed Oil, Glycerin, Cetearyl Alcohol, Simmondsia Chinensis Seed Oil, Glyceryl Stearate Citrate, Vitex Agnus-Castus Extract, Sambucus Nigra Flower Extract, Rubus Idaeus Leaf Extract, Tocopherol, Trifolium Pratense Extract, Squalene, Camellia Sinensis Leaf Extract, Glyceryl Linoleate, Ethylhexylglycerin, Glyceryl Caprylate, Xanthan Gum, Sodium Phytate.<\/p>\n\n\n\n<p><strong>Pou\u017eitie<\/strong><\/p>\n\n\n\n<p>Aplikujte&nbsp;<strong>1 d\u00e1vku pumpi\u010dkou denne<\/strong>. Pou\u017e\u00edvajte cyklicky po\u010das dvoch t\u00fd\u017ed\u0148ov po skon\u010den\u00ed men\u0161tru\u00e1cie. Odpor\u00fa\u010da sa pou\u017e\u00edva\u0165 iba pri pravidelnom men\u0161trua\u010dnom cykle.<\/p>\n\n\n\n<p>Naneste tenk\u00fa vrstvu a jemne vmas\u00edrujte do poko\u017eky. Aplikujte na miesta s ten\u0161ou poko\u017ekou, napr\u00edklad predlaktie, oblas\u0165 pod prsn\u00edkmi, podbru\u0161ko alebo vn\u00fatorn\u00fa stranu stehien.<\/p>\n\n\n\n<p><strong>Notice<\/strong><\/p>\n\n\n\n<p>Zabr\u00e1\u0148te kontaktu s o\u010dami. Pred pou\u017eit\u00edm odpor\u00fa\u010dame poko\u017eku o\u010disti\u0165 od zvy\u0161kov telov\u00fdch mliek alebo olejov. Uchov\u00e1vajte mimo dosahu det\u00ed, na suchom, chladnom a tmavom mieste. Produkt nie je ur\u010den\u00fd pre deti. Pri precitlivenosti na niektor\u00fa zo zlo\u017eiek produkt nepou\u017e\u00edvajte. Pred prv\u00fdm pou\u017eit\u00edm odpor\u00fa\u010dame vykona\u0165 test zn\u00e1\u0161anlivosti na malej ploche poko\u017eky, napr\u00edklad za uchom. Pri prejavoch podr\u00e1\u017edenia poko\u017eku opl\u00e1chnite vodou a presta\u0148te pou\u017e\u00edva\u0165.<\/p>\n\n\n\n<p><strong>Volume:<\/strong>&nbsp;100 ml<\/p>","protected":false},"excerpt":{"rendered":"<p>WTN Vitex kr\u00e9m obsahuje okrem hlavnej akt\u00edvnej zlo\u017eky aj hydrata\u010dn\u00e9 a o\u0161etruj\u00face l\u00e1tky, ako s\u00fa aloe vera a mand\u013eov\u00fd olej, ktor\u00e9 pom\u00e1haj\u00fa udr\u017eiava\u0165 poko\u017eku jemn\u00fa, pru\u017en\u00fa a hydratovan\u00fa&#8230; <a href=\"#tab-description\" class=\"more-link\">Read more<\/a><\/p>","protected":false},"featured_media":11697,"comment_status":"open","ping_status":"closed","template":"","meta":{"inline_featured_image":false},"product_brand":[289],"product_cat":[371,249],"product_tag":[309],"class_list":{"0":"post-11695","1":"product","2":"type-product","3":"status-publish","4":"has-post-thumbnail","6":"product_brand-wtn","7":"product_cat-bilynkovy-krem","8":"product_cat-kozmeticke-vyrobky","9":"product_tag-novinky","11":"first","12":"instock","13":"taxable","14":"shipping-taxable","15":"purchasable","16":"product-type-simple"},"aioseo_notices":[],"_links":{"self":[{"href":"https:\/\/www.biokari.sk\/en\/wp-json\/wp\/v2\/product\/11695","targetHints":{"allow":["GET"]}}],"collection":[{"href":"https:\/\/www.biokari.sk\/en\/wp-json\/wp\/v2\/product"}],"about":[{"href":"https:\/\/www.biokari.sk\/en\/wp-json\/wp\/v2\/types\/product"}],"replies":[{"embeddable":true,"href":"https:\/\/www.biokari.sk\/en\/wp-json\/wp\/v2\/comments?post=11695"}],"wp:featuredmedia":[{"embeddable":true,"href":"https:\/\/www.biokari.sk\/en\/wp-json\/wp\/v2\/media\/11697"}],"wp:attachment":[{"href":"https:\/\/www.biokari.sk\/en\/wp-json\/wp\/v2\/media?parent=11695"}],"wp:term":[{"taxonomy":"product_brand","embeddable":true,"href":"https:\/\/www.biokari.sk\/en\/wp-json\/wp\/v2\/product_brand?post=11695"},{"taxonomy":"product_cat","embeddable":true,"href":"https:\/\/www.biokari.sk\/en\/wp-json\/wp\/v2\/product_cat?post=11695"},{"taxonomy":"product_tag","embeddable":true,"href":"https:\/\/www.biokari.sk\/en\/wp-json\/wp\/v2\/product_tag?post=11695"}],"curies":[{"name":"wp","href":"https:\/\/api.w.org\/{rel}","templated":true}]}}