{"id":11710,"date":"2026-04-28T22:10:03","date_gmt":"2026-04-28T20:10:03","guid":{"rendered":"https:\/\/www.biokari.sk\/produkt\/wtn-vitamin-b12-komplex-kvapky-20ml\/"},"modified":"2026-04-28T22:15:48","modified_gmt":"2026-04-28T20:15:48","slug":"wtn-vitamin-b12-komplex-kvapky-20ml","status":"publish","type":"product","link":"https:\/\/www.biokari.sk\/en\/product\/wtn-vitamin-b12-komplex-kvapky-20ml\/","title":{"rendered":"WTN Vitam\u00edn B12 komplex kvapky 20ml"},"content":{"rendered":"<p><strong>WTN B12-vitamin Komplex kvapky<\/strong>&nbsp;s\u00fa tekut\u00fd v\u00fd\u017eivov\u00fd doplnok obsahuj\u00faci biologicky akt\u00edvne formy vitam\u00ednu B12 \u2013&nbsp;<strong>metylkobalam\u00edn<\/strong>&nbsp;a&nbsp;<strong>adenozylkobalam\u00edn<\/strong>, doplnen\u00e9 o akt\u00edvny fol\u00e1t&nbsp;<strong>L-5-MTHF<\/strong>. Praktick\u00e1 tekut\u00e1 forma umo\u017e\u0148uje jednoduch\u00e9 d\u00e1vkovanie pod jazyk a je vhodnou alternat\u00edvou pre osoby, ktor\u00e9 uprednost\u0148uj\u00fa doplnky bez kaps\u00fal.<\/p>\n\n\n\n<p><strong>Vitam\u00edn B12 prispieva<\/strong>&nbsp;k norm\u00e1lnemu energetick\u00e9mu metabolizmu, spr\u00e1vnemu fungovaniu nervov\u00e9ho syst\u00e9mu, udr\u017eaniu psychick\u00fdch funkci\u00ed, tvorbe \u010derven\u00fdch krviniek, zn\u00ed\u017eeniu \u00fanavy a vy\u010derpania a zohr\u00e1va \u00falohu v procese delenia buniek.&nbsp;<strong>Fol\u00e1t (vitam\u00edn B9)<\/strong>&nbsp;prispieva k norm\u00e1lnej krvotvorbe a spolu s vitam\u00ednom B12 sa podie\u013ea na delen\u00ed buniek a spr\u00e1vnom fungovan\u00ed nervov\u00e9ho syst\u00e9mu.<\/p>\n\n\n\n<p><strong>Hlavn\u00e9 vlastnosti produktu:<\/strong>&nbsp;obsahuje akt\u00edvne formy vitam\u00ednu B12 s vysokou biologickou vyu\u017eite\u013enos\u0165ou, doplnen\u00e9 o akt\u00edvny fol\u00e1t vo forme gluk\u00f3zam\u00edn-fol\u00e1tu. Tekut\u00e1 forma umo\u017e\u0148uje vstreb\u00e1vanie aj cez sliznicu \u00fastnej dutiny. Produkt neobsahuje umel\u00e9 farbiv\u00e1, konzerva\u010dn\u00e9 l\u00e1tky, ar\u00f3my ani zlo\u017eky \u017eivo\u010d\u00ed\u0161neho p\u00f4vodu.<\/p>\n\n\n\n<p><strong>Akt\u00edvne l\u00e1tky v 1 d\u00e1vke (6 kvapiek):<\/strong>&nbsp;vitam\u00edn B12 (adenozylkobalam\u00edn a metylkobalam\u00edn)&nbsp;<strong>1500 mcg<\/strong>&nbsp;(60 000 % NRV), vitam\u00edn B9 (L-5-MTHF)&nbsp;<strong>200 mcg<\/strong>&nbsp;(100 % NRV).<\/p>\n\n\n\n<p><strong>Composition:<\/strong>&nbsp;organick\u00fd glycer\u00edn, \u010disten\u00e1 voda, metylkobalam\u00edn, adenozylkobalam\u00edn, 6(S)-L-metyl-tetrahydrofol\u00e1t, inozitol-hexanikotin\u00e1t.<\/p>\n\n\n\n<p><strong>Odpor\u00fa\u010dan\u00e9 d\u00e1vkovanie pre dospel\u00fdch:<\/strong>&nbsp;6 kvapiek denne pod jazyk. Nakvapkajte pod jazyk a podr\u017ete pribli\u017ene 30 sek\u00fand, n\u00e1sledne prehltnite.<\/p>\n\n\n\n<p><strong>D\u00f4le\u017eit\u00e9 upozornenie:<\/strong>&nbsp;Produkty neobsahuj\u00fa konzerva\u010dn\u00e9 l\u00e1tky, preto kontakt pipety s jazykom, \u00fastnou dutinou alebo in\u00fdmi povrchmi m\u00f4\u017ee zv\u00fd\u0161i\u0165 riziko rozmno\u017eenia mikroorganizmov v produkte a sp\u00f4sobi\u0165 zmenu kvality. Zabr\u00e1\u0148te kontaktu pipety s \u00fastami.<\/p>\n\n\n\n<p><strong>Warning:<\/strong>&nbsp;V\u00fd\u017eivov\u00fd doplnok nenahr\u00e1dza pestr\u00fa a vyv\u00e1\u017een\u00fa stravu ani zdrav\u00fd \u017eivotn\u00fd \u0161t\u00fdl. Neprekra\u010dujte odpor\u00fa\u010dan\u00fa denn\u00fa d\u00e1vku. Uchov\u00e1vajte mimo dosahu det\u00ed, na suchom, chladnom a tmavom mieste. Nevhodn\u00e9 pre osoby precitliven\u00e9 na niektor\u00fa zo zlo\u017eiek produktu. Odpor\u00fa\u010da sa oddeli\u0165 u\u017e\u00edvanie od k\u00e1vy aspo\u0148 o 30 min\u00fat pred alebo 2 hodiny po konzum\u00e1cii. Neodpor\u00fa\u010da sa u\u017e\u00edva\u0165 spolu s mlie\u010dnymi v\u00fdrobkami.<\/p>\n\n\n\n<p><strong>Odpor\u00fa\u010dan\u00e9 u\u017e\u00edvanie:<\/strong>&nbsp;k\u00fara 2\u20133 mesiace, n\u00e1sledne 1 mesiac prest\u00e1vka, pokia\u013e odborn\u00edk neur\u010d\u00ed inak. Pri dlhodobom u\u017e\u00edvan\u00ed sa odpor\u00fa\u010da pravideln\u00e1 kontrola hlad\u00edn vitam\u00ednov a miner\u00e1lov.<\/p>\n\n\n\n<p>Balenie: 20ml<\/p>","protected":false},"excerpt":{"rendered":"<p>WTN B12-vitamin Komplex kvapky s\u00fa tekut\u00fd v\u00fd\u017eivov\u00fd doplnok obsahuj\u00faci biologicky akt\u00edvne formy vitam\u00ednu B12 \u2013 metylkobalam\u00edn a adenozylkobalam\u00edn&#8230; <a href=\"#tab-description\" class=\"more-link\">Read more<\/a><\/p>","protected":false},"featured_media":11712,"comment_status":"open","ping_status":"closed","template":"","meta":{"inline_featured_image":false},"product_brand":[289],"product_cat":[69,142],"product_tag":[],"class_list":{"0":"post-11710","1":"product","2":"type-product","3":"status-publish","4":"has-post-thumbnail","6":"product_brand-wtn","7":"product_cat-vyzivove-doplnky","8":"product_cat-srdcovo-cievny-system","10":"first","11":"instock","12":"taxable","13":"shipping-taxable","14":"purchasable","15":"product-type-simple"},"aioseo_notices":[],"_links":{"self":[{"href":"https:\/\/www.biokari.sk\/en\/wp-json\/wp\/v2\/product\/11710","targetHints":{"allow":["GET"]}}],"collection":[{"href":"https:\/\/www.biokari.sk\/en\/wp-json\/wp\/v2\/product"}],"about":[{"href":"https:\/\/www.biokari.sk\/en\/wp-json\/wp\/v2\/types\/product"}],"replies":[{"embeddable":true,"href":"https:\/\/www.biokari.sk\/en\/wp-json\/wp\/v2\/comments?post=11710"}],"wp:featuredmedia":[{"embeddable":true,"href":"https:\/\/www.biokari.sk\/en\/wp-json\/wp\/v2\/media\/11712"}],"wp:attachment":[{"href":"https:\/\/www.biokari.sk\/en\/wp-json\/wp\/v2\/media?parent=11710"}],"wp:term":[{"taxonomy":"product_brand","embeddable":true,"href":"https:\/\/www.biokari.sk\/en\/wp-json\/wp\/v2\/product_brand?post=11710"},{"taxonomy":"product_cat","embeddable":true,"href":"https:\/\/www.biokari.sk\/en\/wp-json\/wp\/v2\/product_cat?post=11710"},{"taxonomy":"product_tag","embeddable":true,"href":"https:\/\/www.biokari.sk\/en\/wp-json\/wp\/v2\/product_tag?post=11710"}],"curies":[{"name":"wp","href":"https:\/\/api.w.org\/{rel}","templated":true}]}}