{"id":11714,"date":"2026-04-29T21:51:51","date_gmt":"2026-04-29T19:51:51","guid":{"rendered":"https:\/\/www.biokari.sk\/produkt\/wtn-veganske-kolagen-aminokyseliny-180g-30-davok\/"},"modified":"2026-04-29T21:57:54","modified_gmt":"2026-04-29T19:57:54","slug":"wtn-veganske-kolagen-aminokyseliny-180g-30-davok","status":"publish","type":"product","link":"https:\/\/www.biokari.sk\/en\/product\/wtn-veganske-kolagen-aminokyseliny-180g-30-davok\/","title":{"rendered":"WTN Vegansk\u00e9 kolag\u00e9n &#8211; Aminokyseliny 180g 30 d\u00e1vok"},"content":{"rendered":"<p><strong>WTN Aminokyseliny na tvorbu kolag\u00e9nu<\/strong>&nbsp;s\u00fa modern\u00fd v\u00fd\u017eivov\u00fd doplnok obsahuj\u00faci aminokyseliny z\u00edskan\u00e9 fermenta\u010dn\u00fdm procesom, ktor\u00fdch aminokyselinov\u00e9 zlo\u017eenie sa&nbsp;<strong>v 98,8 % zhoduje s hov\u00e4dz\u00edm kolag\u00e9nom<\/strong>. T\u00e1to formula umo\u017e\u0148uje doplni\u0165 d\u00f4le\u017eit\u00e9 stavebn\u00e9 l\u00e1tky kolag\u00e9nu bez pou\u017eitia \u017eivo\u010d\u00ed\u0161nych surov\u00edn, preto je vhodnou alternat\u00edvou pre osoby preferuj\u00face produkty bez kolag\u00e9nu \u017eivo\u010d\u00ed\u0161neho p\u00f4vodu.<\/p>\n\n\n\n<p><strong>Kolag\u00e9n<\/strong>&nbsp;je prirodzene sa vyskytuj\u00faca bielkovina, ktor\u00e1 je s\u00fa\u010das\u0165ou ko\u017ee, chrupaviek, kost\u00ed, \u0161liach a spojivov\u00fdch tkan\u00edv. Samotn\u00fd kolag\u00e9n je v\u00fdlu\u010dne \u017eivo\u010d\u00ed\u0161neho p\u00f4vodu, av\u0161ak aminokyseliny potrebn\u00e9 na jeho tvorbu je mo\u017en\u00e9 z\u00edska\u0165 aj ferment\u00e1ciou z rastlinn\u00fdch zdrojov. Produkt obsahuje 17 z 18 hlavn\u00fdch aminokysel\u00edn nach\u00e1dzaj\u00facich sa v hov\u00e4dzom kolag\u00e9ne, vo vyv\u00e1\u017eenom pomere.<\/p>\n\n\n\n<p><strong>Hlavn\u00e9 vlastnosti produktu:<\/strong>&nbsp;\u0161peci\u00e1lne navrhnut\u00fd aminokyselinov\u00fd profil podobn\u00fd hov\u00e4dziemu kolag\u00e9nu, aminokyseliny rastlinn\u00e9ho p\u00f4vodu vyr\u00e1ban\u00e9 ferment\u00e1ciou, v\u00fdborn\u00e1 rozpustnos\u0165 vo vode, pr\u00edjemn\u00e1 mandar\u00ednkov\u00e1 chu\u0165, jednoduch\u00e9 ka\u017edodenn\u00e9 pou\u017e\u00edvanie a presne definovan\u00e9 mno\u017estvo akt\u00edvnych l\u00e1tok v ka\u017edej d\u00e1vke.<\/p>\n\n\n\n<p><strong>Kedy zaradi\u0165 produkt do jed\u00e1lni\u010dka?<\/strong>&nbsp;Tvorba kolag\u00e9nu je prirodzen\u00fd proces organizmu, pri ktorom zohr\u00e1vaj\u00fa v\u00fdznamn\u00fa \u00falohu aminokyseliny, najm\u00e4 glyc\u00edn, prol\u00edn a hydroxyprol\u00edn. S prib\u00fadaj\u00facim vekom, pri zv\u00fd\u0161enej fyzickej z\u00e1\u0165a\u017ei alebo jednostrannej strave m\u00f4\u017ee by\u0165 vhodn\u00e9 dba\u0165 na dostato\u010dn\u00fd pr\u00edjem stavebn\u00fdch l\u00e1tok.<\/p>\n\n\n\n<p><strong>Vitam\u00edn C prispieva k norm\u00e1lnej tvorbe kolag\u00e9nu<\/strong>, preto sa odpor\u00fa\u010da zabezpe\u010di\u0165 aj jeho dostato\u010dn\u00fd pr\u00edjem v strave alebo doplnkoch v\u00fd\u017eivy.<\/p>\n\n\n\n<p><strong>Akt\u00edvne l\u00e1tky v 1 d\u00e1vke (6 g):<\/strong>&nbsp;L-glyc\u00edn 1030 mg, L-prol\u00edn 575 mg, L-hydroxyprol\u00edn 570 mg, L-glut\u00e1mov\u00e1 kyselina 621 mg, L-argin\u00edn 420 mg, L-alan\u00edn 405 mg, L-aspar\u00e1gov\u00e1 kyselina 331 mg, L-lyz\u00edn 233 mg, L-ser\u00edn 170 mg, L-leuc\u00edn 147 mg, L-val\u00edn 122 mg, L-fenylalan\u00edn 105 mg, L-treon\u00edn 95 mg, L-izoleuc\u00edn 78 mg, L-histid\u00edn 43 mg, L-metion\u00edn 33 mg, L-tyroz\u00edn 25 mg, myo-inozitol 100 mg.<\/p>\n\n\n\n<p><strong>Composition:<\/strong>&nbsp;L-glyc\u00edn, L-glut\u00e1mov\u00e1 kyselina, L-prol\u00edn, L-hydroxyprol\u00edn, L-argin\u00edn, L-alan\u00edn, L-aspar\u00e1gov\u00e1 kyselina, L-lyz\u00edn, pr\u00edrodn\u00e1 mandar\u00ednkov\u00e1 ar\u00f3ma, L-ser\u00edn, L-leuc\u00edn, L-val\u00edn, L-fenylalan\u00edn, myo-inozitol, L-treon\u00edn, L-izoleuc\u00edn, L-histid\u00edn, maltodextr\u00edn, L-metion\u00edn, L-tyroz\u00edn, arabsk\u00e1 guma, kyselina citr\u00f3nov\u00e1.<\/p>\n\n\n\n<p><strong>Recommended dosage:<\/strong>&nbsp;1 vrchovat\u00e1 \u010dajov\u00e1 ly\u017ei\u010dka (6 g) denne rozmie\u0161a\u0165 vo vode alebo inom n\u00e1poji na vodnej b\u00e1ze. Po nasypan\u00ed do tekutiny nechajte pribli\u017ene 10\u201315 min\u00fat odst\u00e1\u0165 a n\u00e1sledne premie\u0161ajte do hladka. Pred pou\u017eit\u00edm pretrepa\u0165.<\/p>\n\n\n\n<p><strong>Further information:<\/strong>&nbsp;Produkt je vhodn\u00fd na dlhodobej\u0161ie k\u00farov\u00e9 u\u017e\u00edvanie. Odpor\u00fa\u010da sa u\u017e\u00edva\u0165 pravidelne po\u010das 2\u20133 mesiacov, n\u00e1sledne zaradi\u0165 kr\u00e1tku prest\u00e1vku. Pr\u00e1\u0161ok je mo\u017en\u00e9 primie\u0161a\u0165 aj do smoothie, ovocn\u00fdch n\u00e1pojov alebo studen\u00fdch ra\u0148ajkov\u00fdch jed\u00e1l. Neodpor\u00fa\u010da sa mie\u0161a\u0165 do hor\u00facich n\u00e1pojov.<\/p>\n\n\n\n<p><strong>Storage:<\/strong>&nbsp;Uchov\u00e1vajte na suchom, chladnom a tmavom mieste pri teplote do 25 \u00b0C. Po ka\u017edom pou\u017eit\u00ed obal d\u00f4kladne uzavrite a chr\u00e1\u0148te pred vlhkos\u0165ou.<\/p>\n\n\n\n<p><strong>Warning:<\/strong>&nbsp;V\u00fd\u017eivov\u00fd doplnok nenahr\u00e1dza pestr\u00fa a vyv\u00e1\u017een\u00fa stravu ani zdrav\u00fd \u017eivotn\u00fd \u0161t\u00fdl. Neprekra\u010dujte odpor\u00fa\u010dan\u00fa denn\u00fa d\u00e1vku. Uchov\u00e1vajte mimo dosahu det\u00ed. Nevhodn\u00e9 pre deti. Nevhodn\u00e9 pre osoby precitliven\u00e9 na niektor\u00fa zo zlo\u017eiek produktu. Pri u\u017e\u00edvan\u00ed viacer\u00fdch doplnkov v\u00fd\u017eivy sa odpor\u00fa\u010da konzult\u00e1cia s odborn\u00edkom.<\/p>\n\n\n\n<p>Hmotnost: 180g<\/p>","protected":false},"excerpt":{"rendered":"<p>WTN Aminokyseliny na tvorbu kolag\u00e9nu\u00a0s\u00fa modern\u00fd v\u00fd\u017eivov\u00fd doplnok obsahuj\u00faci aminokyseliny z\u00edskan\u00e9 fermenta\u010dn\u00fdm procesom&#8230; <a href=\"#tab-description\" class=\"more-link\">Read more<\/a><\/p>","protected":false},"featured_media":11716,"comment_status":"open","ping_status":"closed","template":"","meta":{"inline_featured_image":false},"product_brand":[289],"product_cat":[69,145],"product_tag":[],"class_list":{"0":"post-11714","1":"product","2":"type-product","3":"status-publish","4":"has-post-thumbnail","6":"product_brand-wtn","7":"product_cat-vyzivove-doplnky","8":"product_cat-krasa","10":"first","11":"onbackorder","12":"taxable","13":"shipping-taxable","14":"purchasable","15":"product-type-simple"},"aioseo_notices":[],"_links":{"self":[{"href":"https:\/\/www.biokari.sk\/en\/wp-json\/wp\/v2\/product\/11714","targetHints":{"allow":["GET"]}}],"collection":[{"href":"https:\/\/www.biokari.sk\/en\/wp-json\/wp\/v2\/product"}],"about":[{"href":"https:\/\/www.biokari.sk\/en\/wp-json\/wp\/v2\/types\/product"}],"replies":[{"embeddable":true,"href":"https:\/\/www.biokari.sk\/en\/wp-json\/wp\/v2\/comments?post=11714"}],"wp:featuredmedia":[{"embeddable":true,"href":"https:\/\/www.biokari.sk\/en\/wp-json\/wp\/v2\/media\/11716"}],"wp:attachment":[{"href":"https:\/\/www.biokari.sk\/en\/wp-json\/wp\/v2\/media?parent=11714"}],"wp:term":[{"taxonomy":"product_brand","embeddable":true,"href":"https:\/\/www.biokari.sk\/en\/wp-json\/wp\/v2\/product_brand?post=11714"},{"taxonomy":"product_cat","embeddable":true,"href":"https:\/\/www.biokari.sk\/en\/wp-json\/wp\/v2\/product_cat?post=11714"},{"taxonomy":"product_tag","embeddable":true,"href":"https:\/\/www.biokari.sk\/en\/wp-json\/wp\/v2\/product_tag?post=11714"}],"curies":[{"name":"wp","href":"https:\/\/api.w.org\/{rel}","templated":true}]}}