{"id":11728,"date":"2026-04-30T22:18:39","date_gmt":"2026-04-30T20:18:39","guid":{"rendered":"https:\/\/www.biokari.sk\/produkt\/wtn-kapsuly-na-zlcnik-60ks\/"},"modified":"2026-04-30T22:24:51","modified_gmt":"2026-04-30T20:24:51","slug":"wtn-kapsuly-na-zlcnik-60ks","status":"publish","type":"product","link":"https:\/\/www.biokari.sk\/en\/product\/wtn-kapsuly-na-zlcnik-60ks\/","title":{"rendered":"WTN Kapsuly na \u017el\u010dn\u00edk 60ks"},"content":{"rendered":"<p><strong>WTN Epebar\u00e1t<\/strong>&nbsp;je \u0161peci\u00e1lny v\u00fd\u017eivov\u00fd doplnok obsahuj\u00faci&nbsp;<strong>su\u0161en\u00fa hov\u00e4dziu \u017el\u010d<\/strong>&nbsp;v&nbsp;<strong>gastrorezistentnej rastlinnej kapsule<\/strong>, ktor\u00e1 sa rozp\u00fa\u0161\u0165a a\u017e v \u010dreve.<\/p>\n\n\n\n<p>V \u013eudskom organizme pe\u010de\u0148 denne produkuje pribli\u017ene 1 liter \u017el\u010de, ktor\u00e1 sa koncentruje a uchov\u00e1va v \u017el\u010dn\u00edku. Po\u010das jedla, najm\u00e4 pri konzum\u00e1cii tukov, doch\u00e1dza k jej uvo\u013eneniu do tenk\u00e9ho \u010dreva, kde napom\u00e1ha emulg\u00e1cii tukov \u2013 rozklad\u00e1 ich na mal\u00e9 kvap\u00f4\u010dky, aby mohli by\u0165 n\u00e1sledne spracovan\u00e9 tr\u00e1viacimi enz\u00fdmami (lip\u00e1zou).&nbsp;<strong>Dostato\u010dn\u00e9 mno\u017estvo \u017el\u010dov\u00fdch kysel\u00edn zohr\u00e1va d\u00f4le\u017eit\u00fa \u00falohu pri tr\u00e1ven\u00ed tukov a vstreb\u00e1van\u00ed vitam\u00ednov rozpustn\u00fdch v tukoch (A, D, E, K).<\/strong><\/p>\n\n\n\n<p><strong>Composition:<\/strong>&nbsp;organick\u00e1 arabsk\u00e1 guma, su\u0161en\u00e1 hov\u00e4dzia \u017el\u010d, HPMC celul\u00f3za (gastrorezistentn\u00e1 kapsula).<\/p>\n\n\n\n<p><strong>Akt\u00edvna l\u00e1tka v 1 kapsule:<\/strong>&nbsp;su\u0161en\u00e1 hov\u00e4dzia \u017el\u010d 125 mg.<\/p>\n\n\n\n<p><strong>Recommended dosage:<\/strong>&nbsp;1 kapsula denne, ide\u00e1lne pred hlavn\u00fdm jedlom alebo s prv\u00fdm s\u00fastom jedla. Maxim\u00e1lna denn\u00e1 d\u00e1vka s\u00fa 3 kapsuly. Pri vy\u0161\u0161om d\u00e1vkovan\u00ed sa odpor\u00fa\u010da rozdeli\u0165 u\u017e\u00edvanie po\u010das d\u0148a pod\u013ea hlavn\u00fdch jed\u00e1l, napr\u00edklad pri 2 kapsul\u00e1ch denne \u2013 r\u00e1no a na obed, pri 3 kapsul\u00e1ch \u2013 r\u00e1no, na obed a ve\u010der. Posledn\u00fa d\u00e1vku je vhodn\u00e9 u\u017ei\u0165 pred 18:00.<\/p>\n\n\n\n<p><strong>Further information:<\/strong>&nbsp;Produkt je ur\u010den\u00fd ako doplnok stravy. Odpor\u00fa\u010da sa k\u00farov\u00e9 u\u017e\u00edvanie (zvy\u010dajne 2\u20133 mesiace, n\u00e1sledne pauza), pokia\u013e odborn\u00edk neur\u010d\u00ed inak.<\/p>\n\n\n\n<p><strong>Storage:<\/strong>&nbsp;Uchov\u00e1vajte na suchom, chladnom a tmavom mieste. Chr\u00e1\u0148te pred vlhkos\u0165ou a priamym slne\u010dn\u00fdm \u017eiaren\u00edm.<\/p>\n\n\n\n<p><strong>Warning:<\/strong>&nbsp;Neu\u017e\u00edvajte pri ak\u00fatnych \u017el\u010dn\u00edkov\u00fdch z\u00e1chvatoch, pri ob\u0161trukcii \u017el\u010dov\u00fdch ciest alebo po\u010das tehotenstva. Neodpor\u00fa\u010da sa kombinova\u0165 s in\u00fdmi pr\u00edpravkami ovplyv\u0148uj\u00facimi \u017el\u010d. V\u00fd\u017eivov\u00fd doplnok nenahr\u00e1dza pestr\u00fa a vyv\u00e1\u017een\u00fa stravu ani zdrav\u00fd \u017eivotn\u00fd \u0161t\u00fdl. Neprekra\u010dujte odpor\u00fa\u010dan\u00fa denn\u00fa d\u00e1vku. Uchov\u00e1vajte mimo dosahu det\u00ed. Nevhodn\u00e9 pre osoby precitliven\u00e9 na niektor\u00fa zo zlo\u017eiek. Neu\u017e\u00edvajte spolu s mlie\u010dnymi v\u00fdrobkami a odpor\u00fa\u010da sa \u010dasov\u00fd odstup od k\u00e1vy (minim\u00e1lne 30 min\u00fat pred alebo 2 hodiny po).<\/p>\n\n\n\n<p><strong>Packaging:<\/strong>&nbsp;<strong>60 kaps\u00fal<\/strong><\/p>","protected":false},"excerpt":{"rendered":"<p>WTN Epebar\u00e1t\u00a0je \u0161peci\u00e1lny v\u00fd\u017eivov\u00fd doplnok obsahuj\u00faci\u00a0su\u0161en\u00fa hov\u00e4dziu \u017el\u010d\u00a0v\u00a0gastrorezistentnej rastlinnej kapsule, ktor\u00e1 sa rozp\u00fa\u0161\u0165a a\u017e v \u010dreve&#8230; <a href=\"#tab-description\" class=\"more-link\">Read more<\/a><\/p>","protected":false},"featured_media":11730,"comment_status":"open","ping_status":"closed","template":"","meta":{"inline_featured_image":false},"product_brand":[289],"product_cat":[387,69,143],"product_tag":[],"class_list":{"0":"post-11728","1":"product","2":"type-product","3":"status-publish","4":"has-post-thumbnail","6":"product_brand-wtn","7":"product_cat-kapsuly","8":"product_cat-vyzivove-doplnky","9":"product_cat-zaludok-a-crevna-cinnost","11":"first","12":"instock","13":"taxable","14":"shipping-taxable","15":"purchasable","16":"product-type-simple"},"aioseo_notices":[],"_links":{"self":[{"href":"https:\/\/www.biokari.sk\/en\/wp-json\/wp\/v2\/product\/11728","targetHints":{"allow":["GET"]}}],"collection":[{"href":"https:\/\/www.biokari.sk\/en\/wp-json\/wp\/v2\/product"}],"about":[{"href":"https:\/\/www.biokari.sk\/en\/wp-json\/wp\/v2\/types\/product"}],"replies":[{"embeddable":true,"href":"https:\/\/www.biokari.sk\/en\/wp-json\/wp\/v2\/comments?post=11728"}],"wp:featuredmedia":[{"embeddable":true,"href":"https:\/\/www.biokari.sk\/en\/wp-json\/wp\/v2\/media\/11730"}],"wp:attachment":[{"href":"https:\/\/www.biokari.sk\/en\/wp-json\/wp\/v2\/media?parent=11728"}],"wp:term":[{"taxonomy":"product_brand","embeddable":true,"href":"https:\/\/www.biokari.sk\/en\/wp-json\/wp\/v2\/product_brand?post=11728"},{"taxonomy":"product_cat","embeddable":true,"href":"https:\/\/www.biokari.sk\/en\/wp-json\/wp\/v2\/product_cat?post=11728"},{"taxonomy":"product_tag","embeddable":true,"href":"https:\/\/www.biokari.sk\/en\/wp-json\/wp\/v2\/product_tag?post=11728"}],"curies":[{"name":"wp","href":"https:\/\/api.w.org\/{rel}","templated":true}]}}