{"id":11731,"date":"2026-05-01T20:53:59","date_gmt":"2026-05-01T18:53:59","guid":{"rendered":"https:\/\/www.biokari.sk\/produkt\/wtn-kapsuly-pre-cestovnikov-30ks\/"},"modified":"2026-05-01T21:32:45","modified_gmt":"2026-05-01T19:32:45","slug":"wtn-kapsuly-pre-cestovnikov-30ks","status":"publish","type":"product","link":"https:\/\/www.biokari.sk\/en\/product\/wtn-kapsuly-pre-cestovnikov-30ks\/","title":{"rendered":"WTN Kapsuly pre cestovnikov 30ks"},"content":{"rendered":"<p>Tento komplexne zostaven\u00fd v\u00fd\u017eivov\u00fd doplnok obsahuje kombin\u00e1ciu vitam\u00ednov, rastlinn\u00fdch extraktov a bielkovinov\u00e9ho extraktu z brav\u010dovej obli\u010dky, ktor\u00fd je prirodzen\u00fdm zdrojom enz\u00fdmu&nbsp;<strong>diam\u00ednoxid\u00e1za (DAO)<\/strong>. Produkt je ur\u010den\u00fd ako doplnok stravy najm\u00e4 v situ\u00e1ci\u00e1ch so zv\u00fd\u0161enou z\u00e1\u0165a\u017eou organizmu, napr\u00edklad po\u010das cestovania alebo pri zmene stravovac\u00edch n\u00e1vykov.<\/p>\n\n\n\n<p>Obsiahnut\u00e9 akt\u00edvne l\u00e1tky boli zvolen\u00e9 tak, aby podporovali norm\u00e1lne fyziologick\u00e9 funkcie organizmu.&nbsp;<strong>Vitam\u00edn C prispieva k norm\u00e1lnej funkcii imunitn\u00e9ho syst\u00e9mu a k zn\u00ed\u017eeniu miery \u00fanavy a vy\u010derpania<\/strong>, z\u00e1rove\u0148 sa podie\u013ea na ochrane buniek pred oxida\u010dn\u00fdm stresom.&nbsp;<strong>Vitam\u00edn B1 (tiam\u00edn)<\/strong>&nbsp;a&nbsp;<strong>vitam\u00edn B3 (niac\u00edn)<\/strong>&nbsp;prispievaj\u00fa k norm\u00e1lnej \u010dinnosti nervov\u00e9ho syst\u00e9mu a energetick\u00e9ho metabolizmu.<\/p>\n\n\n\n<p>Produkt obsahuje aj rastlinn\u00e9 extrakty ako&nbsp;<strong>list \u010dervenej maliny, extrakt zo \u017eih\u013eavy (\u0161tandardizovan\u00fd na polyfenoly), kanadsk\u00fd zlatoby\u013e (Hydrastis canadensis)<\/strong>&nbsp;a&nbsp;<strong>extrakt z listov olivovn\u00edka (\u0161tandardizovan\u00fd na oleurope\u00edn)<\/strong>, ktor\u00e9 dop\u013a\u0148aj\u00fa komplexn\u00e9 zlo\u017eenie produktu.<\/p>\n\n\n\n<p><strong>Composition:<\/strong>&nbsp;extrakt z listov \u010dervenej maliny, askorbylpalmit\u00e1t (vitam\u00edn C), \u017eelat\u00edna (kapsula), extrakt zo \u017eih\u013eavy (5 % polyfenoly), extrakt z Hydrastis canadensis, bielkovinov\u00fd extrakt z brav\u010dovej obli\u010dky, extrakt z listov olivovn\u00edka (18 % oleurope\u00edn), inozitol-hexanikotin\u00e1t (vitam\u00edn B3), tiam\u00edn-pyrofosf\u00e1t-chlorid (vitam\u00edn B1).<\/p>\n\n\n\n<p><strong>Active ingredients in 1 capsule:<\/strong>&nbsp;vitam\u00edn B1 8 mg, vitam\u00edn B3 20 mg, vitam\u00edn C 65 mg, komplex rastlinn\u00fdch extraktov a DAO zdroj 363 mg.<\/p>\n\n\n\n<p><strong>Recommended dosage:<\/strong>&nbsp;1 kapsula denne, pribli\u017ene 15 min\u00fat pred cestovan\u00edm. V pr\u00edpade potreby mo\u017eno d\u00e1vku zv\u00fd\u0161i\u0165 na maxim\u00e1lne 3 kapsuly denne, rozdelen\u00e9 po\u010das d\u0148a.<\/p>\n\n\n\n<p><strong>Storage:<\/strong>&nbsp;Uchov\u00e1vajte na suchom, chladnom a tmavom mieste. Chr\u00e1\u0148te pred vlhkos\u0165ou a priamym slne\u010dn\u00fdm \u017eiaren\u00edm.<\/p>\n\n\n\n<p><strong>Warning:<\/strong>&nbsp;V\u00fd\u017eivov\u00fd doplnok nenahr\u00e1dza pestr\u00fa a vyv\u00e1\u017een\u00fa stravu ani zdrav\u00fd \u017eivotn\u00fd \u0161t\u00fdl. Neprekra\u010dujte odpor\u00fa\u010dan\u00fa denn\u00fa d\u00e1vku. Nevhodn\u00e9 pre deti. Uchov\u00e1vajte mimo dosahu det\u00ed. Neu\u017e\u00edvajte v pr\u00edpade alergie alebo precitlivenosti na niektor\u00fa zo zlo\u017eiek. V pr\u00edpade ochorenia alebo u\u017e\u00edvania liekov sa pred pou\u017eit\u00edm pora\u010fte s lek\u00e1rom.<\/p>\n\n\n\n<p>V s\u00falade s platnou legislat\u00edvou Eur\u00f3pskej \u00fanie nie je mo\u017en\u00e9 tomuto produktu pripisova\u0165 vlastnosti prevencie, lie\u010dby alebo vylie\u010denia ochoren\u00ed.<\/p>\n\n\n\n<p><strong>Packaging:<\/strong>&nbsp;<strong>30 kaps\u00fal<\/strong>.<\/p>","protected":false},"excerpt":{"rendered":"<p>Tento komplexne zostaven\u00fd v\u00fd\u017eivov\u00fd doplnok obsahuje kombin\u00e1ciu vitam\u00ednov, rastlinn\u00fdch extraktov a bielkovinov\u00e9ho extraktu z brav\u010dovej obli\u010dky&#8230; <a href=\"#tab-description\" class=\"more-link\">Read more<\/a><\/p>","protected":false},"featured_media":11733,"comment_status":"open","ping_status":"closed","template":"","meta":{"inline_featured_image":false},"product_brand":[289],"product_cat":[387,69,143],"product_tag":[],"class_list":{"0":"post-11731","1":"product","2":"type-product","3":"status-publish","4":"has-post-thumbnail","6":"product_brand-wtn","7":"product_cat-kapsuly","8":"product_cat-vyzivove-doplnky","9":"product_cat-zaludok-a-crevna-cinnost","11":"first","12":"instock","13":"taxable","14":"shipping-taxable","15":"purchasable","16":"product-type-simple"},"aioseo_notices":[],"_links":{"self":[{"href":"https:\/\/www.biokari.sk\/en\/wp-json\/wp\/v2\/product\/11731","targetHints":{"allow":["GET"]}}],"collection":[{"href":"https:\/\/www.biokari.sk\/en\/wp-json\/wp\/v2\/product"}],"about":[{"href":"https:\/\/www.biokari.sk\/en\/wp-json\/wp\/v2\/types\/product"}],"replies":[{"embeddable":true,"href":"https:\/\/www.biokari.sk\/en\/wp-json\/wp\/v2\/comments?post=11731"}],"wp:featuredmedia":[{"embeddable":true,"href":"https:\/\/www.biokari.sk\/en\/wp-json\/wp\/v2\/media\/11733"}],"wp:attachment":[{"href":"https:\/\/www.biokari.sk\/en\/wp-json\/wp\/v2\/media?parent=11731"}],"wp:term":[{"taxonomy":"product_brand","embeddable":true,"href":"https:\/\/www.biokari.sk\/en\/wp-json\/wp\/v2\/product_brand?post=11731"},{"taxonomy":"product_cat","embeddable":true,"href":"https:\/\/www.biokari.sk\/en\/wp-json\/wp\/v2\/product_cat?post=11731"},{"taxonomy":"product_tag","embeddable":true,"href":"https:\/\/www.biokari.sk\/en\/wp-json\/wp\/v2\/product_tag?post=11731"}],"curies":[{"name":"wp","href":"https:\/\/api.w.org\/{rel}","templated":true}]}}