{"id":11775,"date":"2026-05-01T22:55:27","date_gmt":"2026-05-01T20:55:27","guid":{"rendered":"https:\/\/www.biokari.sk\/produkt\/prana-acai-prasok-60g\/"},"modified":"2026-05-01T22:58:48","modified_gmt":"2026-05-01T20:58:48","slug":"prana-acai-prasok-60g","status":"publish","type":"product","link":"https:\/\/www.biokari.sk\/en\/product\/prana-acai-prasok-60g\/","title":{"rendered":"Prana Acai pr\u00e1\u0161ok 60g"},"content":{"rendered":"<p data-start=\"176\" data-end=\"396\">BIO acai pr\u00e1\u0161ok je produkt z ekologick\u00e9ho po\u013enohospod\u00e1rstva, vyroben\u00fd z extraktu plodov acai. V\u010faka svojej prirodzenej chuti a jednoduch\u00e9mu zlo\u017eeniu je vhodn\u00fd na ka\u017edodenn\u00e9 pou\u017eitie ako s\u00fa\u010das\u0165 pestrej a vyv\u00e1\u017eenej stravy.<\/p>\n<p data-start=\"398\" data-end=\"598\">Pr\u00e1\u0161ok m\u00e1 univerz\u00e1lne vyu\u017eitie \u2013 je mo\u017en\u00e9 ho prida\u0165 do smoothie, jogurtu, ovocn\u00fdch n\u00e1pojov alebo in\u00fdch jed\u00e1l pod\u013ea chuti. V\u010faka pr\u00e1\u0161kovej forme sa jednoducho d\u00e1vkuje a kombinuje s r\u00f4znymi potravinami.<\/p>\n<p data-start=\"600\" data-end=\"695\">Produkt je vhodn\u00fd pre vegetari\u00e1nov aj veg\u00e1nov a neobsahuje pridan\u00fd cukor ani konzerva\u010dn\u00e9 l\u00e1tky.<\/p>\n<p data-start=\"697\" data-end=\"742\"><strong data-start=\"697\" data-end=\"710\">Composition:<\/strong> 90 % acai extrakt, maltodextr\u00edn<\/p>\n<p data-start=\"744\" data-end=\"806\"><strong data-start=\"744\" data-end=\"757\">Allergens:<\/strong> May contain traces of peanuts, nuts and sesame.<\/p>\n<p data-start=\"808\" data-end=\"1007\"><strong data-start=\"808\" data-end=\"848\">Priemern\u00e9 v\u00fd\u017eivov\u00e9 hodnoty na 100 g:<\/strong><br data-start=\"848\" data-end=\"851\" \/>Energia: 1502 kJ \/ 355 kcal<br data-start=\"878\" data-end=\"881\" \/>Tuky: 0,8 g<br data-start=\"892\" data-end=\"895\" \/>z toho nas\u00fdten\u00e9 mastn\u00e9 kyseliny: 0 g<br data-start=\"931\" data-end=\"934\" \/>Sacharidy: 71,4 g<br data-start=\"951\" data-end=\"954\" \/>z toho cukry: 0 g<br data-start=\"971\" data-end=\"974\" \/>Bielkoviny: 8,1 g<br data-start=\"991\" data-end=\"994\" \/>So\u013e: 0,34 g<\/p>\n<p data-start=\"1009\" data-end=\"1108\"><strong data-start=\"1009\" data-end=\"1035\">Recommended dosage:<\/strong> 1\u20132 \u010dajov\u00e9 ly\u017ei\u010dky denne. Pr\u00e1\u0161ok je mo\u017en\u00e9 prida\u0165 do n\u00e1pojov alebo jed\u00e1l.<\/p>\n<p data-start=\"1110\" data-end=\"1167\"><strong data-start=\"1110\" data-end=\"1126\">Storage:<\/strong> Uchov\u00e1vajte na suchom a chladnom mieste.<\/p>\n<p data-start=\"1169\" data-end=\"1197\"><strong data-start=\"1169\" data-end=\"1188\">Country of origin:<\/strong> Braz\u00edlia<\/p>\n<p data-start=\"1199\" data-end=\"1292\"><strong data-start=\"1199\" data-end=\"1216\">Certifik\u00e1cia:<\/strong> Produkt je certifikovan\u00fd organiz\u00e1ciou <span class=\"hover:entity-accent entity-underline inline cursor-pointer align-baseline\"><span class=\"whitespace-normal\">Bio Garancia Kft.<\/span><\/span><\/p>\n<p data-start=\"1294\" data-end=\"1426\"><strong data-start=\"1294\" data-end=\"1310\">Warning:<\/strong> V\u00fd\u017eivov\u00fd doplnok nenahr\u00e1dza pestr\u00fa a vyv\u00e1\u017een\u00fa stravu ani zdrav\u00fd \u017eivotn\u00fd \u0161t\u00fdl. Neprekra\u010dujte odpor\u00fa\u010dan\u00fa denn\u00fa d\u00e1vku.<\/p>\n<p data-start=\"1428\" data-end=\"1454\"><strong data-start=\"1428\" data-end=\"1449\">Package weight:<\/strong> 60 g<\/p>","protected":false},"excerpt":{"rendered":"<p>BIO acai pr\u00e1\u0161ok je produkt z ekologick\u00e9ho po\u013enohospod\u00e1rstva, vyroben\u00fd z extraktu plodov acai. V\u010faka svojej prirodzenej chuti a jednoduch\u00e9mu zlo\u017eeniu&#8230; <a href=\"#tab-description\" class=\"more-link\">Read more<\/a><\/p>","protected":false},"featured_media":11777,"comment_status":"open","ping_status":"closed","template":"","meta":{"inline_featured_image":false},"product_brand":[282],"product_cat":[386],"product_tag":[],"class_list":{"0":"post-11775","1":"product","2":"type-product","3":"status-publish","4":"has-post-thumbnail","6":"product_brand-prana","7":"product_cat-superfood","9":"first","10":"instock","11":"taxable","12":"shipping-taxable","13":"purchasable","14":"product-type-simple"},"aioseo_notices":[],"_links":{"self":[{"href":"https:\/\/www.biokari.sk\/en\/wp-json\/wp\/v2\/product\/11775","targetHints":{"allow":["GET"]}}],"collection":[{"href":"https:\/\/www.biokari.sk\/en\/wp-json\/wp\/v2\/product"}],"about":[{"href":"https:\/\/www.biokari.sk\/en\/wp-json\/wp\/v2\/types\/product"}],"replies":[{"embeddable":true,"href":"https:\/\/www.biokari.sk\/en\/wp-json\/wp\/v2\/comments?post=11775"}],"wp:featuredmedia":[{"embeddable":true,"href":"https:\/\/www.biokari.sk\/en\/wp-json\/wp\/v2\/media\/11777"}],"wp:attachment":[{"href":"https:\/\/www.biokari.sk\/en\/wp-json\/wp\/v2\/media?parent=11775"}],"wp:term":[{"taxonomy":"product_brand","embeddable":true,"href":"https:\/\/www.biokari.sk\/en\/wp-json\/wp\/v2\/product_brand?post=11775"},{"taxonomy":"product_cat","embeddable":true,"href":"https:\/\/www.biokari.sk\/en\/wp-json\/wp\/v2\/product_cat?post=11775"},{"taxonomy":"product_tag","embeddable":true,"href":"https:\/\/www.biokari.sk\/en\/wp-json\/wp\/v2\/product_tag?post=11775"}],"curies":[{"name":"wp","href":"https:\/\/api.w.org\/{rel}","templated":true}]}}