{"id":8743,"date":"2025-07-01T14:36:14","date_gmt":"2025-07-01T12:36:14","guid":{"rendered":"https:\/\/www.biokari.sk\/produkt\/dia-wellness-zmes-muky-ch-50-500g\/"},"modified":"2026-04-18T19:02:53","modified_gmt":"2026-04-18T17:02:53","slug":"dia-wellness-zmes-muky-ch-50-500g","status":"publish","type":"product","link":"https:\/\/www.biokari.sk\/en\/product\/dia-wellness-zmes-muky-ch-50-500g\/","title":{"rendered":"Dia-wellness Zmes m\u00faky CH 50% 500g"},"content":{"rendered":"<p data-start=\"0\" data-end=\"206\"><strong data-start=\"0\" data-end=\"56\">Bez vajec, bez mlieka, bez s\u00f3je, bez palmov\u00e9ho oleja<\/strong><br data-start=\"56\" data-end=\"59\" \/><strong data-start=\"59\" data-end=\"95\">Obsahuje o 50 % menej sacharidov<\/strong><br data-start=\"95\" data-end=\"98\" \/><strong data-start=\"98\" data-end=\"133\">Bohat\u00fd na vl\u00e1kninu a bielkoviny<\/strong><br data-start=\"133\" data-end=\"136\" \/>Pou\u017e\u00edva sa <strong data-start=\"147\" data-end=\"182\">rovnako ako be\u017en\u00e1 p\u0161eni\u010dn\u00e1 m\u00faka<\/strong><br data-start=\"182\" data-end=\"185\" \/><strong data-start=\"185\" data-end=\"204\">Obsahuje lepok!<\/strong><\/p>\n<p data-start=\"208\" data-end=\"271\"><strong data-start=\"208\" data-end=\"232\">Recommended use:<\/strong> na <strong data-start=\"236\" data-end=\"269\">v\u0161eobecn\u00e9 kuchynsk\u00e9 pou\u017eitie.<\/strong><\/p>\n<p data-start=\"273\" data-end=\"548\"><strong data-start=\"273\" data-end=\"286\">Composition:<\/strong> p\u0161eni\u010dn\u00e1 m\u00faka, p\u0161eni\u010dn\u00fd prote\u00edn, vl\u00e1knina (p\u0161eni\u010dn\u00e1), repkov\u00fd olej, plnidlo (polydextr\u00f3za), p\u0161eni\u010dn\u00e9 otruby, hrachov\u00fd prote\u00edn, kyselina mlie\u010dna, emulg\u00e1tor (E471), zahus\u0165ovadlo (konjakov\u00e1 guma), rezistentn\u00fd \u0161krob, zlep\u0161ovadlo m\u00faky (kyselina askorbov\u00e1), enz\u00fdmy.<\/p>\n<p data-start=\"550\" data-end=\"580\"><strong data-start=\"550\" data-end=\"569\">Country of origin:<\/strong> Ma\u010farsko<\/p>\n<p data-start=\"582\" data-end=\"849\"><strong data-start=\"582\" data-end=\"630\">Average nutritional values per 100 g of product:<\/strong><br data-start=\"630\" data-end=\"633\" \/>Energy: <strong data-start=\"642\" data-end=\"664\">1482 kJ \/ 353 kcal<\/strong><br data-start=\"664\" data-end=\"667\" \/>Tuky: <strong data-start=\"673\" data-end=\"682\">6,4 g<\/strong><br data-start=\"682\" data-end=\"685\" \/>\u2013 z toho nas\u00fdten\u00e9 mastn\u00e9 kyseliny: <strong data-start=\"720\" data-end=\"729\" data-is-only-node=\"\">0,6 g<\/strong><br data-start=\"729\" data-end=\"732\" \/>Sacharidy: <strong data-start=\"743\" data-end=\"753\">39,7 g<\/strong><br data-start=\"753\" data-end=\"756\" \/>\u2013 z toho cukry: <strong data-start=\"772\" data-end=\"781\">1,2 g<\/strong><br data-start=\"781\" data-end=\"784\" \/>Vl\u00e1knina: <strong data-start=\"794\" data-end=\"804\">19,8 g<\/strong><br data-start=\"804\" data-end=\"807\" \/>Bielkoviny: <strong data-start=\"819\" data-end=\"829\">24,3 g<\/strong><br data-start=\"829\" data-end=\"832\" \/>So\u013e: <strong data-start=\"837\" data-end=\"847\">0,08 g<\/strong><\/p>\n<p data-start=\"851\" data-end=\"925\">\u00dadaje s\u00fa <strong data-start=\"860\" data-end=\"876\">informat\u00edvne<\/strong> \u2013 v\u017edy si pre\u010d\u00edtajte etiketu na obale v\u00fdrobku.<\/p>\n<p data-start=\"927\" data-end=\"1042\" data-is-last-node=\"\" data-is-only-node=\"\"><strong data-start=\"927\" data-end=\"939\">Alerg\u00e9n:<\/strong> lepok<br data-start=\"945\" data-end=\"948\" \/><strong data-start=\"948\" data-end=\"964\">Storage:<\/strong> uchov\u00e1vajte <strong data-start=\"977\" data-end=\"1042\" data-is-last-node=\"\">na suchom, chladnom mieste, chr\u00e1nenom pred slne\u010dn\u00fdm \u017eiaren\u00edm.<\/strong><\/p>","protected":false},"excerpt":{"rendered":"<p>Bez vajec, bez mlieka, bez s\u00f3je, bez palmov\u00e9ho olejaObsahuje o 50 % menej sacharidovBohat\u00fd na vl\u00e1kninu a bielkovinyPou\u017e\u00edva sa rovnako ako be\u017en\u00e1 p\u0161eni\u010dn\u00e1 m\u00fakaObsahuje lepok! Odpor\u00fa\u010dan\u00e9 pou\u017eitie: na v\u0161eobecn\u00e9 kuchynsk\u00e9 pou\u017eitie. Zlo\u017eenie: p\u0161eni\u010dn\u00e1 m\u00faka, p\u0161eni\u010dn\u00fd prote\u00edn, vl\u00e1knina (p\u0161eni\u010dn\u00e1), repkov\u00fd olej, plnidlo (polydextr\u00f3za), p\u0161eni\u010dn\u00e9 otruby, hrachov\u00fd prote\u00edn, kyselina mlie\u010dna, emulg\u00e1tor (E471), zahus\u0165ovadlo (konjakov\u00e1 guma), rezistentn\u00fd \u0161krob, [&hellip;]<\/p>","protected":false},"featured_media":10301,"comment_status":"open","ping_status":"closed","template":"","meta":{"inline_featured_image":false},"product_brand":[],"product_cat":[71,166],"product_tag":[],"class_list":{"0":"post-8743","1":"product","2":"type-product","3":"status-publish","4":"has-post-thumbnail","6":"product_cat-potraviny","7":"product_cat-muky","9":"first","10":"instock","11":"taxable","12":"shipping-taxable","13":"purchasable","14":"product-type-simple"},"aioseo_notices":[],"_links":{"self":[{"href":"https:\/\/www.biokari.sk\/en\/wp-json\/wp\/v2\/product\/8743","targetHints":{"allow":["GET"]}}],"collection":[{"href":"https:\/\/www.biokari.sk\/en\/wp-json\/wp\/v2\/product"}],"about":[{"href":"https:\/\/www.biokari.sk\/en\/wp-json\/wp\/v2\/types\/product"}],"replies":[{"embeddable":true,"href":"https:\/\/www.biokari.sk\/en\/wp-json\/wp\/v2\/comments?post=8743"}],"wp:featuredmedia":[{"embeddable":true,"href":"https:\/\/www.biokari.sk\/en\/wp-json\/wp\/v2\/media\/10301"}],"wp:attachment":[{"href":"https:\/\/www.biokari.sk\/en\/wp-json\/wp\/v2\/media?parent=8743"}],"wp:term":[{"taxonomy":"product_brand","embeddable":true,"href":"https:\/\/www.biokari.sk\/en\/wp-json\/wp\/v2\/product_brand?post=8743"},{"taxonomy":"product_cat","embeddable":true,"href":"https:\/\/www.biokari.sk\/en\/wp-json\/wp\/v2\/product_cat?post=8743"},{"taxonomy":"product_tag","embeddable":true,"href":"https:\/\/www.biokari.sk\/en\/wp-json\/wp\/v2\/product_tag?post=8743"}],"curies":[{"name":"wp","href":"https:\/\/api.w.org\/{rel}","templated":true}]}}