{"id":8749,"date":"2025-07-01T14:36:15","date_gmt":"2025-07-01T12:36:15","guid":{"rendered":"https:\/\/www.biokari.sk\/produkt\/gyorgytea-cajova-zmes-medovka-lekarska-50g\/"},"modified":"2026-04-28T19:01:53","modified_gmt":"2026-04-28T17:01:53","slug":"gyorgytea-cajova-zmes-medovka-lekarska-50g","status":"publish","type":"product","link":"https:\/\/www.biokari.sk\/en\/product\/gyorgytea-cajova-zmes-medovka-lekarska-50g\/","title":{"rendered":"Gy\u00f6rgytea \u010cajov\u00e1 zmes &#8211; Medovka lek\u00e1rska 50g"},"content":{"rendered":"<p><strong>Burdock<\/strong> posil\u0148uje imunitn\u00fd syst\u00e9m.<\/p>\n\n\n\n<p><strong>Zlatoby\u013e oby\u010dajn\u00e1<\/strong> m\u00e1 <strong>detoxika\u010dn\u00e9, pe\u010de\u0148 o\u010dis\u0165uj\u00face a \u017el\u010dotvorn\u00e9 \u00fa\u010dinky.<\/strong><\/p>\n\n\n\n<p><strong>Medovka lek\u00e1rska<\/strong> je s\u00fa\u010das\u0165ou zmesi pre svoj <strong>upokojuj\u00faci \u00fa\u010dinok.<\/strong><\/p>\n\n\n\n<p><strong>List ostru\u017einy lesnej<\/strong> pom\u00e1ha <strong>regulova\u0165 hladinu cukru v krvi.<\/strong> Contains <strong>\u017eelezo, drasl\u00edk, v\u00e1pnik, fosfor, hor\u010d\u00edk, mang\u00e1n a me\u010f<\/strong>, ako aj <strong>vitam\u00edny A a C<\/strong>, <strong>kyselinu listov\u00fa<\/strong>, <strong>vitam\u00edny B1 a B6<\/strong>, <strong>riboflav\u00edn, kyselinu pantot\u00e9nov\u00fa a niac\u00edn.<\/strong><\/p>\n\n\n\n<p><strong>List m\u00e4ty ku\u010deravej (fodormenta)<\/strong> Supported by <strong>tr\u00e1venie.<\/strong><\/p>\n\n\n\n<p><strong>Hloh oby\u010dajn\u00fd<\/strong> Supported by <strong>\u010dinnos\u0165 srdca a cievneho syst\u00e9mu<\/strong>, udr\u017eiava <strong>elasticitu cievnych stien<\/strong> a pom\u00e1ha <strong>normalizova\u0165 vysok\u00fd krvn\u00fd tlak.<\/strong><\/p>\n\n\n\n<p><strong>List maliny lesnej<\/strong> obsahuje <strong>vitam\u00edny A, B, C, D, E<\/strong>, ako aj <strong>\u017eelezo, v\u00e1pnik, fosfor a hor\u010d\u00edk.<\/strong> Tieto l\u00e1tky <strong>posil\u0148uj\u00fa zuby, nechty, kosti, chr\u00e1nia poko\u017eku a podporuj\u00fa imunitu.<\/strong><\/p>\n\n\n\n<p><strong>Materina d\u00fa\u0161ka<\/strong> m\u00e1 <strong>dezinfek\u010dn\u00e9 a imunostimula\u010dn\u00e9 \u00fa\u010dinky.<\/strong><\/p>\n\n\n\n<p><strong>M\u00e4ta klasnat\u00e1<\/strong> operates <strong>bakteric\u00eddne, posil\u0148uje imunitu a zlep\u0161uje tr\u00e1venie.<\/strong><\/p>\n\n\n\n<p><strong>Pamajor\u00e1n oby\u010dajn\u00fd (dobromysel)<\/strong> m\u00e1 <strong>chut\u00ed povzbudzuj\u00face, spazmolytick\u00e9, antiseptick\u00e9, stimula\u010dn\u00e9, expektora\u010dn\u00e9, tr\u00e1venie podporuj\u00face, \u017el\u010dotvorn\u00e9, mierne mo\u010dopudn\u00e9 a potopudn\u00e9 \u00fa\u010dinky.<\/strong><\/p>\n\n\n\n<p><strong>Application:<\/strong> jednu zarovnan\u00fa <strong>polievkov\u00fa ly\u017eicu (3 g)<\/strong> \u010dajovej zmesi zalejte <strong>2,5 dl boiling water<\/strong>, nechajte <strong>l\u00fahova\u0165 15 min\u00fat<\/strong> a potom sce\u010fte. <strong>Nepou\u017e\u00edvajte kovov\u00e9 sitko.<\/strong> Pite <strong>pred jedlom<\/strong>, najlep\u0161ie <strong>bez pr\u00edsad.<\/strong> Odpor\u00fa\u010da sa <strong>1\u20132 \u0161\u00e1lky denne<\/strong>, \u010daj mo\u017eno pi\u0165 <strong>dlhodobo bez obmedzenia.<\/strong><\/p>\n\n\n\n<p><strong>Storage:<\/strong> po otvoren\u00ed uchov\u00e1vajte <strong>na suchom a chladnom mieste<\/strong>, dobre uzavret\u00e9 a <strong>mimo dosahu det\u00ed.<\/strong><\/p>\n\n\n\n<p><strong>Warning:<\/strong> nevhodn\u00e9 pre <strong>deti do 12 rokov.<\/strong><\/p>\n\n\n\n<p><strong>Weight:<\/strong> 50 g<\/p>","protected":false},"excerpt":{"rendered":"<p>Rep\u00edk lek\u00e1rsky posil\u0148uje imunitn\u00fd syst\u00e9m. Zlatoby\u013e oby\u010dajn\u00e1 m\u00e1 detoxika\u010dn\u00e9, pe\u010de\u0148 o\u010dis\u0165uj\u00face a \u017el\u010dotvorn\u00e9 \u00fa\u010dinky. Medovka lek\u00e1rska je s\u00fa\u010das\u0165ou zmesi pre svoj upokojuj\u00faci \u00fa\u010dinok. List ostru\u017einy lesnej pom\u00e1ha regulova\u0165 hladinu cukru v krvi. Obsahuje \u017eelezo, drasl\u00edk, v\u00e1pnik, fosfor, hor\u010d\u00edk, mang\u00e1n a me\u010f, ako aj vitam\u00edny A a C, kyselinu listov\u00fa, vitam\u00edny B1 a B6, riboflav\u00edn, kyselinu [&hellip;]<\/p>","protected":false},"featured_media":10303,"comment_status":"open","ping_status":"closed","template":"","meta":{"inline_featured_image":false},"product_brand":[274],"product_cat":[148,153,149,151,152],"product_tag":[],"class_list":{"0":"post-8749","1":"product","2":"type-product","3":"status-publish","4":"has-post-thumbnail","6":"product_brand-gyorgytea","7":"product_cat-liecive-rastliny","8":"product_cat-dychacie-cesty-liecive-rastliny","9":"product_cat-liecive-rastliny-posilnenie-imunity","10":"product_cat-srdcovo-cievny-system-liecive-rastliny","11":"product_cat-zaludok-a-crevna-cinnost-liecive-rastliny","13":"first","14":"instock","15":"taxable","16":"shipping-taxable","17":"purchasable","18":"product-type-simple"},"aioseo_notices":[],"_links":{"self":[{"href":"https:\/\/www.biokari.sk\/en\/wp-json\/wp\/v2\/product\/8749","targetHints":{"allow":["GET"]}}],"collection":[{"href":"https:\/\/www.biokari.sk\/en\/wp-json\/wp\/v2\/product"}],"about":[{"href":"https:\/\/www.biokari.sk\/en\/wp-json\/wp\/v2\/types\/product"}],"replies":[{"embeddable":true,"href":"https:\/\/www.biokari.sk\/en\/wp-json\/wp\/v2\/comments?post=8749"}],"wp:featuredmedia":[{"embeddable":true,"href":"https:\/\/www.biokari.sk\/en\/wp-json\/wp\/v2\/media\/10303"}],"wp:attachment":[{"href":"https:\/\/www.biokari.sk\/en\/wp-json\/wp\/v2\/media?parent=8749"}],"wp:term":[{"taxonomy":"product_brand","embeddable":true,"href":"https:\/\/www.biokari.sk\/en\/wp-json\/wp\/v2\/product_brand?post=8749"},{"taxonomy":"product_cat","embeddable":true,"href":"https:\/\/www.biokari.sk\/en\/wp-json\/wp\/v2\/product_cat?post=8749"},{"taxonomy":"product_tag","embeddable":true,"href":"https:\/\/www.biokari.sk\/en\/wp-json\/wp\/v2\/product_tag?post=8749"}],"curies":[{"name":"wp","href":"https:\/\/api.w.org\/{rel}","templated":true}]}}