{"id":8757,"date":"2025-07-01T14:36:16","date_gmt":"2025-07-01T12:36:16","guid":{"rendered":"https:\/\/www.biokari.sk\/produkt\/gal-komplex-uc-ii-chrupavky-kapsuly-60ks\/"},"modified":"2026-03-17T18:01:38","modified_gmt":"2026-03-17T17:01:38","slug":"gal-komplex-uc-ii-chrupavky-kapsuly-60ks","status":"publish","type":"product","link":"https:\/\/www.biokari.sk\/en\/product\/gal-komplex-uc-ii-chrupavky-kapsuly-60ks\/","title":{"rendered":"Gal Komplex UC-II chrupavky kapsuly 60ks"},"content":{"rendered":"<p data-start=\"576\" data-end=\"1007\">Tento produkt obsahuje <strong data-start=\"599\" data-end=\"618\">kolag\u00e9n typu II<\/strong> v <strong data-start=\"621\" data-end=\"658\">nemenenej (nedegenerovanej) forme<\/strong>, ako aj \u010fal\u0161ie prirodzene sa vyskytuj\u00face zlo\u017eky chrupaviek. Kolag\u00e9n je <strong data-start=\"730\" data-end=\"791\">d\u00f4le\u017eitou s\u00fa\u010das\u0165ou chrupaviek, kost\u00ed a spojivov\u00fdch tkan\u00edv<\/strong>. Produkt je doplnen\u00fd o <strong data-start=\"815\" data-end=\"828\">vitamin C<\/strong>, ktor\u00fd prispieva k <strong data-start=\"848\" data-end=\"867\">tvorbe kolag\u00e9nu<\/strong> potrebn\u00e9ho pre <strong data-start=\"883\" data-end=\"913\">spr\u00e1vnu funkciu chrupaviek<\/strong>. Obsahuje aj <strong data-start=\"927\" data-end=\"970\">organick\u00fd krem\u00edk z bambusov\u00fdch v\u00fdhonkov<\/strong> a extrakt z kurkumy <strong data-start=\"991\" data-end=\"1006\">Curcugreen\u00ae<\/strong>.<\/p>\n<p data-start=\"1009\" data-end=\"1345\"><strong data-start=\"1009\" data-end=\"1022\">Composition:<\/strong> vitam\u00edn C (L-askorbov\u00e1 kyselina), komplex z kuracieho hrudn\u00e9ho chrupavkov\u00e9ho tkaniva (UC-II\u00ae stabilizovan\u00fd nehydrolyzovan\u00fd kolag\u00e9n typu II, Chondractiv\u00ae \u010diasto\u010dne hydrolyzovan\u00fd kolag\u00e9n typu II, pr\u00edrodn\u00e9 aminoglyk\u00e1ny), extrakt z bambusov\u00fdch v\u00fdhonkov (zdroj krem\u00edka), Curcugreen\u00ae extrakt z kore\u0148a kurkumy<br data-start=\"1325\" data-end=\"1328\" \/>Kapsula: \u017eelat\u00edna<\/p>\n<p data-start=\"1347\" data-end=\"1417\"><strong data-start=\"1347\" data-end=\"1373\">Recommended dosage:<\/strong><br data-start=\"1373\" data-end=\"1376\" \/>1 kapsula <strong data-start=\"1386\" data-end=\"1403\">ve\u010der nala\u010dno<\/strong>, zapi\u0165 vodou.<\/p>\n<p data-start=\"1419\" data-end=\"1631\"><strong data-start=\"1419\" data-end=\"1435\">Warnings:<\/strong><br data-start=\"1435\" data-end=\"1438\" \/>Neprekra\u010dova\u0165 odpor\u00fa\u010dan\u00fa denn\u00fa d\u00e1vku.<br data-start=\"1475\" data-end=\"1478\" \/>V\u00fd\u017eivov\u00fd doplnok sa nesmie pou\u017e\u00edva\u0165 ako n\u00e1hrada pestrej a vyv\u00e1\u017eenej stravy a zdrav\u00e9ho \u017eivotn\u00e9ho \u0161t\u00fdlu.<br data-start=\"1580\" data-end=\"1583\" \/>Nevhodn\u00e9 pre deti.<br data-start=\"1601\" data-end=\"1604\" \/>Uchov\u00e1va\u0165 mimo dosahu det\u00ed.<\/p>\n<p data-start=\"1633\" data-end=\"1695\"><strong data-start=\"1633\" data-end=\"1649\">Storage:<\/strong><br data-start=\"1649\" data-end=\"1652\" \/>Na suchom, chladnom mieste, dobre uzavret\u00e9.<\/p>\n<p data-start=\"1697\" data-end=\"1719\"><strong data-start=\"1697\" data-end=\"1709\">Packaging:<\/strong> 60 kaps\u00fal<\/p>","protected":false},"excerpt":{"rendered":"<p>Tento produkt obsahuje kolag\u00e9n typu II v nemenenej (nedegenerovanej) forme, ako aj \u010fal\u0161ie prirodzene sa vyskytuj\u00face zlo\u017eky chrupaviek. Kolag\u00e9n je d\u00f4le\u017eitou s\u00fa\u010das\u0165ou chrupaviek, kost\u00ed a spojivov\u00fdch tkan\u00edv. Produkt je doplnen\u00fd o vitam\u00edn C, ktor\u00fd prispieva k tvorbe kolag\u00e9nu potrebn\u00e9ho pre spr\u00e1vnu funkciu chrupaviek. Obsahuje aj organick\u00fd krem\u00edk z bambusov\u00fdch v\u00fdhonkov a extrakt z kurkumy Curcugreen\u00ae. [&hellip;]<\/p>","protected":false},"featured_media":10429,"comment_status":"open","ping_status":"closed","template":"","meta":{"inline_featured_image":false},"product_brand":[113],"product_cat":[69,146],"product_tag":[],"class_list":{"0":"post-8757","1":"product","2":"type-product","3":"status-publish","4":"has-post-thumbnail","6":"product_brand-gal","7":"product_cat-vyzivove-doplnky","8":"product_cat-klby-a-reuma","10":"first","11":"instock","12":"taxable","13":"shipping-taxable","14":"purchasable","15":"product-type-simple"},"aioseo_notices":[],"_links":{"self":[{"href":"https:\/\/www.biokari.sk\/en\/wp-json\/wp\/v2\/product\/8757","targetHints":{"allow":["GET"]}}],"collection":[{"href":"https:\/\/www.biokari.sk\/en\/wp-json\/wp\/v2\/product"}],"about":[{"href":"https:\/\/www.biokari.sk\/en\/wp-json\/wp\/v2\/types\/product"}],"replies":[{"embeddable":true,"href":"https:\/\/www.biokari.sk\/en\/wp-json\/wp\/v2\/comments?post=8757"}],"wp:featuredmedia":[{"embeddable":true,"href":"https:\/\/www.biokari.sk\/en\/wp-json\/wp\/v2\/media\/10429"}],"wp:attachment":[{"href":"https:\/\/www.biokari.sk\/en\/wp-json\/wp\/v2\/media?parent=8757"}],"wp:term":[{"taxonomy":"product_brand","embeddable":true,"href":"https:\/\/www.biokari.sk\/en\/wp-json\/wp\/v2\/product_brand?post=8757"},{"taxonomy":"product_cat","embeddable":true,"href":"https:\/\/www.biokari.sk\/en\/wp-json\/wp\/v2\/product_cat?post=8757"},{"taxonomy":"product_tag","embeddable":true,"href":"https:\/\/www.biokari.sk\/en\/wp-json\/wp\/v2\/product_tag?post=8757"}],"curies":[{"name":"wp","href":"https:\/\/api.w.org\/{rel}","templated":true}]}}