{"id":8761,"date":"2025-07-01T14:36:17","date_gmt":"2025-07-01T12:36:17","guid":{"rendered":"https:\/\/www.biokari.sk\/produkt\/bioco-organicky-vapnik-d3-vitamin-90ks\/"},"modified":"2026-04-24T19:06:33","modified_gmt":"2026-04-24T17:06:33","slug":"bioco-organicky-vapnik-d3-vitamin-90ks","status":"publish","type":"product","link":"https:\/\/www.biokari.sk\/en\/product\/bioco-organicky-vapnik-d3-vitamin-90ks\/","title":{"rendered":"Bioco Organick\u00fd v\u00e1pn\u00edk + D3 vitam\u00edn 90ks"},"content":{"rendered":"<p data-start=\"113\" data-end=\"136\"><strong data-start=\"113\" data-end=\"125\">Packaging:<\/strong> 90 tabliet<\/p>\n<p data-start=\"138\" data-end=\"439\"><strong data-start=\"138\" data-end=\"156\">Popis produktu<\/strong><br data-start=\"156\" data-end=\"159\" \/>Tento v\u00fd\u017eivov\u00fd doplnok obsahuje v\u00e1pnik v\u00fdlu\u010dne vo forme <strong data-start=\"215\" data-end=\"233\">v\u00e1pnik-citr\u00e1tu<\/strong>, ktor\u00fd je organicky viazanou formou a preto sa dok\u00e1\u017ee efekt\u00edvnej\u0161ie vstreb\u00e1va\u0165. Tableta je doplnen\u00e1 <strong data-start=\"334\" data-end=\"350\">vitam\u00ednom D3<\/strong>, ktor\u00fd zohr\u00e1va rozhoduj\u00facu \u00falohu pri spr\u00e1vnej absorpcii a vyu\u017eit\u00ed v\u00e1pnika v organizme.<\/p>\n<p data-start=\"441\" data-end=\"629\">V\u00e1pnik prispieva k udr\u017eaniu zdrav\u00fdch kost\u00ed a zubov, zohr\u00e1va \u00falohu v procese zr\u00e1\u017eania krvi a podporuje spr\u00e1vnu \u010dinnos\u0165 svalov. Filmov\u00fd obal tabliet u\u013eah\u010duje preh\u013atanie a neobsahuje farbiv\u00e1.<\/p>\n<p data-start=\"631\" data-end=\"822\"><strong data-start=\"631\" data-end=\"656\">Kedy je vhodn\u00e9 u\u017e\u00edva\u0165<\/strong><br data-start=\"656\" data-end=\"659\" \/>Pri zv\u00fd\u0161enej potrebe v\u00e1pnika, u star\u0161\u00edch os\u00f4b, pri nedostatku slne\u010dn\u00e9ho \u017eiarenia, po\u010das obdobia rastu a pre osoby, ktor\u00e9 h\u013eadaj\u00fa lep\u0161ie vstrebate\u013en\u00fd zdroj v\u00e1pnika.<\/p>\n<p data-start=\"824\" data-end=\"1005\"><strong data-start=\"824\" data-end=\"849\">Odpor\u00fa\u010dan\u00e9 d\u00e1vkovanie<\/strong><br data-start=\"849\" data-end=\"852\" \/>Dospel\u00ed: <strong data-start=\"861\" data-end=\"897\">1\u20132 filmom obalen\u00e9 tablety denne<\/strong> zapi\u0165 dostato\u010dn\u00fdm mno\u017estvom tekutiny.<br data-start=\"935\" data-end=\"938\" \/>V\u00e1pnik-citr\u00e1t je vhodn\u00fd aj pri zn\u00ed\u017eenej tvorbe \u017eal\u00fado\u010dnej kyseliny.<\/p>\n<p data-start=\"1007\" data-end=\"1198\"><strong data-start=\"1007\" data-end=\"1019\">Composition<\/strong><br data-start=\"1019\" data-end=\"1022\" \/>V\u00e1pnik-citr\u00e1t, polevov\u00e9 l\u00e1tky (mastn\u00e9 kyseliny, polyvinylalkohol, polyetyl\u00e9nglykol), plniv\u00e1 (mikrokry\u0161talick\u00e1 celul\u00f3za), protihrudkuj\u00face l\u00e1tky (oxid kremi\u010dit\u00fd), kolekalciferol.<\/p>\n<p data-start=\"1200\" data-end=\"1318\"><strong data-start=\"1200\" data-end=\"1254\">V\u00fd\u017eivov\u00e9 \u00fadaje \u2013 obsah akt\u00edvnych l\u00e1tok v 1 tablete<\/strong><br data-start=\"1254\" data-end=\"1257\" \/>Vitam\u00edn D3: 5 \u03bcg (200 IU)<br data-start=\"1282\" data-end=\"1285\" \/>V\u00e1pnik (z v\u00e1pnik-citr\u00e1tu): 200 mg<\/p>\n<p data-start=\"1320\" data-end=\"1520\"><strong data-start=\"1320\" data-end=\"1335\">Upozornenia<\/strong><br data-start=\"1335\" data-end=\"1338\" \/>A dietary supplement is not a substitute for a varied and balanced diet or a healthy lifestyle.<br data-start=\"1415\" data-end=\"1418\" \/>Neprekra\u010dova\u0165 odpor\u00fa\u010dan\u00fa denn\u00fa d\u00e1vku.<br data-start=\"1455\" data-end=\"1458\" \/>Uchov\u00e1va\u0165 mimo dosahu mal\u00fdch det\u00ed.<br data-start=\"1492\" data-end=\"1495\" \/>Nevhodn\u00e9 pre mal\u00e9 deti.<\/p>\n<p data-start=\"1522\" data-end=\"1612\"><strong data-start=\"1522\" data-end=\"1537\">Storage<\/strong><br data-start=\"1537\" data-end=\"1540\" \/>Uchov\u00e1va\u0165 na suchom a tmavom mieste pri izbovej teplote, dobre uzavret\u00e9.<\/p>","protected":false},"excerpt":{"rendered":"<p>Balenie: 90 tabliet Popis produktuTento v\u00fd\u017eivov\u00fd doplnok obsahuje v\u00e1pnik v\u00fdlu\u010dne vo forme v\u00e1pnik-citr\u00e1tu, ktor\u00fd je organicky viazanou formou a preto sa dok\u00e1\u017ee efekt\u00edvnej\u0161ie vstreb\u00e1va\u0165. Tableta je doplnen\u00e1 vitam\u00ednom D3, ktor\u00fd zohr\u00e1va rozhoduj\u00facu \u00falohu pri spr\u00e1vnej absorpcii a vyu\u017eit\u00ed v\u00e1pnika v organizme. V\u00e1pnik prispieva k udr\u017eaniu zdrav\u00fdch kost\u00ed a zubov, zohr\u00e1va \u00falohu v procese zr\u00e1\u017eania krvi [&hellip;]<\/p>","protected":false},"featured_media":10445,"comment_status":"open","ping_status":"closed","template":"","meta":{"inline_featured_image":false},"product_brand":[305],"product_cat":[69,146,140],"product_tag":[],"class_list":{"0":"post-8761","1":"product","2":"type-product","3":"status-publish","4":"has-post-thumbnail","6":"product_brand-bioco","7":"product_cat-vyzivove-doplnky","8":"product_cat-klby-a-reuma","9":"product_cat-posilnenie-imunity","11":"first","12":"instock","13":"taxable","14":"shipping-taxable","15":"purchasable","16":"product-type-simple"},"aioseo_notices":[],"_links":{"self":[{"href":"https:\/\/www.biokari.sk\/en\/wp-json\/wp\/v2\/product\/8761","targetHints":{"allow":["GET"]}}],"collection":[{"href":"https:\/\/www.biokari.sk\/en\/wp-json\/wp\/v2\/product"}],"about":[{"href":"https:\/\/www.biokari.sk\/en\/wp-json\/wp\/v2\/types\/product"}],"replies":[{"embeddable":true,"href":"https:\/\/www.biokari.sk\/en\/wp-json\/wp\/v2\/comments?post=8761"}],"wp:featuredmedia":[{"embeddable":true,"href":"https:\/\/www.biokari.sk\/en\/wp-json\/wp\/v2\/media\/10445"}],"wp:attachment":[{"href":"https:\/\/www.biokari.sk\/en\/wp-json\/wp\/v2\/media?parent=8761"}],"wp:term":[{"taxonomy":"product_brand","embeddable":true,"href":"https:\/\/www.biokari.sk\/en\/wp-json\/wp\/v2\/product_brand?post=8761"},{"taxonomy":"product_cat","embeddable":true,"href":"https:\/\/www.biokari.sk\/en\/wp-json\/wp\/v2\/product_cat?post=8761"},{"taxonomy":"product_tag","embeddable":true,"href":"https:\/\/www.biokari.sk\/en\/wp-json\/wp\/v2\/product_tag?post=8761"}],"curies":[{"name":"wp","href":"https:\/\/api.w.org\/{rel}","templated":true}]}}